{"id":80,"date":"2016-10-03T12:40:38","date_gmt":"2016-10-03T10:40:38","guid":{"rendered":"http:\/\/artsvivantscieparadisiaque.fr\/?page_id=80"},"modified":"2017-11-10T15:41:10","modified_gmt":"2017-11-10T14:41:10","slug":"photos","status":"publish","type":"page","link":"https:\/\/artsvivantscieparadisiaque.fr\/index.php\/photos\/","title":{"rendered":"Photos"},"content":{"rendered":"<h4 style=\"text-align: left;\"><strong>\u00a0\u00a0\u00a0\u00a0\u00a0\u00a0\u00a0\u00a0\u00a0\u00a0\u00a0\u00a0\u00a0\u00a0\u00a0\u00a0\u00a0\u00a0\u00a0\u00a0\u00a0\u00a0\u00a0 Ateliers Th\u00e9\u00e2tre \u00e0 l&rsquo;ann\u00e9e <a href=\"http:\/\/artsvivantscieparadisiaque.fr\/\"><img loading=\"lazy\" decoding=\"async\" class=\"wp-image-1102 alignright\" src=\"http:\/\/artsvivantscieparadisiaque.fr\/wp-content\/uploads\/2017\/10\/bouton-retour-595x229.png\" alt=\"\" width=\"83\" height=\"32\" srcset=\"https:\/\/artsvivantscieparadisiaque.fr\/wp-content\/uploads\/2017\/10\/bouton-retour-595x229.png 595w, https:\/\/artsvivantscieparadisiaque.fr\/wp-content\/uploads\/2017\/10\/bouton-retour.png 600w\" sizes=\"(max-width: 83px) 100vw, 83px\" \/><\/a><br \/>\n<\/strong><\/h4>\n<style type=\"text\/css\">.easingslider-892 { max-width: 600px; }.easingslider-892 .easingslider-image { max-height: 399px; max-width: 600px; }.easingslider-892 .easingslider-fade-in, .easingslider-fade-out { -webkit-animation-duration: 400ms; -moz-animation-duration: 400ms; animation-duration: 400ms; }<\/style><script type=\"text\/javascript\">window.EasingSlider892 = {\"width\":600,\"height\":399,\"singleItem\":true,\"items\":1,\"itemsDesktop\":false,\"itemsDesktopSmall\":false,\"itemsTablet\":false,\"itemsTabletSmall\":false,\"itemsMobile\":false,\"responsive\":true,\"lazyLoad\":true,\"autoPlay\":4000,\"slideSpeed\":400,\"navigation\":true,\"navigationText\":[\"\",\"\"],\"pagination\":false,\"autoHeight\":false,\"mouseDrag\":false,\"touchDrag\":false,\"addClassActive\":true,\"transitionStyle\":\"fade\"};<\/script><div data-id=\"892\" class=\"easingslider easingslider-892 easingslider-container easingslider-resizing-enabled easingslider-aspect-ratio easingslider-arrows-inside\"><div class=\"easingslider-slide\"><img decoding=\"async\" src=\"https:\/\/artsvivantscieparadisiaque.fr\/wp-content\/plugins\/easing-slider\/assets\/images\/placeholder-pixel.png\" data-src=\"https:\/\/artsvivantscieparadisiaque.fr\/wp-content\/uploads\/2017\/10\/IMG_1301-600x399.jpg\" alt=\"\" title=\"\" class=\"easingslider-image easingslider-lazy\" \/><\/div><div class=\"easingslider-slide\"><img decoding=\"async\" src=\"https:\/\/artsvivantscieparadisiaque.fr\/wp-content\/plugins\/easing-slider\/assets\/images\/placeholder-pixel.png\" data-src=\"https:\/\/artsvivantscieparadisiaque.fr\/wp-content\/uploads\/2017\/10\/Image-1-600x399.jpg\" alt=\"\" title=\"\" class=\"easingslider-image easingslider-lazy\" \/><\/div><div class=\"easingslider-slide\"><img decoding=\"async\" src=\"https:\/\/artsvivantscieparadisiaque.fr\/wp-content\/plugins\/easing-slider\/assets\/images\/placeholder-pixel.png\" data-src=\"https:\/\/artsvivantscieparadisiaque.fr\/wp-content\/uploads\/2017\/10\/IMG_3165-600x399.jpg\" alt=\"\" title=\"\" class=\"easingslider-image easingslider-lazy\" \/><\/div><div class=\"easingslider-slide\"><img decoding=\"async\" src=\"https:\/\/artsvivantscieparadisiaque.fr\/wp-content\/plugins\/easing-slider\/assets\/images\/placeholder-pixel.png\" data-src=\"https:\/\/artsvivantscieparadisiaque.fr\/wp-content\/uploads\/2017\/10\/IMG_2746-600x399.jpg\" alt=\"\" title=\"\" class=\"easingslider-image easingslider-lazy\" \/><\/div><div class=\"easingslider-slide\"><img decoding=\"async\" src=\"https:\/\/artsvivantscieparadisiaque.fr\/wp-content\/plugins\/easing-slider\/assets\/images\/placeholder-pixel.png\" data-src=\"https:\/\/artsvivantscieparadisiaque.fr\/wp-content\/uploads\/2017\/10\/IMG_2769-600x399.jpg\" alt=\"\" title=\"\" class=\"easingslider-image easingslider-lazy\" \/><\/div><div class=\"easingslider-slide\"><img decoding=\"async\" src=\"https:\/\/artsvivantscieparadisiaque.fr\/wp-content\/plugins\/easing-slider\/assets\/images\/placeholder-pixel.png\" data-src=\"https:\/\/artsvivantscieparadisiaque.fr\/wp-content\/uploads\/2017\/10\/IMG_2748-600x399.jpg\" alt=\"\" title=\"\" class=\"easingslider-image easingslider-lazy\" \/><\/div><div class=\"easingslider-slide\"><img decoding=\"async\" src=\"https:\/\/artsvivantscieparadisiaque.fr\/wp-content\/plugins\/easing-slider\/assets\/images\/placeholder-pixel.png\" data-src=\"https:\/\/artsvivantscieparadisiaque.fr\/wp-content\/uploads\/2017\/10\/IMG_2733-600x399.jpg\" alt=\"\" title=\"\" class=\"easingslider-image easingslider-lazy\" \/><\/div><div class=\"easingslider-slide\"><img decoding=\"async\" src=\"https:\/\/artsvivantscieparadisiaque.fr\/wp-content\/plugins\/easing-slider\/assets\/images\/placeholder-pixel.png\" data-src=\"https:\/\/artsvivantscieparadisiaque.fr\/wp-content\/uploads\/2017\/10\/ALBATROS-600x399.jpg\" alt=\"\" title=\"\" class=\"easingslider-image easingslider-lazy\" \/><\/div><div class=\"easingslider-slide\"><img decoding=\"async\" src=\"https:\/\/artsvivantscieparadisiaque.fr\/wp-content\/plugins\/easing-slider\/assets\/images\/placeholder-pixel.png\" data-src=\"https:\/\/artsvivantscieparadisiaque.fr\/wp-content\/uploads\/2017\/10\/IMG_2761-600x399.jpg\" alt=\"\" title=\"\" class=\"easingslider-image easingslider-lazy\" \/><\/div><div class=\"easingslider-slide\"><img decoding=\"async\" src=\"https:\/\/artsvivantscieparadisiaque.fr\/wp-content\/plugins\/easing-slider\/assets\/images\/placeholder-pixel.png\" data-src=\"https:\/\/artsvivantscieparadisiaque.fr\/wp-content\/uploads\/2017\/10\/Catourne20parMrPhoto-600x399.jpg\" alt=\"\" title=\"\" class=\"easingslider-image easingslider-lazy\" \/><\/div><div class=\"easingslider-slide\"><img decoding=\"async\" src=\"https:\/\/artsvivantscieparadisiaque.fr\/wp-content\/plugins\/easing-slider\/assets\/images\/placeholder-pixel.png\" data-src=\"https:\/\/artsvivantscieparadisiaque.fr\/wp-content\/uploads\/2017\/10\/Catourne10parMrPhoto-600x399.jpg\" alt=\"\" title=\"\" class=\"easingslider-image easingslider-lazy\" \/><\/div><div class=\"easingslider-slide\"><img decoding=\"async\" src=\"https:\/\/artsvivantscieparadisiaque.fr\/wp-content\/plugins\/easing-slider\/assets\/images\/placeholder-pixel.png\" data-src=\"https:\/\/artsvivantscieparadisiaque.fr\/wp-content\/uploads\/2017\/10\/Lepetitchaperonrouge16parMrPhotocopie-600x399.jpg\" alt=\"\" title=\"\" class=\"easingslider-image easingslider-lazy\" \/><\/div><div class=\"easingslider-slide\"><img decoding=\"async\" src=\"https:\/\/artsvivantscieparadisiaque.fr\/wp-content\/plugins\/easing-slider\/assets\/images\/placeholder-pixel.png\" data-src=\"https:\/\/artsvivantscieparadisiaque.fr\/wp-content\/uploads\/2017\/10\/Catourne19parMrPhoto-600x399.jpg\" alt=\"\" title=\"\" class=\"easingslider-image easingslider-lazy\" \/><\/div><div class=\"easingslider-slide\"><img decoding=\"async\" src=\"https:\/\/artsvivantscieparadisiaque.fr\/wp-content\/plugins\/easing-slider\/assets\/images\/placeholder-pixel.png\" data-src=\"https:\/\/artsvivantscieparadisiaque.fr\/wp-content\/uploads\/2017\/10\/IMG_2776-600x399.jpg\" alt=\"\" title=\"\" class=\"easingslider-image easingslider-lazy\" \/><\/div><div class=\"easingslider-slide\"><img decoding=\"async\" src=\"https:\/\/artsvivantscieparadisiaque.fr\/wp-content\/plugins\/easing-slider\/assets\/images\/placeholder-pixel.png\" data-src=\"https:\/\/artsvivantscieparadisiaque.fr\/wp-content\/uploads\/2017\/10\/Lepetitchaperonrouge22parMrPhotocopie-600x399.jpg\" alt=\"\" title=\"\" class=\"easingslider-image easingslider-lazy\" \/><\/div><div class=\"easingslider-slide\"><img decoding=\"async\" src=\"https:\/\/artsvivantscieparadisiaque.fr\/wp-content\/plugins\/easing-slider\/assets\/images\/placeholder-pixel.png\" data-src=\"https:\/\/artsvivantscieparadisiaque.fr\/wp-content\/uploads\/2017\/10\/IMG_2781-600x399.jpg\" alt=\"\" title=\"\" class=\"easingslider-image easingslider-lazy\" \/><\/div><div class=\"easingslider-slide\"><img decoding=\"async\" src=\"https:\/\/artsvivantscieparadisiaque.fr\/wp-content\/plugins\/easing-slider\/assets\/images\/placeholder-pixel.png\" data-src=\"https:\/\/artsvivantscieparadisiaque.fr\/wp-content\/uploads\/2017\/10\/Catourne11parMrPhoto-600x399.jpg\" alt=\"\" title=\"\" class=\"easingslider-image easingslider-lazy\" \/><\/div><div class=\"easingslider-slide\"><img decoding=\"async\" src=\"https:\/\/artsvivantscieparadisiaque.fr\/wp-content\/plugins\/easing-slider\/assets\/images\/placeholder-pixel.png\" data-src=\"https:\/\/artsvivantscieparadisiaque.fr\/wp-content\/uploads\/2017\/10\/Lepetitchaperonrouge04parMrPhotocopie-600x399.jpg\" alt=\"\" title=\"\" class=\"easingslider-image easingslider-lazy\" \/><\/div><div class=\"easingslider-slide\"><img decoding=\"async\" src=\"https:\/\/artsvivantscieparadisiaque.fr\/wp-content\/plugins\/easing-slider\/assets\/images\/placeholder-pixel.png\" data-src=\"https:\/\/artsvivantscieparadisiaque.fr\/wp-content\/uploads\/2017\/10\/Lepetitchaperonrouge11parMrPhotocopie-600x399.jpg\" alt=\"\" title=\"\" class=\"easingslider-image easingslider-lazy\" \/><\/div><div class=\"easingslider-slide\"><img decoding=\"async\" src=\"https:\/\/artsvivantscieparadisiaque.fr\/wp-content\/plugins\/easing-slider\/assets\/images\/placeholder-pixel.png\" data-src=\"https:\/\/artsvivantscieparadisiaque.fr\/wp-content\/uploads\/2017\/10\/Lepetitchaperonrouge07parMrPhotocopie-600x399.jpg\" alt=\"\" title=\"\" class=\"easingslider-image easingslider-lazy\" \/><\/div><div class=\"easingslider-slide\"><img decoding=\"async\" src=\"https:\/\/artsvivantscieparadisiaque.fr\/wp-content\/plugins\/easing-slider\/assets\/images\/placeholder-pixel.png\" data-src=\"https:\/\/artsvivantscieparadisiaque.fr\/wp-content\/uploads\/2017\/10\/113-600x399.jpg\" alt=\"\" title=\"\" class=\"easingslider-image easingslider-lazy\" \/><\/div><div class=\"easingslider-slide\"><img decoding=\"async\" src=\"https:\/\/artsvivantscieparadisiaque.fr\/wp-content\/plugins\/easing-slider\/assets\/images\/placeholder-pixel.png\" data-src=\"https:\/\/artsvivantscieparadisiaque.fr\/wp-content\/uploads\/2017\/10\/101-600x399.jpg\" alt=\"\" title=\"\" class=\"easingslider-image easingslider-lazy\" \/><\/div><div class=\"easingslider-slide\"><img decoding=\"async\" src=\"https:\/\/artsvivantscieparadisiaque.fr\/wp-content\/plugins\/easing-slider\/assets\/images\/placeholder-pixel.png\" data-src=\"https:\/\/artsvivantscieparadisiaque.fr\/wp-content\/uploads\/2017\/10\/057-600x399.jpg\" alt=\"\" title=\"\" class=\"easingslider-image easingslider-lazy\" \/><\/div><div class=\"easingslider-slide\"><img decoding=\"async\" src=\"https:\/\/artsvivantscieparadisiaque.fr\/wp-content\/plugins\/easing-slider\/assets\/images\/placeholder-pixel.png\" data-src=\"https:\/\/artsvivantscieparadisiaque.fr\/wp-content\/uploads\/2017\/10\/125-600x399.jpg\" alt=\"\" title=\"\" class=\"easingslider-image easingslider-lazy\" \/><\/div><div class=\"easingslider-slide\"><img decoding=\"async\" src=\"https:\/\/artsvivantscieparadisiaque.fr\/wp-content\/plugins\/easing-slider\/assets\/images\/placeholder-pixel.png\" data-src=\"https:\/\/artsvivantscieparadisiaque.fr\/wp-content\/uploads\/2017\/10\/072-600x399.jpg\" alt=\"\" title=\"\" class=\"easingslider-image easingslider-lazy\" \/><\/div><div class=\"easingslider-slide\"><img decoding=\"async\" src=\"https:\/\/artsvivantscieparadisiaque.fr\/wp-content\/plugins\/easing-slider\/assets\/images\/placeholder-pixel.png\" data-src=\"https:\/\/artsvivantscieparadisiaque.fr\/wp-content\/uploads\/2017\/10\/050-600x399.jpg\" alt=\"\" title=\"\" class=\"easingslider-image easingslider-lazy\" \/><\/div><div class=\"easingslider-slide\"><img decoding=\"async\" src=\"https:\/\/artsvivantscieparadisiaque.fr\/wp-content\/plugins\/easing-slider\/assets\/images\/placeholder-pixel.png\" data-src=\"https:\/\/artsvivantscieparadisiaque.fr\/wp-content\/uploads\/2017\/10\/058-600x399.jpg\" alt=\"\" title=\"\" class=\"easingslider-image easingslider-lazy\" \/><\/div><div class=\"easingslider-slide\"><img decoding=\"async\" src=\"https:\/\/artsvivantscieparadisiaque.fr\/wp-content\/plugins\/easing-slider\/assets\/images\/placeholder-pixel.png\" data-src=\"https:\/\/artsvivantscieparadisiaque.fr\/wp-content\/uploads\/2017\/10\/048-600x399.jpg\" alt=\"\" title=\"\" class=\"easingslider-image easingslider-lazy\" \/><\/div><div class=\"easingslider-slide\"><img decoding=\"async\" src=\"https:\/\/artsvivantscieparadisiaque.fr\/wp-content\/plugins\/easing-slider\/assets\/images\/placeholder-pixel.png\" data-src=\"https:\/\/artsvivantscieparadisiaque.fr\/wp-content\/uploads\/2017\/10\/Image-3-600x399.jpg\" alt=\"\" title=\"\" class=\"easingslider-image easingslider-lazy\" \/><\/div><\/div>\n<h4><\/h4>\n<p>&nbsp;<\/p>\n<h4><strong>\u00a0\u00a0\u00a0\u00a0\u00a0\u00a0\u00a0\u00a0\u00a0\u00a0\u00a0\u00a0\u00a0\u00a0\u00a0\u00a0\u00a0 Archives des spectacles d&rsquo;ateliers<\/strong><\/h4>\n<style type=\"text\/css\">.easingslider-949 { max-width: 600px; }.easingslider-949 .easingslider-image { max-height: 399px; max-width: 600px; }.easingslider-949 .easingslider-fade-in, .easingslider-fade-out { -webkit-animation-duration: 400ms; -moz-animation-duration: 400ms; animation-duration: 400ms; }<\/style><script type=\"text\/javascript\">window.EasingSlider949 = {\"width\":600,\"height\":399,\"singleItem\":true,\"items\":1,\"itemsDesktop\":false,\"itemsDesktopSmall\":false,\"itemsTablet\":false,\"itemsTabletSmall\":false,\"itemsMobile\":false,\"responsive\":true,\"lazyLoad\":true,\"autoPlay\":4000,\"slideSpeed\":400,\"navigation\":true,\"navigationText\":[\"\",\"\"],\"pagination\":true,\"autoHeight\":false,\"mouseDrag\":false,\"touchDrag\":false,\"addClassActive\":true,\"transitionStyle\":\"fade\"};<\/script><div data-id=\"949\" class=\"easingslider easingslider-949 easingslider-container easingslider-resizing-enabled easingslider-aspect-ratio easingslider-arrows-inside easingslider-pagination-inside easingslider-pagination-bottom-center\"><div class=\"easingslider-slide\"><img decoding=\"async\" src=\"https:\/\/artsvivantscieparadisiaque.fr\/wp-content\/plugins\/easing-slider\/assets\/images\/placeholder-pixel.png\" data-src=\"https:\/\/artsvivantscieparadisiaque.fr\/wp-content\/uploads\/2017\/10\/AFF_13_YASSER-1-600x399.png\" alt=\"\" title=\"\" class=\"easingslider-image easingslider-lazy\" \/><\/div><div class=\"easingslider-slide\"><img decoding=\"async\" src=\"https:\/\/artsvivantscieparadisiaque.fr\/wp-content\/plugins\/easing-slider\/assets\/images\/placeholder-pixel.png\" data-src=\"https:\/\/artsvivantscieparadisiaque.fr\/wp-content\/uploads\/2017\/10\/AFF_16_LA-NOCE-1-600x399.png\" alt=\"\" title=\"\" class=\"easingslider-image easingslider-lazy\" \/><\/div><div class=\"easingslider-slide\"><img decoding=\"async\" src=\"https:\/\/artsvivantscieparadisiaque.fr\/wp-content\/plugins\/easing-slider\/assets\/images\/placeholder-pixel.png\" data-src=\"https:\/\/artsvivantscieparadisiaque.fr\/wp-content\/uploads\/2017\/10\/AFF_17_MON-AMI-LE-BANC-1-600x399.png\" alt=\"\" title=\"\" class=\"easingslider-image easingslider-lazy\" \/><\/div><div class=\"easingslider-slide\"><img decoding=\"async\" src=\"https:\/\/artsvivantscieparadisiaque.fr\/wp-content\/plugins\/easing-slider\/assets\/images\/placeholder-pixel.png\" data-src=\"https:\/\/artsvivantscieparadisiaque.fr\/wp-content\/uploads\/2017\/10\/AFF_15_POUCET-1-600x399.png\" alt=\"\" title=\"\" class=\"easingslider-image easingslider-lazy\" \/><\/div><div class=\"easingslider-slide\"><img decoding=\"async\" src=\"https:\/\/artsvivantscieparadisiaque.fr\/wp-content\/plugins\/easing-slider\/assets\/images\/placeholder-pixel.png\" data-src=\"https:\/\/artsvivantscieparadisiaque.fr\/wp-content\/uploads\/2017\/10\/AFF_14_FAMILLES-1-600x399.png\" alt=\"\" title=\"\" class=\"easingslider-image easingslider-lazy\" \/><\/div><div class=\"easingslider-slide\"><img decoding=\"async\" src=\"https:\/\/artsvivantscieparadisiaque.fr\/wp-content\/plugins\/easing-slider\/assets\/images\/placeholder-pixel.png\" data-src=\"https:\/\/artsvivantscieparadisiaque.fr\/wp-content\/uploads\/2017\/10\/AFF_16_PETIT-CHAPERON-1-600x399.png\" alt=\"\" title=\"\" class=\"easingslider-image easingslider-lazy\" \/><\/div><div class=\"easingslider-slide\"><img decoding=\"async\" src=\"https:\/\/artsvivantscieparadisiaque.fr\/wp-content\/plugins\/easing-slider\/assets\/images\/placeholder-pixel.png\" data-src=\"https:\/\/artsvivantscieparadisiaque.fr\/wp-content\/uploads\/2017\/10\/AFF_17_PAS-PERDUS-1-1-600x399.png\" alt=\"\" title=\"\" class=\"easingslider-image easingslider-lazy\" \/><\/div><div class=\"easingslider-slide\"><img decoding=\"async\" src=\"https:\/\/artsvivantscieparadisiaque.fr\/wp-content\/plugins\/easing-slider\/assets\/images\/placeholder-pixel.png\" data-src=\"https:\/\/artsvivantscieparadisiaque.fr\/wp-content\/uploads\/2017\/10\/AFF_16_C\u0327A-TOURNE-1-600x399.png\" alt=\"\" title=\"\" class=\"easingslider-image easingslider-lazy\" \/><\/div><div class=\"easingslider-slide\"><img decoding=\"async\" src=\"https:\/\/artsvivantscieparadisiaque.fr\/wp-content\/plugins\/easing-slider\/assets\/images\/placeholder-pixel.png\" data-src=\"https:\/\/artsvivantscieparadisiaque.fr\/wp-content\/uploads\/2017\/10\/AFF_15_12-CAMPEURS-1-600x399.png\" alt=\"\" title=\"\" class=\"easingslider-image easingslider-lazy\" \/><\/div><div class=\"easingslider-slide\"><img decoding=\"async\" src=\"https:\/\/artsvivantscieparadisiaque.fr\/wp-content\/plugins\/easing-slider\/assets\/images\/placeholder-pixel.png\" data-src=\"https:\/\/artsvivantscieparadisiaque.fr\/wp-content\/uploads\/2017\/10\/AFF_15_LES-ANGES-1-600x399.png\" alt=\"\" title=\"\" class=\"easingslider-image easingslider-lazy\" \/><\/div><div class=\"easingslider-slide\"><img decoding=\"async\" src=\"https:\/\/artsvivantscieparadisiaque.fr\/wp-content\/plugins\/easing-slider\/assets\/images\/placeholder-pixel.png\" data-src=\"https:\/\/artsvivantscieparadisiaque.fr\/wp-content\/uploads\/2017\/10\/AFF_17_LM-LM-LR-1-600x399.png\" alt=\"\" title=\"\" class=\"easingslider-image easingslider-lazy\" \/><\/div><div class=\"easingslider-slide\"><img decoding=\"async\" src=\"https:\/\/artsvivantscieparadisiaque.fr\/wp-content\/plugins\/easing-slider\/assets\/images\/placeholder-pixel.png\" data-src=\"https:\/\/artsvivantscieparadisiaque.fr\/wp-content\/uploads\/2017\/10\/AFF_14_ENQUE\u0302TE-1-600x399.png\" alt=\"\" title=\"\" class=\"easingslider-image easingslider-lazy\" \/><\/div><div class=\"easingslider-slide\"><img decoding=\"async\" src=\"https:\/\/artsvivantscieparadisiaque.fr\/wp-content\/plugins\/easing-slider\/assets\/images\/placeholder-pixel.png\" data-src=\"https:\/\/artsvivantscieparadisiaque.fr\/wp-content\/uploads\/2017\/10\/AFF_14_CENDRILLON-1-600x399.png\" alt=\"\" title=\"\" class=\"easingslider-image easingslider-lazy\" \/><\/div><div class=\"easingslider-slide\"><img decoding=\"async\" src=\"https:\/\/artsvivantscieparadisiaque.fr\/wp-content\/plugins\/easing-slider\/assets\/images\/placeholder-pixel.png\" data-src=\"https:\/\/artsvivantscieparadisiaque.fr\/wp-content\/uploads\/2017\/10\/AFF_13_ALBATROS-1-600x399.png\" alt=\"\" title=\"\" class=\"easingslider-image easingslider-lazy\" \/><\/div><div class=\"easingslider-slide\"><img decoding=\"async\" src=\"https:\/\/artsvivantscieparadisiaque.fr\/wp-content\/plugins\/easing-slider\/assets\/images\/placeholder-pixel.png\" data-src=\"https:\/\/artsvivantscieparadisiaque.fr\/wp-content\/uploads\/2017\/10\/AFF_13_CABARET-1-600x399.png\" alt=\"\" title=\"\" class=\"easingslider-image easingslider-lazy\" \/><\/div><div class=\"easingslider-slide\"><img decoding=\"async\" src=\"https:\/\/artsvivantscieparadisiaque.fr\/wp-content\/plugins\/easing-slider\/assets\/images\/placeholder-pixel.png\" data-src=\"https:\/\/artsvivantscieparadisiaque.fr\/wp-content\/uploads\/2017\/10\/AFF_15_12-HOMMES-1-600x399.png\" alt=\"\" title=\"\" class=\"easingslider-image easingslider-lazy\" \/><\/div><div class=\"easingslider-slide\"><img decoding=\"async\" src=\"https:\/\/artsvivantscieparadisiaque.fr\/wp-content\/plugins\/easing-slider\/assets\/images\/placeholder-pixel.png\" data-src=\"https:\/\/artsvivantscieparadisiaque.fr\/wp-content\/uploads\/2018\/11\/AFF_18_LA-SORCIERE-LE-REVE-FOU-1-600x399.jpeg\" alt=\"\" title=\"\" class=\"easingslider-image easingslider-lazy\" \/><\/div><div class=\"easingslider-slide\"><img decoding=\"async\" src=\"https:\/\/artsvivantscieparadisiaque.fr\/wp-content\/plugins\/easing-slider\/assets\/images\/placeholder-pixel.png\" data-src=\"https:\/\/artsvivantscieparadisiaque.fr\/wp-content\/uploads\/2018\/11\/AFF_18_LE-PLUS-FORT-1-1-600x399.jpeg\" alt=\"\" title=\"\" class=\"easingslider-image easingslider-lazy\" \/><\/div><div class=\"easingslider-slide\"><img decoding=\"async\" src=\"https:\/\/artsvivantscieparadisiaque.fr\/wp-content\/plugins\/easing-slider\/assets\/images\/placeholder-pixel.png\" data-src=\"https:\/\/artsvivantscieparadisiaque.fr\/wp-content\/uploads\/2018\/11\/AFF_18_CENT-CULOTTES-SANS-PAPIERS-1-600x399.jpeg\" alt=\"\" title=\"\" class=\"easingslider-image easingslider-lazy\" \/><\/div><div class=\"easingslider-slide\"><img decoding=\"async\" src=\"https:\/\/artsvivantscieparadisiaque.fr\/wp-content\/plugins\/easing-slider\/assets\/images\/placeholder-pixel.png\" data-src=\"https:\/\/artsvivantscieparadisiaque.fr\/wp-content\/uploads\/2018\/11\/AFF18_A-MUSEE-600x399.jpg\" alt=\"\" title=\"\" class=\"easingslider-image easingslider-lazy\" \/><\/div><\/div>\n<h4 style=\"text-align: left;\"><strong><br \/>\n<\/strong><\/h4>\n<h3 style=\"text-align: left;\"><strong><br \/>\n<\/strong><\/h3>\n","protected":false},"excerpt":{"rendered":"<p>\u00a0\u00a0\u00a0\u00a0\u00a0\u00a0\u00a0\u00a0\u00a0\u00a0\u00a0\u00a0\u00a0\u00a0\u00a0\u00a0\u00a0\u00a0\u00a0\u00a0\u00a0\u00a0\u00a0 Ateliers Th\u00e9\u00e2tre \u00e0 l&rsquo;ann\u00e9e &nbsp; \u00a0\u00a0\u00a0\u00a0\u00a0\u00a0\u00a0\u00a0\u00a0\u00a0\u00a0\u00a0\u00a0\u00a0\u00a0\u00a0\u00a0 Archives des spectacles d&rsquo;ateliers<\/p>\n","protected":false},"author":1,"featured_media":180,"parent":0,"menu_order":0,"comment_status":"closed","ping_status":"closed","template":"","meta":{"footnotes":""},"aioseo_notices":[],"_links":{"self":[{"href":"https:\/\/artsvivantscieparadisiaque.fr\/index.php\/wp-json\/wp\/v2\/pages\/80"}],"collection":[{"href":"https:\/\/artsvivantscieparadisiaque.fr\/index.php\/wp-json\/wp\/v2\/pages"}],"about":[{"href":"https:\/\/artsvivantscieparadisiaque.fr\/index.php\/wp-json\/wp\/v2\/types\/page"}],"author":[{"embeddable":true,"href":"https:\/\/artsvivantscieparadisiaque.fr\/index.php\/wp-json\/wp\/v2\/users\/1"}],"replies":[{"embeddable":true,"href":"https:\/\/artsvivantscieparadisiaque.fr\/index.php\/wp-json\/wp\/v2\/comments?post=80"}],"version-history":[{"count":17,"href":"https:\/\/artsvivantscieparadisiaque.fr\/index.php\/wp-json\/wp\/v2\/pages\/80\/revisions"}],"predecessor-version":[{"id":1500,"href":"https:\/\/artsvivantscieparadisiaque.fr\/index.php\/wp-json\/wp\/v2\/pages\/80\/revisions\/1500"}],"wp:featuredmedia":[{"embeddable":true,"href":"https:\/\/artsvivantscieparadisiaque.fr\/index.php\/wp-json\/wp\/v2\/media\/180"}],"wp:attachment":[{"href":"https:\/\/artsvivantscieparadisiaque.fr\/index.php\/wp-json\/wp\/v2\/media?parent=80"}],"curies":[{"name":"wp","href":"https:\/\/api.w.org\/{rel}","templated":true}]}}