{"id":772,"date":"2017-09-27T09:59:57","date_gmt":"2017-09-27T07:59:57","guid":{"rendered":"http:\/\/artsvivantscieparadisiaque.fr\/?page_id=772"},"modified":"2022-03-11T19:35:29","modified_gmt":"2022-03-11T18:35:29","slug":"actions-pedagogiques","status":"publish","type":"page","link":"https:\/\/artsvivantscieparadisiaque.fr\/index.php\/actions-pedagogiques\/","title":{"rendered":"Actions culturelles"},"content":{"rendered":"<h3><\/h3>\n<h3><strong>Autour du spectacle <em>Puisette &amp; Fragile <a href=\"http:\/\/artsvivantscieparadisiaque.fr\/\"><img loading=\"lazy\" decoding=\"async\" class=\"wp-image-1102 alignright\" src=\"http:\/\/artsvivantscieparadisiaque.fr\/wp-content\/uploads\/2017\/10\/bouton-retour-595x229.png\" alt=\"\" width=\"75\" height=\"29\" srcset=\"https:\/\/artsvivantscieparadisiaque.fr\/wp-content\/uploads\/2017\/10\/bouton-retour-595x229.png 595w, https:\/\/artsvivantscieparadisiaque.fr\/wp-content\/uploads\/2017\/10\/bouton-retour.png 600w\" sizes=\"(max-width: 75px) 100vw, 75px\" \/><\/a><\/em><br \/>\n<\/strong><\/h3>\n<h4><\/h4>\n<h4 style=\"text-align: center;\"><span style=\"color: #c19138;\">Interventions p\u00e9dagogiques en milieu scolaire<\/span><\/h4>\n<h5><\/h5>\n<h5><span style=\"color: #384074;\"><strong>Rencontre avec les \u00e9l\u00e8ves<\/strong><\/span><\/h5>\n<h6><strong><span style=\"color: #000000;\">Sur le plateau<\/span><\/strong><\/h6>\n<p><span style=\"color: #000000;\">Nous proposons avec enthousiasme des rencontres \u00ab\u00a0bord de plateau\u00a0\u00bb avec les \u00e9l\u00e8ves, \u00e0 l&rsquo;issue de la repr\u00e9sentation. Il est \u00e9galement possible d&rsquo;assister \u00e0 des r\u00e9p\u00e9titions ouvertes suivies d&rsquo;un \u00e9change avec les \u00e9l\u00e8ves.<\/span><\/p>\n<p><span style=\"color: #000000;\">Nous d\u00e9fendons ces rencontres qui nous semblent essentielles dans la \u00ab\u00a0construction du jeune spectateur\u00a0\u00bb.<\/span><\/p>\n<h6><strong><span style=\"color: #000000;\">En classe<\/span><\/strong><\/h6>\n<p><span style=\"color: #000000;\">Nous pouvons aller \u00e0 la rencontre des \u00e9l\u00e8ves, dans leur classe, en amont de la repr\u00e9sentation afin de leur pr\u00e9senter le projet (cf. <span style=\"color: #c19138;\">dossier p\u00e9dagogique<\/span>). Il est \u00e9galement envisageable de venir discuter (ou mener un travail plus approfondi) de la pi\u00e8ce, apr\u00e8s qu&rsquo;ils l&rsquo;ont vue, afin de r\u00e9fl\u00e9chir ensemble aux th\u00e8mes, \u00e0 ce qu&rsquo;ils ont ressenti, \u00e0 comment ils interpr\u00e8tent la pi\u00e8ce.<\/span><\/p>\n<h5><span style=\"color: #384074;\">Ateliers de pratique artistique (th\u00e9\u00e2tre et\/ou danse)<\/span><\/h5>\n<p><span style=\"color: #000000;\">Nous proposons des ateliers de pratique artistique avec les \u00e9l\u00e8ves, de la petite section au CM2. Ces ateliers seront men\u00e9s par les 2 artistes qui proposeront aux enfants d&rsquo;entrer dans l&rsquo;univers de <em>Puisette &amp; Fragile<\/em> via les domaines artistiques abord\u00e9s dans la pi\u00e8ce \u00e0 savoir le th\u00e9\u00e2tre, la danse et le chant. Il s&rsquo;agira d&rsquo;aller \u00e0 la rencontre du spectacle en devenant soi-m\u00eame cr\u00e9ateur. Les ateliers s&rsquo;organisent autour d&rsquo;un \u00e9chauffement corporel et vocal puis d&rsquo;exercices en vue d&rsquo;amener les \u00e9l\u00e8ves \u00e0 entrer dans le processus de cr\u00e9ation. Selon la volont\u00e9 des enseignants, nous pouvons axer notre proposition davantage sur l&rsquo;un ou l&rsquo;autre art, bien qu&rsquo;il soit int\u00e9ressant de traverser les trois, afin de se rendre compte au mieux de la gen\u00e8se de la pi\u00e8ce. Les th\u00e8mes et les pratiques abord\u00e9s avec les enfants sont amen\u00e9s \u00e0 entrer en r\u00e9sonance avec d&rsquo;autres disciplines enseign\u00e9es (arts plastiques, \u00e9criture, vocabulaire&#8230;) (cf<\/span>. <a href=\"http:\/\/artsvivantscieparadisiaque.fr\/wp-content\/uploads\/2020\/03\/dossier-pe\u0301da-PF_-web.pdf\" target=\"_blank\" rel=\"noopener\"><span style=\"color: #c19138;\">dossier p\u00e9dagogique<\/span><\/a><span style=\"color: #000000;\">)<\/span><\/p>\n<h5 style=\"text-align: center; padding-left: 120px;\"><style type=\"text\/css\">.easingslider-955 { max-width: 600px; }.easingslider-955 .easingslider-image { max-height: 600px; max-width: 600px; }.easingslider-955 .easingslider-fade-in, .easingslider-fade-out { -webkit-animation-duration: 400ms; -moz-animation-duration: 400ms; animation-duration: 400ms; }<\/style><script type=\"text\/javascript\">window.EasingSlider955 = {\"width\":600,\"height\":600,\"singleItem\":true,\"items\":1,\"itemsDesktop\":false,\"itemsDesktopSmall\":false,\"itemsTablet\":false,\"itemsTabletSmall\":false,\"itemsMobile\":false,\"responsive\":true,\"lazyLoad\":true,\"autoPlay\":4000,\"slideSpeed\":400,\"navigation\":true,\"navigationText\":[\"\",\"\"],\"pagination\":true,\"autoHeight\":false,\"mouseDrag\":false,\"touchDrag\":false,\"addClassActive\":true,\"transitionStyle\":\"fade\"};<\/script><div data-id=\"955\" class=\"easingslider easingslider-955 easingslider-container easingslider-resizing-enabled easingslider-aspect-ratio easingslider-arrows-inside easingslider-pagination-inside easingslider-pagination-bottom-center\"><div class=\"easingslider-slide\"><img decoding=\"async\" src=\"https:\/\/artsvivantscieparadisiaque.fr\/wp-content\/plugins\/easing-slider\/assets\/images\/placeholder-pixel.png\" data-src=\"https:\/\/artsvivantscieparadisiaque.fr\/wp-content\/uploads\/2017\/10\/Image-3-1-600x600.jpg\" alt=\"\" title=\"\" class=\"easingslider-image easingslider-lazy\" \/><\/div><div class=\"easingslider-slide\"><img decoding=\"async\" src=\"https:\/\/artsvivantscieparadisiaque.fr\/wp-content\/plugins\/easing-slider\/assets\/images\/placeholder-pixel.png\" data-src=\"https:\/\/artsvivantscieparadisiaque.fr\/wp-content\/uploads\/2017\/10\/Image-2-600x600.jpg\" alt=\"\" title=\"\" class=\"easingslider-image easingslider-lazy\" \/><\/div><div class=\"easingslider-slide\"><img decoding=\"async\" src=\"https:\/\/artsvivantscieparadisiaque.fr\/wp-content\/plugins\/easing-slider\/assets\/images\/placeholder-pixel.png\" data-src=\"https:\/\/artsvivantscieparadisiaque.fr\/wp-content\/uploads\/2017\/10\/Image-1-1-600x600.jpg\" alt=\"\" title=\"\" class=\"easingslider-image easingslider-lazy\" \/><\/div><div class=\"easingslider-slide\"><img decoding=\"async\" src=\"https:\/\/artsvivantscieparadisiaque.fr\/wp-content\/plugins\/easing-slider\/assets\/images\/placeholder-pixel.png\" data-src=\"https:\/\/artsvivantscieparadisiaque.fr\/wp-content\/uploads\/2017\/10\/ADS_2966-600x600.jpeg\" alt=\"\" title=\"\" class=\"easingslider-image easingslider-lazy\" \/><\/div><div class=\"easingslider-slide\"><img decoding=\"async\" src=\"https:\/\/artsvivantscieparadisiaque.fr\/wp-content\/plugins\/easing-slider\/assets\/images\/placeholder-pixel.png\" data-src=\"https:\/\/artsvivantscieparadisiaque.fr\/wp-content\/uploads\/2017\/10\/Image-4-600x600.jpg\" alt=\"\" title=\"\" class=\"easingslider-image easingslider-lazy\" \/><\/div><\/div><\/h5>\n<p style=\"padding-left: 120px; text-align: left;\"><em><span style=\"color: #999999;\">Cr\u00e9dit Photos : MRLG &#8211; \u00c9coles maternelle et primaire Saint Pantal\u00e9on-de-Larche<\/span><\/em><\/p>\n<h4><\/h4>\n<h4 style=\"text-align: center;\"><span style=\"color: #c19138;\"><strong>Stages de pratique artistique hors scolaire<\/strong><\/span><\/h4>\n<p><span style=\"color: #000000;\">Nous souhaitons proposer des ateliers de pratique artistique \u00ab\u00a0Parents-enfants\u00a0\u00bb, adress\u00e9s aux enfants entre 3 et 6 ans et \u00e0 leurs parents. Il nous semble important que le spectacle vivant soit un moment de partage privil\u00e9gi\u00e9 entre l&rsquo;enfant et ses parents ; ces ateliers ont donc pour but de pr\u00e9parer ou de prolonger le moment magique de la repr\u00e9sentation. Parents et jeunes enfants seront invit\u00e9s \u00e0 se mettre en mouvement, et en voix, autour de l&rsquo;univers de <em>Puisette &amp; Fragile<\/em>. Nous travaillerons en priorit\u00e9 sur la notion de rencontre, de d\u00e9couverte de l&rsquo;autre. Ces ateliers parents-enfants sont aussi un moment o\u00f9 le parent peut observer son enfant \u00e9voluer dans des propositions artistiques tout en y prenant part. Nous aimerions \u00e9galement que ces ateliers puissent faire se rencontrer des parents et des enfants d&rsquo;univers socio-culturels diff\u00e9rents. (cf<\/span>. <a href=\"http:\/\/artsvivantscieparadisiaque.fr\/wp-content\/uploads\/2020\/03\/dossier-pe\u0301da-PF_-web.pdf\" target=\"_blank\" rel=\"noopener\"><span style=\"color: #c19138;\">dossier p\u00e9dagogique<\/span><\/a><span style=\"color: #000000;\">)<\/span><strong><span style=\"color: #000000;\">\u00a0<\/span> \u00a0 \u00a0 \u00a0 \u00a0 \u00a0 \u00a0 \u00a0 \u00a0 \u00a0 \u00a0 \u00a0 \u00a0 \u00a0 \u00a0 \u00a0 \u00a0 \u00a0 \u00a0\u00a0\u00a0\u00a0\u00a0\u00a0\u00a0\u00a0\u00a0\u00a0\u00a0\u00a0\u00a0\u00a0\u00a0\u00a0\u00a0\u00a0\u00a0\u00a0\u00a0 <\/strong><\/p>\n<h4><\/h4>\n<h4 style=\"text-align: center;\"><span style=\"color: #c19138;\">Projets de territoire<\/span><\/h4>\n<p><span style=\"color: #000000;\">Nous aimerions pouvoir mener des actions culturelles aupr\u00e8s de structures d&rsquo;accueil de migrants. La forme d&rsquo;une r\u00e9sidence au sein d&rsquo;une de ces structures nous para\u00eet \u00eatre tout \u00e0 fait propice \u00e0 la rencontre de ce public autour de <em>Puisette &amp; Fragile<\/em>. Le spectacle parle d&rsquo;une rencontre entre 2 enfants diff\u00e9rents, qui parlent une langue diff\u00e9rente, qui ont des difficult\u00e9s \u00e0 se comprendre, etc. Les ateliers \u00ab\u00a0parents-enfants\u00a0\u00bb (cf. ci-dessus) pourraient \u00eatre une des modalit\u00e9s de ces interventions. Nous pourrions envisager \u00e9galement des ateliers destin\u00e9s \u00e0 des publics adultes : danser, s&rsquo;exprimer sans la barri\u00e8re de la langue, s&rsquo;exprimer dans sa propre langue et faire s&rsquo;entrem\u00ealer toutes les langues. Il serait pertinent pour nous que cette action advienne en amont de notre programmation, afin qu&rsquo;elle soit mise \u00e0 profit pour nos r\u00e9p\u00e9titions.<\/span><\/p>\n<p>&nbsp;<\/p>\n<h2>Actions men\u00e9es<\/h2>\n<h3><span class=\"\">En milieu scolaire<\/span><\/h3>\n<div class=\"\"><b class=\"\">Ateliers en \u00e9cole maternelle &amp; \u00e9l\u00e9mentaire<\/b><\/div>\n<div class=\"\">Tassin-la-Demi-Lune (69) \u2022 m\u00e9diation L\u2019Atrium, ville de Tassin-la-Demi-Lune<\/div>\n<div class=\"\">Saint-Pantal\u00e9on-de-l\u2019Arche (19) \u2022 m\u00e9diation association Images plurielles<\/div>\n<div class=\"\">Saint-Maurice-l\u2019Exil (38) \u2022 m\u00e9diation EPCC Travail et Culture<\/div>\n<div class=\"\">Chonas-l\u2019Amballan (38)<\/div>\n<div class=\"\">Jardin (38)<\/div>\n<div class=\"\">Villette de Vienne (38) \u2022 m\u00e9diation th\u00e9\u00e2tre de Vienne<\/div>\n<div class=\"\">Vienne (38) \u2022 m\u00e9diation th\u00e9\u00e2tre de Vienne<\/div>\n<div class=\"\">Saint-Chamond (42) \u2022 m\u00e9diation Service culturel de Saint-Chamond<\/div>\n<div class=\"\">Caluire-et-Cuire \u2022 m\u00e9diation th\u00e9\u00e2tre Le Radiant<\/div>\n<p>&nbsp;<\/p>\n<div class=\"\"><b class=\"\">Coll\u00e8ge et IME<\/b><\/div>\n<div class=\"\">Coll\u00e8ge de P\u00e9ranche \u2022 Saint-Georges-d\u2019Esp\u00e9ranche (38)<\/div>\n<p>&nbsp;<\/p>\n<h3>Au th\u00e9\u00e2tre<\/h3>\n<div class=\"\"><b class=\"\">R\u00e9p\u00e9titions ouvertes et sorties de r\u00e9sidences<\/b><\/div>\n<div class=\"\">Saint-Georges-d\u2019Esp\u00e9ranche (38)<\/div>\n<div class=\"\">La M\u00e9tairie des Arts, Saint-Pantal\u00e9on-de-Larche\u00a0(19)<\/div>\n<div class=\"\">L\u2019Atrium, ville de Tassin-la-Demi-Lune (69)<\/div>\n<p>&nbsp;<\/p>\n<div class=\"\"><b class=\"\">Atelier Parents-enfants<\/b><\/div>\n<div class=\"\">Saint-Chamond (42) (m\u00e9diation Service culturel de Saint-Chamond)<\/div>\n<p>&nbsp;<\/p>\n<div class=\"\"><b class=\"\">Rencontres et bords plateau\u00a0<\/b><\/div>\n<div class=\"\">Th\u00e9\u00e2tre La Vista, Montpellier (34)<\/div>\n<div class=\"\">Salon litt\u00e9rature jeunesse Par Monts et Par Mots, Auch (32)<\/div>\n<div class=\"\">Service culturel Ville de Frontignan (34)<\/div>\n<div class=\"\">Th\u00e9\u00e2tre de Vienne (38)<\/div>\n<div class=\"\">Espace culturel L\u2019Atrium, Tassin-la-Demi-Lune (69)<\/div>\n<div class=\"\">Le S\u00e9maphore, Roussillon (38)<\/div>\n<div>\u00a0&#8230; et sur l\u2019ensemble de nos repr\u00e9sentations avec les scolaires<\/div>\n<div><\/div>\n<div><\/div>\n<div><\/div>\n<div class=\"\"><\/div>\n<div><\/div>\n<div><\/div>\n<p>&nbsp;<\/p>\n<h3><span style=\"color: #ff6600;\"><a href=\"http:\/\/artsvivantscieparadisiaque.fr\/wp-content\/uploads\/2020\/03\/dossier-pe\u0301da-PF_-web.pdf\" target=\"_blank\" rel=\"noopener\"><span style=\"color: #fc19138;\">Dossier p\u00e9dagogique \u00e0 t\u00e9l\u00e9charger<\/span><\/a><\/span><\/h3>\n<h3><\/h3>\n<p>&nbsp;<\/p>\n<h6><\/h6>\n<p>&nbsp;<\/p>\n<p>&nbsp;<\/p>\n<p>&nbsp;<\/p>\n<p>&nbsp;<\/p>\n","protected":false},"excerpt":{"rendered":"<p>Autour du spectacle Puisette &amp; Fragile Interventions p\u00e9dagogiques en milieu scolaire Rencontre avec les \u00e9l\u00e8ves Sur le plateau Nous proposons avec enthousiasme des rencontres \u00ab\u00a0bord de plateau\u00a0\u00bb avec les \u00e9l\u00e8ves, \u00e0 l&rsquo;issue de la repr\u00e9sentation. Il est \u00e9galement possible d&rsquo;assister<\/p>\n","protected":false},"author":1,"featured_media":0,"parent":0,"menu_order":0,"comment_status":"closed","ping_status":"closed","template":"","meta":{"footnotes":""},"aioseo_notices":[],"_links":{"self":[{"href":"https:\/\/artsvivantscieparadisiaque.fr\/index.php\/wp-json\/wp\/v2\/pages\/772"}],"collection":[{"href":"https:\/\/artsvivantscieparadisiaque.fr\/index.php\/wp-json\/wp\/v2\/pages"}],"about":[{"href":"https:\/\/artsvivantscieparadisiaque.fr\/index.php\/wp-json\/wp\/v2\/types\/page"}],"author":[{"embeddable":true,"href":"https:\/\/artsvivantscieparadisiaque.fr\/index.php\/wp-json\/wp\/v2\/users\/1"}],"replies":[{"embeddable":true,"href":"https:\/\/artsvivantscieparadisiaque.fr\/index.php\/wp-json\/wp\/v2\/comments?post=772"}],"version-history":[{"count":36,"href":"https:\/\/artsvivantscieparadisiaque.fr\/index.php\/wp-json\/wp\/v2\/pages\/772\/revisions"}],"predecessor-version":[{"id":2748,"href":"https:\/\/artsvivantscieparadisiaque.fr\/index.php\/wp-json\/wp\/v2\/pages\/772\/revisions\/2748"}],"wp:attachment":[{"href":"https:\/\/artsvivantscieparadisiaque.fr\/index.php\/wp-json\/wp\/v2\/media?parent=772"}],"curies":[{"name":"wp","href":"https:\/\/api.w.org\/{rel}","templated":true}]}}