{"id":567,"date":"2016-10-21T15:48:25","date_gmt":"2016-10-21T13:48:25","guid":{"rendered":"http:\/\/artsvivantscieparadisiaque.fr\/?page_id=567"},"modified":"2020-06-16T10:36:47","modified_gmt":"2020-06-16T08:36:47","slug":"presentation-4","status":"publish","type":"page","link":"https:\/\/artsvivantscieparadisiaque.fr\/index.php\/presentation-4\/","title":{"rendered":"Pr\u00e9sentation"},"content":{"rendered":"<p><a href=\"http:\/\/artsvivantscieparadisiaque.fr\/\"><img loading=\"lazy\" decoding=\"async\" class=\"wp-image-1102 alignright\" src=\"http:\/\/artsvivantscieparadisiaque.fr\/wp-content\/uploads\/2017\/10\/bouton-retour-595x229.png\" alt=\"\" width=\"83\" height=\"32\" srcset=\"https:\/\/artsvivantscieparadisiaque.fr\/wp-content\/uploads\/2017\/10\/bouton-retour-595x229.png 595w, https:\/\/artsvivantscieparadisiaque.fr\/wp-content\/uploads\/2017\/10\/bouton-retour.png 600w\" sizes=\"(max-width: 83px) 100vw, 83px\" \/><\/a><\/p>\n<p>&nbsp;<\/p>\n<p>&nbsp;<\/p>\n<p style=\"text-align: justify;\"><span style=\"color: #000000;\"><img loading=\"lazy\" decoding=\"async\" class=\" wp-image-571 alignleft\" src=\"http:\/\/artsvivantscieparadisiaque.fr\/wp-content\/uploads\/2016\/10\/affiche-les-vrilles-de-la-vigne.jpg\" alt=\"affiche-les-vrilles-de-la-vigne\" width=\"430\" height=\"444\" srcset=\"https:\/\/artsvivantscieparadisiaque.fr\/wp-content\/uploads\/2016\/10\/affiche-les-vrilles-de-la-vigne.jpg 570w, https:\/\/artsvivantscieparadisiaque.fr\/wp-content\/uploads\/2016\/10\/affiche-les-vrilles-de-la-vigne-230x237.jpg 230w, https:\/\/artsvivantscieparadisiaque.fr\/wp-content\/uploads\/2016\/10\/affiche-les-vrilles-de-la-vigne-350x361.jpg 350w, https:\/\/artsvivantscieparadisiaque.fr\/wp-content\/uploads\/2016\/10\/affiche-les-vrilles-de-la-vigne-480x495.jpg 480w, https:\/\/artsvivantscieparadisiaque.fr\/wp-content\/uploads\/2016\/10\/affiche-les-vrilles-de-la-vigne-45x45.jpg 45w\" sizes=\"(max-width: 430px) 100vw, 430px\" \/><\/span><\/p>\n<p style=\"text-align: justify;\"><span style=\"color: #000000;\">Un spectacle autour du vin donn\u00e9 de fa\u00e7on loufoque et impromptue \u00e0 vos convives durant les soir\u00e9es d\u00e9gustations ou les balades vigneronnes,sous les \u00e9toiles ou \u00e0 l&rsquo;ombre des f\u00fbts&#8230;<\/span><\/p>\n<p style=\"text-align: justify;\"><span style=\"color: #000000;\">\u00c0 l&rsquo;initiative d&rsquo;une fausse organisatrice de soir\u00e9e, deux conf\u00e9renciers truculents et po\u00e8tes font irruption parmi les convives pour donner leur c\u00e9l\u00e8bre conf\u00e9rence : <em>De <\/em><em>l&rsquo;i<\/em><em>mportan<\/em><em>c<\/em><em>e<\/em> <em>de<\/em> <em>b<\/em><em>o<\/em><em>i<\/em><em>re<\/em> <em>du v<\/em><em>in<\/em> <em>quand on <\/em>est <em>\u00e0<\/em> <em>table<\/em><em>. <\/em>De faux invit\u00e9s dans l&rsquo;assembl\u00e9e vont perturber cette conf\u00e9rence.<\/span><\/p>\n<p style=\"text-align: justify;\"><span style=\"color: #000000;\">\u00c9crit \u00e0 partir de textes de th\u00e9\u00e2tre, scientifiques et philosophiques, de po\u00e8mes et de chansons, ce spectacle r\u00e9jouissant se d\u00e9roule en quatre tableaux qui viennent ponctuer votre soir\u00e9e, port\u00e9 par quatre artistes com\u00e9diens<strong>, <\/strong>chanteurs, acrobates, et un pianiste.<\/span><\/p>\n<p style=\"text-align: justify;\"><span style=\"color: #000000;\">Dur\u00e9e du spectacle : 1 h (4&#215;15 min)<\/span><br \/>\n<span style=\"color: #000000;\"> Spectacle en formule d\u00e9ambulation<\/span><br \/>\n<span style=\"color: #000000;\"> ou sur un lieu en formule cabaret<\/span><\/p>\n<p>&nbsp;<\/p>\n<p>&nbsp;<\/p>\n<p style=\"text-align: center;\"><style type=\"text\/css\">.easingslider-926 { max-width: 540px; }.easingslider-926 .easingslider-image { max-height: 300px; max-width: 540px; }.easingslider-926 .easingslider-fade-in, .easingslider-fade-out { -webkit-animation-duration: 400ms; -moz-animation-duration: 400ms; animation-duration: 400ms; }<\/style><script type=\"text\/javascript\">window.EasingSlider926 = {\"width\":540,\"height\":300,\"singleItem\":true,\"items\":1,\"itemsDesktop\":false,\"itemsDesktopSmall\":false,\"itemsTablet\":false,\"itemsTabletSmall\":false,\"itemsMobile\":false,\"responsive\":true,\"lazyLoad\":true,\"autoPlay\":4000,\"slideSpeed\":400,\"navigation\":true,\"navigationText\":[\"\",\"\"],\"pagination\":true,\"autoHeight\":false,\"mouseDrag\":false,\"touchDrag\":false,\"addClassActive\":true,\"transitionStyle\":\"fade\"};<\/script><div data-id=\"926\" class=\"easingslider easingslider-926 easingslider-container easingslider-resizing-enabled easingslider-aspect-ratio easingslider-arrows-inside easingslider-pagination-inside easingslider-pagination-bottom-center\"><div class=\"easingslider-slide\"><img decoding=\"async\" src=\"https:\/\/artsvivantscieparadisiaque.fr\/wp-content\/plugins\/easing-slider\/assets\/images\/placeholder-pixel.png\" data-src=\"https:\/\/artsvivantscieparadisiaque.fr\/wp-content\/uploads\/2017\/10\/Image-540x300.jpg\" alt=\"\" title=\"\" class=\"easingslider-image easingslider-lazy\" \/><\/div><div class=\"easingslider-slide\"><img decoding=\"async\" src=\"https:\/\/artsvivantscieparadisiaque.fr\/wp-content\/plugins\/easing-slider\/assets\/images\/placeholder-pixel.png\" data-src=\"https:\/\/artsvivantscieparadisiaque.fr\/wp-content\/uploads\/2017\/10\/IMG_8868-540x300.jpg\" alt=\"\" title=\"\" class=\"easingslider-image easingslider-lazy\" \/><\/div><div class=\"easingslider-slide\"><img decoding=\"async\" src=\"https:\/\/artsvivantscieparadisiaque.fr\/wp-content\/plugins\/easing-slider\/assets\/images\/placeholder-pixel.png\" data-src=\"https:\/\/artsvivantscieparadisiaque.fr\/wp-content\/uploads\/2017\/10\/IMG_8892-540x300.jpg\" alt=\"\" title=\"\" class=\"easingslider-image easingslider-lazy\" \/><\/div><div class=\"easingslider-slide\"><img decoding=\"async\" src=\"https:\/\/artsvivantscieparadisiaque.fr\/wp-content\/plugins\/easing-slider\/assets\/images\/placeholder-pixel.png\" data-src=\"https:\/\/artsvivantscieparadisiaque.fr\/wp-content\/uploads\/2017\/10\/IMG_8926-540x300.jpg\" alt=\"\" title=\"\" class=\"easingslider-image easingslider-lazy\" \/><\/div><div class=\"easingslider-slide\"><img decoding=\"async\" src=\"https:\/\/artsvivantscieparadisiaque.fr\/wp-content\/plugins\/easing-slider\/assets\/images\/placeholder-pixel.png\" data-src=\"https:\/\/artsvivantscieparadisiaque.fr\/wp-content\/uploads\/2017\/10\/IMG_8971-540x300.jpg\" alt=\"\" title=\"\" class=\"easingslider-image easingslider-lazy\" \/><\/div><div class=\"easingslider-slide\"><img decoding=\"async\" src=\"https:\/\/artsvivantscieparadisiaque.fr\/wp-content\/plugins\/easing-slider\/assets\/images\/placeholder-pixel.png\" data-src=\"https:\/\/artsvivantscieparadisiaque.fr\/wp-content\/uploads\/2017\/10\/IMG_8976-540x300.jpg\" alt=\"\" title=\"\" class=\"easingslider-image easingslider-lazy\" \/><\/div><div class=\"easingslider-slide\"><img decoding=\"async\" src=\"https:\/\/artsvivantscieparadisiaque.fr\/wp-content\/plugins\/easing-slider\/assets\/images\/placeholder-pixel.png\" data-src=\"https:\/\/artsvivantscieparadisiaque.fr\/wp-content\/uploads\/2017\/10\/IMG_8980-540x300.jpg\" alt=\"\" title=\"\" class=\"easingslider-image easingslider-lazy\" \/><\/div><div class=\"easingslider-slide\"><img decoding=\"async\" src=\"https:\/\/artsvivantscieparadisiaque.fr\/wp-content\/plugins\/easing-slider\/assets\/images\/placeholder-pixel.png\" data-src=\"https:\/\/artsvivantscieparadisiaque.fr\/wp-content\/uploads\/2017\/10\/IMG_8981-e1508952435933-1-540x300.jpg\" alt=\"\" title=\"\" class=\"easingslider-image easingslider-lazy\" \/><\/div><div class=\"easingslider-slide\"><img decoding=\"async\" src=\"https:\/\/artsvivantscieparadisiaque.fr\/wp-content\/plugins\/easing-slider\/assets\/images\/placeholder-pixel.png\" data-src=\"https:\/\/artsvivantscieparadisiaque.fr\/wp-content\/uploads\/2017\/10\/IMG_8983-540x300.jpg\" alt=\"\" title=\"\" class=\"easingslider-image easingslider-lazy\" \/><\/div><div class=\"easingslider-slide\"><img decoding=\"async\" src=\"https:\/\/artsvivantscieparadisiaque.fr\/wp-content\/plugins\/easing-slider\/assets\/images\/placeholder-pixel.png\" data-src=\"https:\/\/artsvivantscieparadisiaque.fr\/wp-content\/uploads\/2017\/10\/IMG_8985-540x300.jpg\" alt=\"\" title=\"\" class=\"easingslider-image easingslider-lazy\" \/><\/div><div class=\"easingslider-slide\"><img decoding=\"async\" src=\"https:\/\/artsvivantscieparadisiaque.fr\/wp-content\/plugins\/easing-slider\/assets\/images\/placeholder-pixel.png\" data-src=\"https:\/\/artsvivantscieparadisiaque.fr\/wp-content\/uploads\/2017\/10\/IMG_9017-e1508953676960-540x300.jpg\" alt=\"\" title=\"\" class=\"easingslider-image easingslider-lazy\" \/><\/div><div class=\"easingslider-slide\"><img decoding=\"async\" src=\"https:\/\/artsvivantscieparadisiaque.fr\/wp-content\/plugins\/easing-slider\/assets\/images\/placeholder-pixel.png\" data-src=\"https:\/\/artsvivantscieparadisiaque.fr\/wp-content\/uploads\/2017\/10\/IMG_9061-540x300.jpg\" alt=\"\" title=\"\" class=\"easingslider-image easingslider-lazy\" \/><\/div><div class=\"easingslider-slide\"><img decoding=\"async\" src=\"https:\/\/artsvivantscieparadisiaque.fr\/wp-content\/plugins\/easing-slider\/assets\/images\/placeholder-pixel.png\" data-src=\"https:\/\/artsvivantscieparadisiaque.fr\/wp-content\/uploads\/2017\/10\/IMG_9062-e1508953718880-540x300.jpg\" alt=\"\" title=\"\" class=\"easingslider-image easingslider-lazy\" \/><\/div><div class=\"easingslider-slide\"><img decoding=\"async\" src=\"https:\/\/artsvivantscieparadisiaque.fr\/wp-content\/plugins\/easing-slider\/assets\/images\/placeholder-pixel.png\" data-src=\"https:\/\/artsvivantscieparadisiaque.fr\/wp-content\/uploads\/2017\/10\/IMG_9067-540x300.jpg\" alt=\"\" title=\"\" class=\"easingslider-image easingslider-lazy\" \/><\/div><\/div><\/p>\n<p>&nbsp;<\/p>\n<p>&nbsp;<\/p>\n<p>&nbsp;<\/p>\n<p style=\"text-align: center;\"><style type=\"text\/css\">.easingslider-606 { max-width: 640px; }.easingslider-606 .easingslider-image { max-height: 400px; max-width: 640px; }.easingslider-606 .easingslider-fade-in, .easingslider-fade-out { -webkit-animation-duration: 400ms; -moz-animation-duration: 400ms; animation-duration: 400ms; }<\/style><script type=\"text\/javascript\">window.EasingSlider606 = {\"width\":640,\"height\":400,\"singleItem\":true,\"items\":1,\"itemsDesktop\":false,\"itemsDesktopSmall\":false,\"itemsTablet\":false,\"itemsTabletSmall\":false,\"itemsMobile\":false,\"responsive\":true,\"lazyLoad\":true,\"autoPlay\":4000,\"slideSpeed\":400,\"navigation\":true,\"navigationText\":[\"\",\"\"],\"pagination\":true,\"autoHeight\":false,\"mouseDrag\":false,\"touchDrag\":false,\"addClassActive\":true,\"transitionStyle\":\"fade\"};<\/script><div data-id=\"606\" class=\"easingslider easingslider-606 easingslider-container easingslider-resizing-enabled easingslider-aspect-ratio easingslider-arrows-hover easingslider-arrows-inside easingslider-pagination-hover easingslider-pagination-inside easingslider-pagination-bottom-center\"><div class=\"easingslider-slide\"><img decoding=\"async\" src=\"https:\/\/artsvivantscieparadisiaque.fr\/wp-content\/plugins\/easing-slider\/assets\/images\/placeholder-pixel.png\" data-src=\"https:\/\/artsvivantscieparadisiaque.fr\/wp-content\/uploads\/2017\/10\/le-public-se-dirrige-vers-la-nef-e1477062715696-640x400.jpg\" alt=\"\" title=\"\" class=\"easingslider-image easingslider-lazy\" \/><\/div><div class=\"easingslider-slide\"><img decoding=\"async\" src=\"https:\/\/artsvivantscieparadisiaque.fr\/wp-content\/plugins\/easing-slider\/assets\/images\/placeholder-pixel.png\" data-src=\"https:\/\/artsvivantscieparadisiaque.fr\/wp-content\/uploads\/2017\/10\/la-fausse-confe\u0301rence-2-e1477062670638-640x400.jpg\" alt=\"\" title=\"\" class=\"easingslider-image easingslider-lazy\" \/><\/div><div class=\"easingslider-slide\"><img decoding=\"async\" src=\"https:\/\/artsvivantscieparadisiaque.fr\/wp-content\/plugins\/easing-slider\/assets\/images\/placeholder-pixel.png\" data-src=\"https:\/\/artsvivantscieparadisiaque.fr\/wp-content\/uploads\/2017\/10\/Les-vrilles-de-la-vigne-Valmagne-2016-65-e1507046734683-640x400.jpg\" alt=\"\" title=\"\" class=\"easingslider-image easingslider-lazy\" \/><\/div><div class=\"easingslider-slide\"><img decoding=\"async\" src=\"https:\/\/artsvivantscieparadisiaque.fr\/wp-content\/plugins\/easing-slider\/assets\/images\/placeholder-pixel.png\" data-src=\"https:\/\/artsvivantscieparadisiaque.fr\/wp-content\/uploads\/2017\/10\/Les-vrilles-de-la-vigne-Valmagne-2016-78-640x400.jpg\" alt=\"\" title=\"\" class=\"easingslider-image easingslider-lazy\" \/><\/div><div class=\"easingslider-slide\"><img decoding=\"async\" src=\"https:\/\/artsvivantscieparadisiaque.fr\/wp-content\/plugins\/easing-slider\/assets\/images\/placeholder-pixel.png\" data-src=\"https:\/\/artsvivantscieparadisiaque.fr\/wp-content\/uploads\/2017\/10\/Les-vrilles-de-la-vigne-Valmagne-2016-84-640x400.jpg\" alt=\"\" title=\"\" class=\"easingslider-image easingslider-lazy\" \/><\/div><div class=\"easingslider-slide\"><img decoding=\"async\" src=\"https:\/\/artsvivantscieparadisiaque.fr\/wp-content\/plugins\/easing-slider\/assets\/images\/placeholder-pixel.png\" data-src=\"https:\/\/artsvivantscieparadisiaque.fr\/wp-content\/uploads\/2017\/10\/premier-tableau-640x400.jpg\" alt=\"\" title=\"\" class=\"easingslider-image easingslider-lazy\" \/><\/div><div class=\"easingslider-slide\"><img decoding=\"async\" src=\"https:\/\/artsvivantscieparadisiaque.fr\/wp-content\/plugins\/easing-slider\/assets\/images\/placeholder-pixel.png\" data-src=\"https:\/\/artsvivantscieparadisiaque.fr\/wp-content\/uploads\/2017\/10\/Laccueil-du-public-640x400.jpg\" alt=\"\" title=\"\" class=\"easingslider-image easingslider-lazy\" \/><\/div><div class=\"easingslider-slide\"><img decoding=\"async\" src=\"https:\/\/artsvivantscieparadisiaque.fr\/wp-content\/plugins\/easing-slider\/assets\/images\/placeholder-pixel.png\" data-src=\"https:\/\/artsvivantscieparadisiaque.fr\/wp-content\/uploads\/2017\/10\/Les-vrilles-de-la-vigne-Valmagne-2016-234-640x400.jpg\" alt=\"\" title=\"\" class=\"easingslider-image easingslider-lazy\" \/><\/div><div class=\"easingslider-slide\"><img decoding=\"async\" src=\"https:\/\/artsvivantscieparadisiaque.fr\/wp-content\/plugins\/easing-slider\/assets\/images\/placeholder-pixel.png\" data-src=\"https:\/\/artsvivantscieparadisiaque.fr\/wp-content\/uploads\/2017\/10\/Les-vrilles-de-la-vigne-Valmagne-2016-133-640x400.jpg\" alt=\"\" title=\"\" class=\"easingslider-image easingslider-lazy\" \/><\/div><div class=\"easingslider-slide\"><img decoding=\"async\" src=\"https:\/\/artsvivantscieparadisiaque.fr\/wp-content\/plugins\/easing-slider\/assets\/images\/placeholder-pixel.png\" data-src=\"https:\/\/artsvivantscieparadisiaque.fr\/wp-content\/uploads\/2017\/10\/premie\u0300re-de\u0301gustation-e1507047163957-640x400.jpg\" alt=\"\" title=\"\" class=\"easingslider-image easingslider-lazy\" \/><\/div><div class=\"easingslider-slide\"><img decoding=\"async\" src=\"https:\/\/artsvivantscieparadisiaque.fr\/wp-content\/plugins\/easing-slider\/assets\/images\/placeholder-pixel.png\" data-src=\"https:\/\/artsvivantscieparadisiaque.fr\/wp-content\/uploads\/2017\/10\/accueil-du-public-avec-le-piansite-640x400.jpg\" alt=\"\" title=\"\" class=\"easingslider-image easingslider-lazy\" \/><\/div><\/div><\/p>\n","protected":false},"excerpt":{"rendered":"<p>&nbsp; &nbsp; Un spectacle autour du vin donn\u00e9 de fa\u00e7on loufoque et impromptue \u00e0 vos convives durant les soir\u00e9es d\u00e9gustations ou les balades vigneronnes,sous les \u00e9toiles ou \u00e0 l&rsquo;ombre des f\u00fbts&#8230; \u00c0 l&rsquo;initiative d&rsquo;une fausse organisatrice de soir\u00e9e, deux conf\u00e9renciers<\/p>\n","protected":false},"author":1,"featured_media":0,"parent":0,"menu_order":0,"comment_status":"closed","ping_status":"closed","template":"","meta":{"footnotes":""},"aioseo_notices":[],"_links":{"self":[{"href":"https:\/\/artsvivantscieparadisiaque.fr\/index.php\/wp-json\/wp\/v2\/pages\/567"}],"collection":[{"href":"https:\/\/artsvivantscieparadisiaque.fr\/index.php\/wp-json\/wp\/v2\/pages"}],"about":[{"href":"https:\/\/artsvivantscieparadisiaque.fr\/index.php\/wp-json\/wp\/v2\/types\/page"}],"author":[{"embeddable":true,"href":"https:\/\/artsvivantscieparadisiaque.fr\/index.php\/wp-json\/wp\/v2\/users\/1"}],"replies":[{"embeddable":true,"href":"https:\/\/artsvivantscieparadisiaque.fr\/index.php\/wp-json\/wp\/v2\/comments?post=567"}],"version-history":[{"count":38,"href":"https:\/\/artsvivantscieparadisiaque.fr\/index.php\/wp-json\/wp\/v2\/pages\/567\/revisions"}],"predecessor-version":[{"id":2188,"href":"https:\/\/artsvivantscieparadisiaque.fr\/index.php\/wp-json\/wp\/v2\/pages\/567\/revisions\/2188"}],"wp:attachment":[{"href":"https:\/\/artsvivantscieparadisiaque.fr\/index.php\/wp-json\/wp\/v2\/media?parent=567"}],"curies":[{"name":"wp","href":"https:\/\/api.w.org\/{rel}","templated":true}]}}