{"id":464,"date":"2016-10-20T15:52:43","date_gmt":"2016-10-20T13:52:43","guid":{"rendered":"http:\/\/artsvivantscieparadisiaque.fr\/?page_id=464"},"modified":"2024-09-02T10:52:11","modified_gmt":"2024-09-02T08:52:11","slug":"ateliers-a-lannee","status":"publish","type":"page","link":"https:\/\/artsvivantscieparadisiaque.fr\/index.php\/ateliers-a-lannee\/","title":{"rendered":"Ateliers \u00e0 l&rsquo;ann\u00e9e"},"content":{"rendered":"<div class=\"wp-block-image\">\n<figure class=\"aligncenter size-large is-resized\"><img loading=\"lazy\" decoding=\"async\" width=\"960\" height=\"678\" src=\"http:\/\/artsvivantscieparadisiaque.fr\/wp-content\/uploads\/2024\/09\/utf-8fly20AV20242D2520numeCC81rique-960x678.jpg\" alt=\"\" class=\"wp-image-3165\" style=\"width:833px;height:auto\" srcset=\"https:\/\/artsvivantscieparadisiaque.fr\/wp-content\/uploads\/2024\/09\/utf-8fly20AV20242D2520numeCC81rique-960x678.jpg 960w, https:\/\/artsvivantscieparadisiaque.fr\/wp-content\/uploads\/2024\/09\/utf-8fly20AV20242D2520numeCC81rique-595x420.jpg 595w, https:\/\/artsvivantscieparadisiaque.fr\/wp-content\/uploads\/2024\/09\/utf-8fly20AV20242D2520numeCC81rique-768x543.jpg 768w, https:\/\/artsvivantscieparadisiaque.fr\/wp-content\/uploads\/2024\/09\/utf-8fly20AV20242D2520numeCC81rique-600x424.jpg 600w, https:\/\/artsvivantscieparadisiaque.fr\/wp-content\/uploads\/2024\/09\/utf-8fly20AV20242D2520numeCC81rique-1536x1085.jpg 1536w, https:\/\/artsvivantscieparadisiaque.fr\/wp-content\/uploads\/2024\/09\/utf-8fly20AV20242D2520numeCC81rique-2048x1447.jpg 2048w, https:\/\/artsvivantscieparadisiaque.fr\/wp-content\/uploads\/2024\/09\/utf-8fly20AV20242D2520numeCC81rique-1320x933.jpg 1320w\" sizes=\"(max-width: 960px) 100vw, 960px\" \/><\/figure><\/div>\n\n<\/p>\n<p><span style=\"color: #000000;\"><a href=\"http:\/\/artsvivantscieparadisiaque.fr\/\"><img loading=\"lazy\" decoding=\"async\" class=\"wp-image-1102 alignright\" src=\"http:\/\/artsvivantscieparadisiaque.fr\/wp-content\/uploads\/2017\/10\/bouton-retour-595x229.png\" alt=\"\" width=\"91\" height=\"35\" srcset=\"https:\/\/artsvivantscieparadisiaque.fr\/wp-content\/uploads\/2017\/10\/bouton-retour-595x229.png 595w, https:\/\/artsvivantscieparadisiaque.fr\/wp-content\/uploads\/2017\/10\/bouton-retour.png 600w\" sizes=\"(max-width: 91px) 100vw, 91px\" \/><\/a><\/span><\/p>\n<h5><strong>Ateliers 2024-2025<\/strong><\/h5>\n<p>Atelier 1 : enfants 6-9 ans, mercredi 11h15-12h15<br \/>Atelier 2 : enfants 6-9 ans, mercredi 16h00-17h00<br \/>Atelier 3 : pr\u00e9 ados 10-12 ans, lundi 17h30-19h00<br \/>Atelier 4 : ados 12-15 ans, mercredi 13h45-15h45<br \/>Atelier 5 : ados 15-18 ans, mercredi 17h-19h<br \/>Atelier 6 : Adultes, lundi 19h30-21h30<\/p>\n<\/p>\n<h5><span style=\"color: #000000;\">Ligne p\u00e9dagogique<\/span><\/h5>\n<p><span style=\"color: #000000;\"><strong>ARTS VIVANTS<\/strong> est la partie vou\u00e9e \u00e0 l\u2019action culturelle de la compagnie. Son objet est l\u2019enseignement pour tous des disciplines de la sc\u00e8ne par des professionnels du spectacle vivant. Les premi\u00e8res classes de th\u00e9\u00e2tre ont \u00e9t\u00e9 cr\u00e9\u00e9es en septembre 2012, et comptent aujourd\u2019hui 6 ateliers et 60 \u00e9l\u00e8ves.<\/span><br \/><span style=\"color: #000000;\"> \u00a0<\/span><br \/><span style=\"color: #000000;\"> <strong>ARTS VIVANTS<\/strong> propose des ateliers th\u00e9\u00e2tre \u00e0 l\u2019ann\u00e9e pour tout-petits, enfants, adolescents, lyc\u00e9ens et adultes.<\/span><\/p>\n<h6><strong><span style=\"color: #333399;\"><em><span style=\"color: #008080;\">Une discipline vivante et exigeante<\/span> <\/em><\/span><\/strong><\/h6>\n<p><span style=\"color: #000000;\">Dans ces ateliers th\u00e9\u00e2tre nous proposons la d\u00e9couverte et le travail des techniques du th\u00e9\u00e2tre ainsi que l\u2019exploration et la pratique du jeu d\u2019acteur \u00e0 travers des exercices et un entra\u00eenement adapt\u00e9 \u00e0 chaque \u00e2ge et niveau.<\/span><\/p>\n<h6><span style=\"color: #008080;\"><em><strong>Une discipline rigoureuse et cr\u00e9atrice<\/strong><\/em><\/span><\/h6>\n<p><span style=\"color: #000000;\">Les acteurs d\u00e9couvrent et travaillent les techniques de l\u2019improvisation et l\u2019interpr\u00e9tation de textes.Suivant le th\u00e8me de l\u2019ann\u00e9e,\u00a0beaucoup de mat\u00e9riaux sont abord\u00e9s_ sc\u00e9nario de films, romans, musique, po\u00e9sie, etc_ et viennent compl\u00e9ter le travail des \u0153uvres de th\u00e9\u00e2tre.<\/span><\/p>\n<p><span style=\"color: #000000;\">Les pi\u00e8ces travaill\u00e9es sont inscrites de fa\u00e7on privil\u00e9gi\u00e9e dans le r\u00e9pertoire contemporain, et nous d\u00e9fendons l\u2019envie de travailler des textes d\u2019auteurs, y compris dans les \u0153uvres pour la jeunesse. Une belle histoire et une belle langue.<\/span><\/p>\n<h6><span style=\"color: #008080;\"><em><strong>Une discipline sensible et collective<\/strong><\/em><\/span><\/h6>\n<p><span style=\"color: #000000;\">Nous avons comme objectif dans nos ateliers de b\u00e2tir joyeusement une vie de troupe : choisir un th\u00e8me, un texte, cr\u00e9er un spectacle ensemble, et s\u2019\u00e9prouver en repr\u00e9sentations.<\/span><\/p>\n<p><span style=\"color: #000000;\">Le travail th\u00e9\u00e2tral est abord\u00e9 dans un souci de respect de chaque participant, de mise en valeur et d\u2019\u00e9panouissement des individualit\u00e9s et des sensibilit\u00e9s, mais aussi de la conscience du groupe, du collectif, dans une ambiance soud\u00e9e et bienveillante.<\/span><\/p>\n<h5><span style=\"color: #000000;\">Les Intervenants <\/span><\/h5>\n<p><em><span style=\"color: #000000;\"><strong>Laure Poudevigne<\/strong><\/span><\/em><\/p>\n<p><span style=\"color: #000000;\">Laure Poudevigne est com\u00e9dienne. Apr\u00e8s avoir suivi les classes pr\u00e9paratoires hypokh\u00e2gne et kh\u00e2gne et obtenu une licence de lettres modernes, elle suit une formation d\u2019art dramatique \u00e0 <em>l\u2019Outil th\u00e9\u00e2tre<\/em> \u00e0 Montpellier, compl\u00e9t\u00e9e par l\u2019\u00e9cole des arts de la sc\u00e8ne <em>Performers House <\/em>(Danemark). Elle est form\u00e9e aux techniques du chant, et a pratiqu\u00e9 la danse, le th\u00e9\u00e2tre de geste, le masque. En tant qu\u2019interpr\u00e8te elle collabore avec des compagnies de la r\u00e9gion, et co fonde deux compagnies, la Cie Les Grisettes, puis la Cie Paradisiaque.<img loading=\"lazy\" decoding=\"async\" class=\"wp-image-1673 alignleft\" src=\"http:\/\/artsvivantscieparadisiaque.fr\/wp-content\/uploads\/2018\/10\/IMG_1049-595x397.jpeg\" alt=\"\" width=\"212\" height=\"141\" srcset=\"https:\/\/artsvivantscieparadisiaque.fr\/wp-content\/uploads\/2018\/10\/IMG_1049-595x397.jpeg 595w, https:\/\/artsvivantscieparadisiaque.fr\/wp-content\/uploads\/2018\/10\/IMG_1049-768x512.jpeg 768w, https:\/\/artsvivantscieparadisiaque.fr\/wp-content\/uploads\/2018\/10\/IMG_1049-960x641.jpeg 960w, https:\/\/artsvivantscieparadisiaque.fr\/wp-content\/uploads\/2018\/10\/IMG_1049-600x400.jpeg 600w, https:\/\/artsvivantscieparadisiaque.fr\/wp-content\/uploads\/2018\/10\/IMG_1049-272x182.jpeg 272w, https:\/\/artsvivantscieparadisiaque.fr\/wp-content\/uploads\/2018\/10\/IMG_1049.jpeg 1280w\" sizes=\"(max-width: 212px) 100vw, 212px\" \/><\/span><\/p>\n<p><span style=\"color: #000000;\">En tant que p\u00e9dagogue, elle dispense des ateliers de th\u00e9\u00e2tre depuis 2004, pour des enfants, adolescents et adultes. Elle int\u00e8gre en 2005-2006 l\u2019\u00e9quipe p\u00e9dagogique du cours pr\u00e9 professionnel de l\u2019Outil Th\u00e9\u00e2tre (training de l\u2019acteur) puis, obtient l\u2019agr\u00e9ment de la Drac pour enseigner en milieu scolaire. Depuis dix ans, en tant qu\u2019enseignante et responsable p\u00e9dagogique, elle m\u00e8ne des projets th\u00e9\u00e2tres en milieu scolaire ou extra scolaire, ateliers, stages, mises en sc\u00e8ne, des interventions en lien avec ses cr\u00e9ations professionnelles, des interventions en entreprise\u2026<\/span><\/p>\n<p><em><span style=\"color: #000000;\"><strong>Xavier Besson<\/strong><\/span><\/em><\/p>\n<p><span style=\"color: #000000;\">Apr\u00e8s une ma\u00eetrise d\u2019Arts du spectacle \u00e0 Lyon et la formation initiale de l\u2019E.N.S.A.D de Montpellier, Xavier Besson travaille notamment avec La Chartreuse de Villeneuve-l\u00e8s-Avignon, puis avec la Compagnie de la Mer \u00e0 S\u00e8te. Il int\u00e8gre pour trois ans la r\u00e9sidence d\u2019artistes \u00ab Le Vivier \u00bb au centre culturel Th\u00e9o Argence \u00e0 Saint Priest o\u00f9 il m\u00e8ne de nombreux ateliers de cr\u00e9ation avec les habitants et joue dans les spectacles cr\u00e9\u00e9s par Pierre Tallaron et Jean-Louis Sackur. <img loading=\"lazy\" decoding=\"async\" class=\"wp-image-1672 alignleft\" src=\"http:\/\/artsvivantscieparadisiaque.fr\/wp-content\/uploads\/2018\/10\/IMG_0915-595x397.jpeg\" alt=\"\" width=\"178\" height=\"119\" srcset=\"https:\/\/artsvivantscieparadisiaque.fr\/wp-content\/uploads\/2018\/10\/IMG_0915-595x397.jpeg 595w, https:\/\/artsvivantscieparadisiaque.fr\/wp-content\/uploads\/2018\/10\/IMG_0915-768x512.jpeg 768w, https:\/\/artsvivantscieparadisiaque.fr\/wp-content\/uploads\/2018\/10\/IMG_0915-960x641.jpeg 960w, https:\/\/artsvivantscieparadisiaque.fr\/wp-content\/uploads\/2018\/10\/IMG_0915-600x400.jpeg 600w, https:\/\/artsvivantscieparadisiaque.fr\/wp-content\/uploads\/2018\/10\/IMG_0915-272x182.jpeg 272w, https:\/\/artsvivantscieparadisiaque.fr\/wp-content\/uploads\/2018\/10\/IMG_0915.jpeg 1280w\" sizes=\"(max-width: 178px) 100vw, 178px\" \/><\/span><\/p>\n<p><span style=\"color: #000000;\">Depuis 2010, il est aussi r\u00e9citant sur des \u0153uvres musicales avec le Collectif de jazz Koa pour Koa-Roi et les orchestres d\u2019Avignon et Douai pour Peter Pan d\u2019Olivier Penard, Darius de Marc Schaefer ou les incroyables aventures de Mr Fogg de Marco Marzi. Depuis 2014 il intervient au sein d\u2019Arts Vivants\/Cie Paradisiaque \u00e0 St G\u00e9ly-du-Fesc pour des mises en sc\u00e8ne, ateliers et stages de th\u00e9\u00e2tre.<\/span><\/p>\n<p><img loading=\"lazy\" decoding=\"async\" class=\"alignnone wp-image-1671\" src=\"http:\/\/artsvivantscieparadisiaque.fr\/wp-content\/uploads\/2018\/10\/Screenshot_2018-10-15-dialog_134-1018_12-pdf-595x242.png\" alt=\"\" width=\"1099\" height=\"447\" srcset=\"https:\/\/artsvivantscieparadisiaque.fr\/wp-content\/uploads\/2018\/10\/Screenshot_2018-10-15-dialog_134-1018_12-pdf-595x242.png 595w, https:\/\/artsvivantscieparadisiaque.fr\/wp-content\/uploads\/2018\/10\/Screenshot_2018-10-15-dialog_134-1018_12-pdf-768x312.png 768w, https:\/\/artsvivantscieparadisiaque.fr\/wp-content\/uploads\/2018\/10\/Screenshot_2018-10-15-dialog_134-1018_12-pdf-960x390.png 960w, https:\/\/artsvivantscieparadisiaque.fr\/wp-content\/uploads\/2018\/10\/Screenshot_2018-10-15-dialog_134-1018_12-pdf-600x244.png 600w, https:\/\/artsvivantscieparadisiaque.fr\/wp-content\/uploads\/2018\/10\/Screenshot_2018-10-15-dialog_134-1018_12-pdf.png 1022w\" sizes=\"(max-width: 1099px) 100vw, 1099px\" \/><\/p>\n<h5>On en parle dans la presse locale (Journal de la commune de St Gely du Fesc)<\/h5>\n\n\n\n","protected":false},"excerpt":{"rendered":"<p>Ateliers 2024-2025 Atelier 1 : enfants 6-9 ans, mercredi 11h15-12h15Atelier 2 : enfants 6-9 ans, mercredi 16h00-17h00Atelier 3 : pr\u00e9 ados 10-12 ans, lundi 17h30-19h00Atelier 4 : ados 12-15 ans, mercredi 13h45-15h45Atelier 5 : ados 15-18 ans, mercredi 17h-19hAtelier 6<\/p>\n","protected":false},"author":1,"featured_media":0,"parent":0,"menu_order":0,"comment_status":"closed","ping_status":"closed","template":"","meta":{"footnotes":""},"aioseo_notices":[],"_links":{"self":[{"href":"https:\/\/artsvivantscieparadisiaque.fr\/index.php\/wp-json\/wp\/v2\/pages\/464"}],"collection":[{"href":"https:\/\/artsvivantscieparadisiaque.fr\/index.php\/wp-json\/wp\/v2\/pages"}],"about":[{"href":"https:\/\/artsvivantscieparadisiaque.fr\/index.php\/wp-json\/wp\/v2\/types\/page"}],"author":[{"embeddable":true,"href":"https:\/\/artsvivantscieparadisiaque.fr\/index.php\/wp-json\/wp\/v2\/users\/1"}],"replies":[{"embeddable":true,"href":"https:\/\/artsvivantscieparadisiaque.fr\/index.php\/wp-json\/wp\/v2\/comments?post=464"}],"version-history":[{"count":38,"href":"https:\/\/artsvivantscieparadisiaque.fr\/index.php\/wp-json\/wp\/v2\/pages\/464\/revisions"}],"predecessor-version":[{"id":3181,"href":"https:\/\/artsvivantscieparadisiaque.fr\/index.php\/wp-json\/wp\/v2\/pages\/464\/revisions\/3181"}],"wp:attachment":[{"href":"https:\/\/artsvivantscieparadisiaque.fr\/index.php\/wp-json\/wp\/v2\/media?parent=464"}],"curies":[{"name":"wp","href":"https:\/\/api.w.org\/{rel}","templated":true}]}}