{"id":35,"date":"2016-09-29T19:42:24","date_gmt":"2016-09-29T17:42:24","guid":{"rendered":"http:\/\/artsvivantscieparadisiaque.fr\/?page_id=35"},"modified":"2020-06-22T09:58:15","modified_gmt":"2020-06-22T07:58:15","slug":"lequipe","status":"publish","type":"page","link":"https:\/\/artsvivantscieparadisiaque.fr\/index.php\/lequipe\/","title":{"rendered":"L&rsquo;\u00e9quipe"},"content":{"rendered":"<h2><a href=\"http:\/\/artsvivantscieparadisiaque.fr\/\"><img loading=\"lazy\" decoding=\"async\" class=\"wp-image-1102 alignright\" src=\"http:\/\/artsvivantscieparadisiaque.fr\/wp-content\/uploads\/2017\/10\/bouton-retour-595x229.png\" alt=\"\" width=\"83\" height=\"32\" srcset=\"https:\/\/artsvivantscieparadisiaque.fr\/wp-content\/uploads\/2017\/10\/bouton-retour-595x229.png 595w, https:\/\/artsvivantscieparadisiaque.fr\/wp-content\/uploads\/2017\/10\/bouton-retour.png 600w\" sizes=\"(max-width: 83px) 100vw, 83px\" \/><\/a><strong>\u00ab\u00a0Les Paradisiaques\u00a0\u00bb<\/strong><\/h2>\n<p>&nbsp;<\/p>\n<div class=\"entry-content clearfix\">\n<p><img loading=\"lazy\" decoding=\"async\" class=\"wp-image-839 alignleft\" src=\"http:\/\/artsvivantscieparadisiaque.fr\/wp-content\/uploads\/2017\/10\/Laure-Poudevigne.jpg\" alt=\"\" width=\"195\" height=\"225\" \/><\/p>\n<p><strong>Laure Poudevigne <\/strong><\/p>\n<p>Com\u00e9dienne chanteuse, metteur en sc\u00e8ne<\/p>\n<p>Elle a suivi une formation d\u2019art dramatique \u00e0 L\u2019Outil Th\u00e9\u00e2tre (Montpellier), et \u00e0 l\u2019\u00e9cole internationale Performer\u2019s House (Danemark). Elle suit les Master classes de Jacques Lassale, de Jacques Galland (Conservatoire Baroque de Paris)\u2026 Elle se forme parall\u00e8lement en danse contemporaine (Cie Artefact\/Marc Vincent, Cie Didier Th\u00e9ron, stage avec Mariann Gaal\/ conservatoire de Budapest) en jeu masqu\u00e9 et aux techniques du chant depuis 6 ans. Elle travaille avec diff\u00e9rentes compagnies : L\u2019Outil Th\u00e9\u00e2tre (Sil\u00e8nes, m.e.s. Marc Nicolas), A.R.T. Cie (Les fen\u00eatres qui parlent et Paradis etc, mise en sc\u00e8ne Isabelle Fran\u00e7ois), La Cie Les T\u00eates de Bois (Isabelle, trois caravelles, un charlatan, m.e.s. Mehdi Benabdelouhab), Le Th\u00e9\u00e2tre de la Rampe (Catharsis Sound Maquina, L\u2019Estanque, m.e.s. Claude Alranq).<\/p>\n<p>En 2006 elle co-fonde la Cie Les Grisettes (Et je suis Grande et Forte et Belle, Sacr\u00e9 Silence!, Habillage, (m.e.s. Anna Delbos-Zamore) et la Cie Paradisiaque en 2014. Elle con\u00e7oit et adapte au th\u00e9\u00e2tre Renart, et La Guerre est Longue, Les jupes sont Courtes, Les Vrilles de la Vigne dans laquelle elle joue (m.e.s. Juliette Pradelle). Elle enseigne le th\u00e9\u00e2tre depuis 2005, en compagnies et en milieu scolaire, et fonde sa structure p\u00e9dagogique \u00abArts Vivants\u00bb en 2009.<\/p>\n<p><strong>\u00a0<\/strong><\/p>\n<p><strong>\u00a0<\/strong><\/p>\n<p><img loading=\"lazy\" decoding=\"async\" class=\"wp-image-841 alignleft\" src=\"http:\/\/artsvivantscieparadisiaque.fr\/wp-content\/uploads\/2017\/10\/Estelle-Olivier.jpg\" alt=\"\" width=\"187\" height=\"198\" \/><\/p>\n<p><strong>Estelle Olivier<\/strong><\/p>\n<p>Danseuse, chor\u00e9graphe<\/p>\n<p>Form\u00e9e initialement au CREPS de Montpellier, Estelle a poursuivi son cursus de danse contemporaine au Conservatoire de Tulle o\u00f9 elle rencontre la p\u00e9dagogue et chor\u00e9graphe Dominique Plas avec qui elle collabore, depuis lors, comme interpr\u00e8te au sein de la Cie Images Plurielles. Dipl\u00f4m\u00e9e du Conservatoire National Sup\u00e9rieur de Paris en Ecriture du Mouvement Benesh, Estelle se forme ensuite \u00e0 la p\u00e9dagogie de la danse contemporaine au CFDd d\u2019Oullins et obtient son Dipl\u00f4me d\u2019Etat en 2015. Dans sa pratique artistique comme dans son enseignement, Estelle joue sur les liens t\u00e9nus entre danse et musique afin de d\u00e9velopper une \u00e9coute de l\u2019autre et de soi-m\u00eame et du rythme propre de la danse.\u00a0C\u2019est ainsi qu\u2019elle est amen\u00e9e \u00e0 collaborer avec LoukoDuo (violon, violoncelle) pour cr\u00e9er un solo sur une pi\u00e8ce de Wolf-Ferrari (nov 2016).<\/p>\n<p>Elle travaille aujourd\u2019hui au sein de la Cie Dynamo (Roanne) avec qui elle m\u00e8ne des ateliers chor\u00e9graphiques en direction du public scolaire.<\/p>\n<p>&nbsp;<\/p>\n<p><img loading=\"lazy\" decoding=\"async\" class=\"wp-image-842 alignleft\" src=\"http:\/\/artsvivantscieparadisiaque.fr\/wp-content\/uploads\/2017\/10\/Xavier-Besson.jpg\" alt=\"\" width=\"189\" height=\"242\" \/><\/p>\n<p><strong>Xavier Besson<\/strong><\/p>\n<p>Com\u00e9dien, metteur en sc\u00e8ne<\/p>\n<p>Apr\u00e8s une ma\u00eetrise d\u2019Arts du Spectacle \u00e0 Lyon et la formation initiale de l\u2019E.N.S.A.D de Montpellier, il travaille notamment avec La Chartreuse de Villeneuve- l\u00e8s- Avignon, puis avec la Compagnie de la Mer \u00e0 S\u00e8te. Il int\u00e8gre pour trois ans la r\u00e9sidence d\u2019artistes \u00ab Le Vivier \u00bb au centre culturel Th\u00e9o Argence \u00e0 Saint Priest o\u00f9 il m\u00e8ne de nombreux ateliers de cr\u00e9ation avec les habitants et joue dans les spectacles cr\u00e9\u00e9s par Pierre Tallaron et Jean Louis Sackur. Depuis 2010, il est aussi r\u00e9citant sur des \u0153uvres musicales avec le Collectif de jazz Koa pour Koa-Roi et les orchestres d\u2019Avignon et Douai pour Peter pan d\u2019Olivier Penard, Darius de Marc Schaefer ou les incroyables aventures de Mr Fogg de Marco Marzi. Depuis 2014 il intervient au sein d\u2019Arts Vivants\/Cie Paradisiaque \u00e0 Saint G\u00e9ly-du-Fesc pour des mises en sc\u00e8ne, ateliers et stages de th\u00e9\u00e2tre.<\/p>\n<p>&nbsp;<\/p>\n<p><img loading=\"lazy\" decoding=\"async\" class=\"wp-image-1075 alignleft\" src=\"http:\/\/artsvivantscieparadisiaque.fr\/wp-content\/uploads\/2017\/10\/AVCP_Ve\u0301ro-Munsch.png\" sizes=\"(max-width: 239px) 100vw, 239px\" srcset=\"http:\/\/artsvivantscieparadisiaque.fr\/wp-content\/uploads\/2017\/10\/AVCP_Ve\u0301ro-Munsch.png 342w, http:\/\/artsvivantscieparadisiaque.fr\/wp-content\/uploads\/2017\/10\/AVCP_Ve\u0301ro-Munsch-45x45.png 45w\" alt=\"\" width=\"239\" height=\"245\" \/><\/p>\n<p>&nbsp;<\/p>\n<p>&nbsp;<\/p>\n<p>&nbsp;<\/p>\n<p>&nbsp;<\/p>\n<p>&nbsp;<\/p>\n<\/div>\n<p>&nbsp;<\/p>\n<h5><\/h5>\n<h2><strong>\u00ab\u00a0Les complices\u00a0\u00bb<\/strong><\/h2>\n<p><img loading=\"lazy\" decoding=\"async\" class=\"alignnone size-medium wp-image-1090\" src=\"http:\/\/artsvivantscieparadisiaque.fr\/wp-content\/uploads\/2017\/10\/BENJAMIN-VAN-MIGOM.png\" alt=\"\" width=\"347\" height=\"362\" \/><img loading=\"lazy\" decoding=\"async\" class=\"alignnone size-medium wp-image-1078\" src=\"http:\/\/artsvivantscieparadisiaque.fr\/wp-content\/uploads\/2017\/10\/SYLVAIN-ROBINE.png\" alt=\"\" width=\"344\" height=\"360\" \/> <img loading=\"lazy\" decoding=\"async\" class=\"alignnone size-medium wp-image-1089\" src=\"http:\/\/artsvivantscieparadisiaque.fr\/wp-content\/uploads\/2017\/10\/EMMANUEL-DURAND.png\" alt=\"\" width=\"348\" height=\"361\" \/> <img loading=\"lazy\" decoding=\"async\" class=\"alignnone size-medium wp-image-1088\" src=\"http:\/\/artsvivantscieparadisiaque.fr\/wp-content\/uploads\/2017\/10\/FRED-ROUDIER.png\" alt=\"\" width=\"339\" height=\"354\" \/>\u00a0 <img loading=\"lazy\" decoding=\"async\" class=\"alignnone size-medium wp-image-1086\" src=\"http:\/\/artsvivantscieparadisiaque.fr\/wp-content\/uploads\/2017\/10\/JEAN-NOE\u0308L-MASSON.png\" alt=\"\" width=\"341\" height=\"348\" \/> <img loading=\"lazy\" decoding=\"async\" class=\"alignnone size-medium wp-image-1085\" src=\"http:\/\/artsvivantscieparadisiaque.fr\/wp-content\/uploads\/2017\/10\/LAURENCE-VIGNE\u0301.png\" alt=\"\" width=\"339\" height=\"357\" \/> <img loading=\"lazy\" decoding=\"async\" class=\"alignnone size-medium wp-image-1081\" src=\"http:\/\/artsvivantscieparadisiaque.fr\/wp-content\/uploads\/2017\/10\/PAULINE-SCHOENHALS.png\" alt=\"\" width=\"335\" height=\"356\" \/><img loading=\"lazy\" decoding=\"async\" class=\"alignnone size-full wp-image-1077\" src=\"http:\/\/artsvivantscieparadisiaque.fr\/wp-content\/uploads\/2017\/10\/VE\u0301RONIQUE-VALE\u0301RY.png\" alt=\"\" width=\"339\" height=\"367\" \/><img loading=\"lazy\" decoding=\"async\" class=\"alignnone size-medium wp-image-1083\" src=\"http:\/\/artsvivantscieparadisiaque.fr\/wp-content\/uploads\/2017\/10\/NATHALIE-ROBERT.png\" alt=\"\" width=\"341\" height=\"353\" \/><\/p>\n<p><img loading=\"lazy\" decoding=\"async\" class=\"alignnone size-full wp-image-1091\" src=\"http:\/\/artsvivantscieparadisiaque.fr\/wp-content\/uploads\/2017\/10\/AYSEL-ALVER.png\" alt=\"\" width=\"343\" height=\"350\" \/><img loading=\"lazy\" decoding=\"async\" class=\"alignnone size-medium wp-image-1080\" src=\"http:\/\/artsvivantscieparadisiaque.fr\/wp-content\/uploads\/2017\/10\/SAMUEL-RIBEYRON.png\" alt=\"\" width=\"345\" height=\"350\" \/><\/p>\n<p><img loading=\"lazy\" decoding=\"async\" class=\"alignnone size-medium wp-image-1079\" src=\"http:\/\/artsvivantscieparadisiaque.fr\/wp-content\/uploads\/2017\/10\/SU\u0302AN-CZEPCZYNSKI.png\" alt=\"\" width=\"342\" height=\"355\" \/><img loading=\"lazy\" decoding=\"async\" class=\"alignnone size-medium wp-image-1087\" src=\"http:\/\/artsvivantscieparadisiaque.fr\/wp-content\/uploads\/2017\/10\/GREGORY-MONIN.png\" alt=\"\" width=\"331\" height=\"359\" \/><\/p>\n<p>&nbsp;<\/p>\n<p><img loading=\"lazy\" decoding=\"async\" class=\"alignnone size-full wp-image-1152\" src=\"http:\/\/artsvivantscieparadisiaque.fr\/wp-content\/uploads\/2017\/10\/AVCP_Techniciens.png\" alt=\"\" width=\"343\" height=\"360\" \/><img loading=\"lazy\" decoding=\"async\" class=\"alignnone size-full wp-image-1181\" src=\"http:\/\/artsvivantscieparadisiaque.fr\/wp-content\/uploads\/2017\/10\/JM-DEBOFFE.png\" alt=\"\" width=\"332\" height=\"356\" \/><\/p>\n<p><img loading=\"lazy\" decoding=\"async\" class=\"alignnone size-medium wp-image-1084\" src=\"http:\/\/artsvivantscieparadisiaque.fr\/wp-content\/uploads\/2017\/10\/MATHIEU-ROTH-LE-GENTIL.png\" alt=\"\" width=\"333\" height=\"350\" \/><img loading=\"lazy\" decoding=\"async\" class=\"alignnone size-medium wp-image-1082\" src=\"http:\/\/artsvivantscieparadisiaque.fr\/wp-content\/uploads\/2017\/10\/PATRICE-ALBARET.png\" alt=\"\" width=\"340\" height=\"342\" \/><\/p>\n<p>&nbsp;<\/p>\n","protected":false},"excerpt":{"rendered":"<p>\u00ab\u00a0Les Paradisiaques\u00a0\u00bb &nbsp; Laure Poudevigne Com\u00e9dienne chanteuse, metteur en sc\u00e8ne Elle a suivi une formation d\u2019art dramatique \u00e0 L\u2019Outil Th\u00e9\u00e2tre (Montpellier), et \u00e0 l\u2019\u00e9cole internationale Performer\u2019s House (Danemark). Elle suit les Master classes de Jacques Lassale, de Jacques Galland (Conservatoire<\/p>\n","protected":false},"author":1,"featured_media":0,"parent":0,"menu_order":0,"comment_status":"closed","ping_status":"closed","template":"","meta":{"footnotes":""},"aioseo_notices":[],"_links":{"self":[{"href":"https:\/\/artsvivantscieparadisiaque.fr\/index.php\/wp-json\/wp\/v2\/pages\/35"}],"collection":[{"href":"https:\/\/artsvivantscieparadisiaque.fr\/index.php\/wp-json\/wp\/v2\/pages"}],"about":[{"href":"https:\/\/artsvivantscieparadisiaque.fr\/index.php\/wp-json\/wp\/v2\/types\/page"}],"author":[{"embeddable":true,"href":"https:\/\/artsvivantscieparadisiaque.fr\/index.php\/wp-json\/wp\/v2\/users\/1"}],"replies":[{"embeddable":true,"href":"https:\/\/artsvivantscieparadisiaque.fr\/index.php\/wp-json\/wp\/v2\/comments?post=35"}],"version-history":[{"count":14,"href":"https:\/\/artsvivantscieparadisiaque.fr\/index.php\/wp-json\/wp\/v2\/pages\/35\/revisions"}],"predecessor-version":[{"id":2042,"href":"https:\/\/artsvivantscieparadisiaque.fr\/index.php\/wp-json\/wp\/v2\/pages\/35\/revisions\/2042"}],"wp:attachment":[{"href":"https:\/\/artsvivantscieparadisiaque.fr\/index.php\/wp-json\/wp\/v2\/media?parent=35"}],"curies":[{"name":"wp","href":"https:\/\/api.w.org\/{rel}","templated":true}]}}