{"id":3389,"date":"2025-11-05T14:29:14","date_gmt":"2025-11-05T13:29:14","guid":{"rendered":"https:\/\/artsvivantscieparadisiaque.fr\/?page_id=3389"},"modified":"2025-11-05T15:10:06","modified_gmt":"2025-11-05T14:10:06","slug":"une-noce","status":"publish","type":"page","link":"https:\/\/artsvivantscieparadisiaque.fr\/index.php\/une-noce\/","title":{"rendered":"UNE NOCE"},"content":{"rendered":"<h3>Cr\u00e9ation 2026<\/h3>\n<p>Th\u00e9\u00e2tre pour l&rsquo;espace public<br \/>\nTout public<\/p>\n<p><img loading=\"lazy\" decoding=\"async\" class=\"alignnone wp-image-3396\" src=\"https:\/\/artsvivantscieparadisiaque.fr\/wp-content\/uploads\/2025\/11\/CP_UNE-NOCE-12\u00a9Marc-Ginot-595x374.jpeg\" alt=\"\" width=\"745\" height=\"468\" srcset=\"https:\/\/artsvivantscieparadisiaque.fr\/wp-content\/uploads\/2025\/11\/CP_UNE-NOCE-12\u00a9Marc-Ginot-595x374.jpeg 595w, https:\/\/artsvivantscieparadisiaque.fr\/wp-content\/uploads\/2025\/11\/CP_UNE-NOCE-12\u00a9Marc-Ginot-960x604.jpeg 960w, https:\/\/artsvivantscieparadisiaque.fr\/wp-content\/uploads\/2025\/11\/CP_UNE-NOCE-12\u00a9Marc-Ginot-768x483.jpeg 768w, https:\/\/artsvivantscieparadisiaque.fr\/wp-content\/uploads\/2025\/11\/CP_UNE-NOCE-12\u00a9Marc-Ginot-600x377.jpeg 600w, https:\/\/artsvivantscieparadisiaque.fr\/wp-content\/uploads\/2025\/11\/CP_UNE-NOCE-12\u00a9Marc-Ginot.jpeg 1280w\" sizes=\"(max-width: 745px) 100vw, 745px\" \/><\/p>\n<p>La Cie Paradisiaque s\u2019empare de <i>La Noce<\/i> de Brecht pour l\u2019espace public, et revisite cette orchestration tragique,<br \/>\nmagistrale et jubilatoire du fiasco d\u2019un repas de Mariage\u2026<\/p>\n<p><span style=\"font-family: HelveticaNeue; font-size: medium;\"><i>\u00abL\u2019HOMME :_Qu\u2019est-ce que tu as donc encore ?<br \/>\n<\/i><i><\/i><\/span><span style=\"font-family: HelveticaNeue; font-size: medium;\"><i>LA FEMME :_Parce que, c\u2019est si dr\u00f4le !<br \/>\n<\/i><i><\/i><\/span><span style=\"font-family: HelveticaNeue; font-size: medium;\"><i>L\u2019HOMME :_Qu\u2019est-ce qui est dr\u00f4le ?<br \/>\n<\/i><i><\/i><\/span><span style=\"font-family: HelveticaNeue; font-size: medium;\"><i>LA FEMME :_Tout ! Tout ! Les chaises cass\u00e9es, leur int\u00e9rieur bien \u00e0 eux ! La conversation !<br \/>\n<\/i><i><\/i><\/span><span style=\"font-family: HelveticaNeue; font-size: medium;\"><i>Elle rit \u00e0 faire peur.<br \/>\n<\/i><i><\/i><\/span><span style=\"font-family: HelveticaNeue; font-size: medium;\"><i>LA MARI\u00c9E : _Rose !<br \/>\n<\/i><i><\/i><\/span><span style=\"font-family: HelveticaNeue; font-size: medium;\"><i>LA FEMME :_Cass\u00e9, tout<br \/>\n<\/i><i><\/i><\/span><i><span style=\"font-family: HelveticaNeue; font-size: medium;\">En riant elle se laisse tomber sur une chaise qui se fracasse.\u00bb<\/span><\/i><\/p>\n<div><span style=\"font-family: HelveticaNeue;\">Texte : La Noce de Bertolt Brecht<\/span><\/div>\n<div><span style=\"font-family: HelveticaNeue;\">Traduction Magali Rigaill<\/span><\/div>\n<div><span style=\"font-family: HelveticaNeue;\">Adaptation dramaturgique et mise en sc\u00e8ne : Laure Poudevigne<\/span><\/div>\n<div>\n<div><span style=\"font-family: HelveticaNeue;\">Avec : Ma\u00efna Barrera, Xavier Besson, Christophe Gaultier, Dag Jeanneret, Lou Martin-Ferret, Marthe Poudevigne, Fr\u00e9d\u00e9ric Roudier, Julien Testard et\u00a0<\/span>Laure Poudevigne en alternance avec marie Estublier<\/div>\n<\/div>\n<div><span style=\"font-family: HelveticaNeue;\">Production : Carole Escolar<\/span><\/div>\n<div>\n<p><span style=\"font-family: HelveticaNeue;\">Administration : V\u00e9ronique Munsch<\/span><\/p>\n<p>&nbsp;<\/p>\n<\/div>\n<div>\n<p dir=\"ltr\">Une Noce est un projet pour l\u2019espace public associant cr\u00e9ation th\u00e9\u00e2trale professionnelle, rencontre immersive avec le public et mise en valeur d\u2019un espace.<br \/>\nSur une place, un th\u00e9\u00e2tre de verdure, un site du patrimoine historique ou naturel, dans un parc, un lieu public, une salle d\u00e9di\u00e9e ou non, le public sera convi\u00e9 au vin d\u2019honneur des mari\u00e9s, et partagera ce moment convivial et solennel avec les personnages. Tels les convives, il pourra poser avec eux pour la photo de mariage (qu\u2019ils pourront r\u00e9cup\u00e9rer \u00e0 l\u2019issue de l\u2019\u00e9v\u00e8nement). Invit\u00e9 \u00e0 s&rsquo;asseoir pour assister au spectacle _le repas de noce_ le public sera \u00e0 l\u2019issue de celui-ci convi\u00e9 \u00e0 partager un nouveau moment festif, et dansant, avec la troupe de la compagnie Paradisiaque.<\/p>\n<h3 dir=\"ltr\" style=\"text-align: center;\"><a href=\"https:\/\/artsvivantscieparadisiaque.fr\/wp-content\/uploads\/2025\/11\/CIE-PARADISIAQUE-UNE-NOCE-1.pdf\" target=\"_blank\" rel=\"noopener\"><span style=\"color: #ff1493;\">dossier du spectacle<\/span><\/a><\/h3>\n<p style=\"text-align: center;\"><style type=\"text\/css\">.easingslider-3415 { max-width: 640px; }.easingslider-3415 .easingslider-image { max-height: 400px; max-width: 640px; }.easingslider-3415 .easingslider-fade-in, .easingslider-fade-out { -webkit-animation-duration: 400ms; -moz-animation-duration: 400ms; animation-duration: 400ms; }<\/style><script type=\"text\/javascript\">window.EasingSlider3415 = {\"width\":640,\"height\":400,\"singleItem\":true,\"items\":1,\"itemsDesktop\":false,\"itemsDesktopSmall\":false,\"itemsTablet\":false,\"itemsTabletSmall\":false,\"itemsMobile\":false,\"responsive\":true,\"lazyLoad\":true,\"autoPlay\":4000,\"slideSpeed\":400,\"navigation\":true,\"navigationText\":[\"\",\"\"],\"pagination\":true,\"autoHeight\":false,\"mouseDrag\":false,\"touchDrag\":false,\"addClassActive\":true,\"transitionStyle\":\"fade\"};<\/script><div data-id=\"3415\" class=\"easingslider easingslider-3415 easingslider-container easingslider-resizing-enabled easingslider-aspect-ratio easingslider-arrows-inside easingslider-pagination-inside easingslider-pagination-bottom-center\"><div class=\"easingslider-slide\"><img decoding=\"async\" src=\"https:\/\/artsvivantscieparadisiaque.fr\/wp-content\/plugins\/easing-slider\/assets\/images\/placeholder-pixel.png\" data-src=\"https:\/\/artsvivantscieparadisiaque.fr\/wp-content\/uploads\/2025\/11\/CP_UNE-NOCE-07\u00a9Marc-Ginot-scaled-640x400.jpg\" alt=\"\" title=\"\" class=\"easingslider-image easingslider-lazy\" \/><\/div><div class=\"easingslider-slide\"><img decoding=\"async\" src=\"https:\/\/artsvivantscieparadisiaque.fr\/wp-content\/plugins\/easing-slider\/assets\/images\/placeholder-pixel.png\" data-src=\"https:\/\/artsvivantscieparadisiaque.fr\/wp-content\/uploads\/2025\/11\/CP_UNE-NOCE-08\u00a9Marc-Ginot-scaled-640x400.jpg\" alt=\"\" title=\"\" class=\"easingslider-image easingslider-lazy\" \/><\/div><div class=\"easingslider-slide\"><img decoding=\"async\" src=\"https:\/\/artsvivantscieparadisiaque.fr\/wp-content\/plugins\/easing-slider\/assets\/images\/placeholder-pixel.png\" data-src=\"https:\/\/artsvivantscieparadisiaque.fr\/wp-content\/uploads\/2025\/11\/CP_UNE-NOCE-09\u00a9Marc-Ginot-scaled-640x400.jpg\" alt=\"\" title=\"\" class=\"easingslider-image easingslider-lazy\" \/><\/div><div class=\"easingslider-slide\"><img decoding=\"async\" src=\"https:\/\/artsvivantscieparadisiaque.fr\/wp-content\/plugins\/easing-slider\/assets\/images\/placeholder-pixel.png\" data-src=\"https:\/\/artsvivantscieparadisiaque.fr\/wp-content\/uploads\/2025\/11\/CP_UNE-NOCE-01\u00a9Marc-Ginot-scaled-640x400.jpg\" alt=\"\" title=\"\" class=\"easingslider-image easingslider-lazy\" \/><\/div><div class=\"easingslider-slide\"><img decoding=\"async\" src=\"https:\/\/artsvivantscieparadisiaque.fr\/wp-content\/plugins\/easing-slider\/assets\/images\/placeholder-pixel.png\" data-src=\"https:\/\/artsvivantscieparadisiaque.fr\/wp-content\/uploads\/2025\/11\/CP_UNE-NOCE-06\u00a9Marc-Ginot-scaled-640x400.jpg\" alt=\"\" title=\"\" class=\"easingslider-image easingslider-lazy\" \/><\/div><div class=\"easingslider-slide\"><img decoding=\"async\" src=\"https:\/\/artsvivantscieparadisiaque.fr\/wp-content\/plugins\/easing-slider\/assets\/images\/placeholder-pixel.png\" data-src=\"https:\/\/artsvivantscieparadisiaque.fr\/wp-content\/uploads\/2025\/11\/CP_UNE-NOCE-04\u00a9Marc-Ginot-scaled-640x400.jpg\" alt=\"\" title=\"\" class=\"easingslider-image easingslider-lazy\" \/><\/div><div class=\"easingslider-slide\"><img decoding=\"async\" src=\"https:\/\/artsvivantscieparadisiaque.fr\/wp-content\/plugins\/easing-slider\/assets\/images\/placeholder-pixel.png\" data-src=\"https:\/\/artsvivantscieparadisiaque.fr\/wp-content\/uploads\/2025\/11\/CP_UNE-NOCE-11\u00a9Marc-Ginot-scaled-640x400.jpg\" alt=\"\" title=\"\" class=\"easingslider-image easingslider-lazy\" \/><\/div><div class=\"easingslider-slide\"><img decoding=\"async\" src=\"https:\/\/artsvivantscieparadisiaque.fr\/wp-content\/plugins\/easing-slider\/assets\/images\/placeholder-pixel.png\" data-src=\"https:\/\/artsvivantscieparadisiaque.fr\/wp-content\/uploads\/2025\/11\/CP_UNE-NOCE-03\u00a9Marc-Ginot-scaled-640x400.jpg\" alt=\"\" title=\"\" class=\"easingslider-image easingslider-lazy\" \/><\/div><div class=\"easingslider-slide\"><img decoding=\"async\" src=\"https:\/\/artsvivantscieparadisiaque.fr\/wp-content\/plugins\/easing-slider\/assets\/images\/placeholder-pixel.png\" data-src=\"https:\/\/artsvivantscieparadisiaque.fr\/wp-content\/uploads\/2025\/11\/CP_UNE-NOCE-02\u00a9Marc-Ginot-scaled-640x400.jpg\" alt=\"\" title=\"\" class=\"easingslider-image easingslider-lazy\" \/><\/div><div class=\"easingslider-slide\"><img decoding=\"async\" src=\"https:\/\/artsvivantscieparadisiaque.fr\/wp-content\/plugins\/easing-slider\/assets\/images\/placeholder-pixel.png\" data-src=\"https:\/\/artsvivantscieparadisiaque.fr\/wp-content\/uploads\/2025\/11\/CP_UNE-NOCE-10\u00a9Marc-Ginot-scaled-640x400.jpg\" alt=\"\" title=\"\" class=\"easingslider-image easingslider-lazy\" \/><\/div><div class=\"easingslider-slide\"><img decoding=\"async\" src=\"https:\/\/artsvivantscieparadisiaque.fr\/wp-content\/plugins\/easing-slider\/assets\/images\/placeholder-pixel.png\" data-src=\"https:\/\/artsvivantscieparadisiaque.fr\/wp-content\/uploads\/2025\/11\/CP_UNE-NOCE-05\u00a9Marc-Ginot-scaled-640x400.jpg\" alt=\"\" title=\"\" class=\"easingslider-image easingslider-lazy\" \/><\/div><div class=\"easingslider-slide\"><img decoding=\"async\" src=\"https:\/\/artsvivantscieparadisiaque.fr\/wp-content\/plugins\/easing-slider\/assets\/images\/placeholder-pixel.png\" data-src=\"https:\/\/artsvivantscieparadisiaque.fr\/wp-content\/uploads\/2025\/11\/CP_UNE-NOCE-12\u00a9Marc-Ginot-640x400.jpeg\" alt=\"\" title=\"\" class=\"easingslider-image easingslider-lazy\" \/><\/div><\/div><\/p>\n<\/div>\n","protected":false},"excerpt":{"rendered":"<p>Cr\u00e9ation 2026 Th\u00e9\u00e2tre pour l&rsquo;espace public Tout public La Cie Paradisiaque s\u2019empare de La Noce de Brecht pour l\u2019espace public, et revisite cette orchestration tragique, magistrale et jubilatoire du fiasco d\u2019un repas de Mariage\u2026 \u00abL\u2019HOMME :_Qu\u2019est-ce que tu as donc<\/p>\n","protected":false},"author":1,"featured_media":0,"parent":0,"menu_order":0,"comment_status":"closed","ping_status":"closed","template":"","meta":{"footnotes":""},"aioseo_notices":[],"_links":{"self":[{"href":"https:\/\/artsvivantscieparadisiaque.fr\/index.php\/wp-json\/wp\/v2\/pages\/3389"}],"collection":[{"href":"https:\/\/artsvivantscieparadisiaque.fr\/index.php\/wp-json\/wp\/v2\/pages"}],"about":[{"href":"https:\/\/artsvivantscieparadisiaque.fr\/index.php\/wp-json\/wp\/v2\/types\/page"}],"author":[{"embeddable":true,"href":"https:\/\/artsvivantscieparadisiaque.fr\/index.php\/wp-json\/wp\/v2\/users\/1"}],"replies":[{"embeddable":true,"href":"https:\/\/artsvivantscieparadisiaque.fr\/index.php\/wp-json\/wp\/v2\/comments?post=3389"}],"version-history":[{"count":7,"href":"https:\/\/artsvivantscieparadisiaque.fr\/index.php\/wp-json\/wp\/v2\/pages\/3389\/revisions"}],"predecessor-version":[{"id":3416,"href":"https:\/\/artsvivantscieparadisiaque.fr\/index.php\/wp-json\/wp\/v2\/pages\/3389\/revisions\/3416"}],"wp:attachment":[{"href":"https:\/\/artsvivantscieparadisiaque.fr\/index.php\/wp-json\/wp\/v2\/media?parent=3389"}],"curies":[{"name":"wp","href":"https:\/\/api.w.org\/{rel}","templated":true}]}}