{"id":2990,"date":"2023-11-14T14:41:06","date_gmt":"2023-11-14T13:41:06","guid":{"rendered":"http:\/\/artsvivantscieparadisiaque.fr\/?page_id=2990"},"modified":"2024-12-11T09:50:42","modified_gmt":"2024-12-11T08:50:42","slug":"agenda-des-tournees-2","status":"publish","type":"page","link":"https:\/\/artsvivantscieparadisiaque.fr\/index.php\/agenda-des-tournees-2\/","title":{"rendered":"Agenda des tourn\u00e9es"},"content":{"rendered":"<h2 class=\"wp-block-heading has-text-align-center\"><strong><span style=\"color: #a77689;\">Agenda des tourn\u00e9es<\/span><\/strong><\/h2>\r\n<!-- \/wp:heading -->\r\n\r\n<!-- wp:image {\"align\":\"center\",\"id\":2944} -->\r\n<figure class=\"wp-block-image aligncenter\">\r\n<div class=\"\"><span class=\"\">29 avril 14h30 (scolaire) et 19h (Tout Public) Festival la Dinette 2025- Bouillon Cube\u2022 Sc\u00e8ne en Grand Pic Saint Loup &#8211; Saint-G\u00e9ly-du-Fesc (34)<\/span><\/div>\r\n<div class=\"\"><span class=\"\">3 et 4 mai 2024\u2022 Th\u00e9\u00e2tre La Vista \u2013 La Chapelle \u2022 Montpellier (34)<\/span><\/div>\r\n<div class=\"\"><span class=\"\">4 et 5 avril 2024 \u00e0 9 h 30 et 14 h 30 \u2013 6 avril \u00e0 10 h 30 \u2022 Salle Roger Planchon \u2022 Saint-Chamond (42)<\/span><\/div>\r\n<div class=\"\"><span class=\"\">4 f\u00e9vrier 2024 \u00e0 16 h \u2013 5 f\u00e9vrier \u00e0 14 h 30 \u2022 L\u2019Agora \u2022 Le Cr\u00e8s (34)<\/span><\/div>\r\n<div class=\"\"><span class=\"\">18 janvier 2024 \u00e0 10 h 30 et 14 h 30 \u2013 19 janvier \u00e0 19 h \u2022 Th\u00e9\u00e2tre Albar\u00e8de \u2022 Ganges (34)<\/span><\/div>\r\n<div class=\"\"><span class=\"\">Sortie publique de r\u00e9sidence de dinosaure au Th\u00e9\u00e2tre d\u2019O_salle Paul Puaux<br class=\"\" \/>jeudi 12 octobre 2023 \u00e0 14h30 et vendredi 13 octobre \u00e0 10h<\/span><\/div>\r\n<div class=\"\"><span class=\"\">14 janvier 2023 \u00e0 15h &#8211; Lecture mise en espace- <a class=\"\" href=\"https:\/\/lagrandehorloge.fr\/Journal-Intime\/\">Festival Journal Intime<\/a>&#8211; Le Gazette Caf\u00e9, Montpellier<\/span><\/div>\r\n<\/figure>\r\n<div><br \/><img loading=\"lazy\" decoding=\"async\" class=\"wp-image-3192 aligncenter\" src=\"http:\/\/artsvivantscieparadisiaque.fr\/wp-content\/uploads\/2024\/12\/DINOSAURE-28\u00a9Marc-Ginot.jpeg\" alt=\"\" width=\"596\" height=\"397\" srcset=\"https:\/\/artsvivantscieparadisiaque.fr\/wp-content\/uploads\/2024\/12\/DINOSAURE-28\u00a9Marc-Ginot.jpeg 320w, https:\/\/artsvivantscieparadisiaque.fr\/wp-content\/uploads\/2024\/12\/DINOSAURE-28\u00a9Marc-Ginot-272x182.jpeg 272w\" sizes=\"(max-width: 596px) 100vw, 596px\" \/><\/div>\r\n<h6>\u00a0\u00a0\u00a0\u00a0\u00a0\u00a0\u00a0\u00a0\u00a0\u00a0\u00a0\u00a0\u00a0\u00a0\u00a0\u00a0\u00a0\u00a0\u00a0\u00a0\u00a0\u00a0\u00a0\u00a0\u00a0\u00a0\u00a0\u00a0\u00a0\u00a0\u00a0\u00a0\u00a0\u00a0\u00a0\u00a0\u00a0\u00a0\u00a0\u00a0\u00a0\u00a0\u00a0\u00a0\u00a0\u00a0\u00a0\u00a0\u00a0\u00a0\u00a0\u00a0 Photo Marc Ginot<\/h6>\r\n<!-- \/wp:image -->","protected":false},"excerpt":{"rendered":"<p>Agenda des tourn\u00e9es 29 avril 14h30 (scolaire) et 19h (Tout Public) Festival la Dinette 2025- Bouillon Cube\u2022 Sc\u00e8ne en Grand Pic Saint Loup &#8211; Saint-G\u00e9ly-du-Fesc (34) 3 et 4 mai 2024\u2022 Th\u00e9\u00e2tre La Vista \u2013 La Chapelle \u2022 Montpellier (34)<\/p>\n","protected":false},"author":1,"featured_media":0,"parent":0,"menu_order":0,"comment_status":"closed","ping_status":"closed","template":"","meta":{"footnotes":""},"aioseo_notices":[],"_links":{"self":[{"href":"https:\/\/artsvivantscieparadisiaque.fr\/index.php\/wp-json\/wp\/v2\/pages\/2990"}],"collection":[{"href":"https:\/\/artsvivantscieparadisiaque.fr\/index.php\/wp-json\/wp\/v2\/pages"}],"about":[{"href":"https:\/\/artsvivantscieparadisiaque.fr\/index.php\/wp-json\/wp\/v2\/types\/page"}],"author":[{"embeddable":true,"href":"https:\/\/artsvivantscieparadisiaque.fr\/index.php\/wp-json\/wp\/v2\/users\/1"}],"replies":[{"embeddable":true,"href":"https:\/\/artsvivantscieparadisiaque.fr\/index.php\/wp-json\/wp\/v2\/comments?post=2990"}],"version-history":[{"count":13,"href":"https:\/\/artsvivantscieparadisiaque.fr\/index.php\/wp-json\/wp\/v2\/pages\/2990\/revisions"}],"predecessor-version":[{"id":3227,"href":"https:\/\/artsvivantscieparadisiaque.fr\/index.php\/wp-json\/wp\/v2\/pages\/2990\/revisions\/3227"}],"wp:attachment":[{"href":"https:\/\/artsvivantscieparadisiaque.fr\/index.php\/wp-json\/wp\/v2\/media?parent=2990"}],"curies":[{"name":"wp","href":"https:\/\/api.w.org\/{rel}","templated":true}]}}