{"id":2850,"date":"2022-12-13T17:14:52","date_gmt":"2022-12-13T16:14:52","guid":{"rendered":"http:\/\/artsvivantscieparadisiaque.fr\/?page_id=2850"},"modified":"2022-12-13T17:31:36","modified_gmt":"2022-12-13T16:31:36","slug":"la-lecture-sonore-et-animee","status":"publish","type":"page","link":"https:\/\/artsvivantscieparadisiaque.fr\/index.php\/la-lecture-sonore-et-animee\/","title":{"rendered":"La lecture sonore et anim\u00e9e"},"content":{"rendered":"<p><img loading=\"lazy\" decoding=\"async\" class=\"alignnone size-medium wp-image-2854\" src=\"http:\/\/artsvivantscieparadisiaque.fr\/wp-content\/uploads\/2022\/12\/COM-site-LECTURES-SONORES-ANIMEES_PF-595x842.png\" alt=\"\" width=\"595\" height=\"842\" srcset=\"https:\/\/artsvivantscieparadisiaque.fr\/wp-content\/uploads\/2022\/12\/COM-site-LECTURES-SONORES-ANIMEES_PF-595x842.png 595w, https:\/\/artsvivantscieparadisiaque.fr\/wp-content\/uploads\/2022\/12\/COM-site-LECTURES-SONORES-ANIMEES_PF-768x1086.png 768w, https:\/\/artsvivantscieparadisiaque.fr\/wp-content\/uploads\/2022\/12\/COM-site-LECTURES-SONORES-ANIMEES_PF-600x849.png 600w, https:\/\/artsvivantscieparadisiaque.fr\/wp-content\/uploads\/2022\/12\/COM-site-LECTURES-SONORES-ANIMEES_PF.png 905w\" sizes=\"(max-width: 595px) 100vw, 595px\" \/><\/p>\n<div class=\"\"><span class=\"\">La com\u00e9dienne Laure Poudevigne et la danseuse Estelle Olivier, autrices du livre,\u00a0<\/span><\/div>\n<div class=\"\"><span class=\"\">donnent \u00e0 entendre le texte au travers d\u2019une lecture mise en espace avec les musiques du spectacle de Sylvain Robine,\u00a0<\/span><\/div>\n<div class=\"\"><span class=\"\">et la projection des planches du livre illustr\u00e9es par Samuel Ribeyron<\/span><\/div>\n<div>\n<p><a href=\"http:\/\/artsvivantscieparadisiaque.fr\/wp-content\/uploads\/2022\/12\/Fiche-technique_Puisette-et-Fragile_Lecture.pdf\" target=\"_blank\" rel=\"noopener\"><strong><span style=\"color: #ff6600;\"><\/br>Fiche technique \u00e0 t\u00e9l\u00e9charger<\/span><\/strong><\/a><\/p>\n<\/div>\n","protected":false},"excerpt":{"rendered":"<p>La com\u00e9dienne Laure Poudevigne et la danseuse Estelle Olivier, autrices du livre,\u00a0 donnent \u00e0 entendre le texte au travers d\u2019une lecture mise en espace avec les musiques du spectacle de Sylvain Robine,\u00a0 et la projection des planches du livre illustr\u00e9es<\/p>\n","protected":false},"author":1,"featured_media":0,"parent":0,"menu_order":0,"comment_status":"closed","ping_status":"closed","template":"","meta":{"footnotes":""},"aioseo_notices":[],"_links":{"self":[{"href":"https:\/\/artsvivantscieparadisiaque.fr\/index.php\/wp-json\/wp\/v2\/pages\/2850"}],"collection":[{"href":"https:\/\/artsvivantscieparadisiaque.fr\/index.php\/wp-json\/wp\/v2\/pages"}],"about":[{"href":"https:\/\/artsvivantscieparadisiaque.fr\/index.php\/wp-json\/wp\/v2\/types\/page"}],"author":[{"embeddable":true,"href":"https:\/\/artsvivantscieparadisiaque.fr\/index.php\/wp-json\/wp\/v2\/users\/1"}],"replies":[{"embeddable":true,"href":"https:\/\/artsvivantscieparadisiaque.fr\/index.php\/wp-json\/wp\/v2\/comments?post=2850"}],"version-history":[{"count":12,"href":"https:\/\/artsvivantscieparadisiaque.fr\/index.php\/wp-json\/wp\/v2\/pages\/2850\/revisions"}],"predecessor-version":[{"id":2866,"href":"https:\/\/artsvivantscieparadisiaque.fr\/index.php\/wp-json\/wp\/v2\/pages\/2850\/revisions\/2866"}],"wp:attachment":[{"href":"https:\/\/artsvivantscieparadisiaque.fr\/index.php\/wp-json\/wp\/v2\/media?parent=2850"}],"curies":[{"name":"wp","href":"https:\/\/api.w.org\/{rel}","templated":true}]}}