{"id":2287,"date":"2020-06-22T11:17:15","date_gmt":"2020-06-22T09:17:15","guid":{"rendered":"http:\/\/artsvivantscieparadisiaque.fr\/?page_id=2287"},"modified":"2020-09-10T18:41:15","modified_gmt":"2020-09-10T16:41:15","slug":"la-guerre-est-longue-les-jupes-sont-courtes","status":"publish","type":"page","link":"https:\/\/artsvivantscieparadisiaque.fr\/index.php\/la-guerre-est-longue-les-jupes-sont-courtes\/","title":{"rendered":"La Guerre est longue, Les Jupes sont Courtes"},"content":{"rendered":"<h5><strong>Th\u00e9\u00e2tre &#8211; chant, cr\u00e9ation 2014<br \/>\nTout public \u00e0 partir de 11 ans<br \/>\n<\/strong><\/h5>\n<p>&nbsp;<\/p>\n<p><img loading=\"lazy\" decoding=\"async\" class=\" wp-image-2279 aligncenter\" src=\"http:\/\/artsvivantscieparadisiaque.fr\/wp-content\/uploads\/2020\/06\/nouvelle-image-la-Guerre.jpeg\" alt=\"\" width=\"587\" height=\"632\" srcset=\"https:\/\/artsvivantscieparadisiaque.fr\/wp-content\/uploads\/2020\/06\/nouvelle-image-la-Guerre.jpeg 481w, https:\/\/artsvivantscieparadisiaque.fr\/wp-content\/uploads\/2020\/06\/nouvelle-image-la-Guerre-480x518.jpeg 480w\" sizes=\"(max-width: 587px) 100vw, 587px\" \/><\/p>\n<p>Sur sc\u00e8ne, un r\u00e9cit de femme, Lola. Une histoire d\u2019amour poignante, entre elle et l\u2019homme qu\u2019elle a perdu. Les ann\u00e9es folles vibrent encore des coups de canon. Dans sa loge, seule avec ses souvenirs, Lola incarne les personnages qui ont travers\u00e9 sa vie, une vie d\u2019artiste et d\u2019amoureuse que rien ne destinait au cataclysme de la Guerre. Elle joue, elle chante, elle est tous les hommes, toutes les femmes, elle parle \u00e0 ses fant\u00f4mes, donne chair et vie \u00e0 toute une galerie et l\u2019on vibre et chavire au gr\u00e8s de ses \u00e9motions, des sentiments contradictoires qui l\u2019animent. Le musicien sur le plateau est sa m\u00e9moire, le bruit de ses sentiments. Lola est sensuelle, brillante, joyeuse, charnelle, et nous jette \u00e0 la face des \u00e9clats de vie dans laquelle sont entr\u00e9s des \u00e9clats de fer.<\/p>\n<p>&nbsp;<\/p>\n<h5><strong class=\"\">TEXTES<br \/>\n<\/strong><\/h5>\n<div><\/div>\n<div class=\"\" style=\"text-align: left;\"><span class=\"\">Guillaume APOLLINAIRE \u00a0 \u00a0 \u00a0 \u00a0 \u00a0\u00a0\u00a0 Roses Guerri\u00e8res, Train Militaire<\/span><\/div>\n<div class=\"\" style=\"text-align: left;\"><span class=\"\">Louis ARAGON \u00a0 \u00a0 \u00a0 \u00a0 \u00a0 \u00a0 \u00a0 \u00a0 \u00a0 \u00a0 \u00a0 \u00a0 \u00a0\u00a0\u00a0\u00a0 Tu n\u2019en reviendras pas<\/span><\/div>\n<div class=\"\" style=\"text-align: left;\"><span class=\"\">BARBUSSE \u00a0 \u00a0 \u00a0 \u00a0 \u00a0 \u00a0 \u00a0 \u00a0 \u00a0 \u00a0 \u00a0 \u00a0 \u00a0 \u00a0 \u00a0 \u00a0\u00a0\u00a0\u00a0\u00a0 Le Feu<\/span><\/div>\n<div class=\"\" style=\"text-align: left;\"><span class=\"\">Louis-Ferdinand CELINE \u00a0 \u00a0 \u00a0 \u00a0 \u00a0 \u00a0\u00a0 Voyage au bout de la nuit<\/span><\/div>\n<div class=\"\" style=\"text-align: left;\"><span class=\"\">Blaise CENDRARS \u00a0 \u00a0 \u00a0 \u00a0 \u00a0 \u00a0 \u00a0 \u00a0 \u00a0\u00a0\u00a0\u00a0\u00a0\u00a0\u00a0 La guerre au Luxembourg<\/span><\/div>\n<div class=\"\" style=\"text-align: left;\"><span class=\"\">COLETTE \u00a0 \u00a0 \u00a0 \u00a0 \u00a0 \u00a0 \u00a0 \u00a0 \u00a0 \u00a0 \u00a0 \u00a0 \u00a0 \u00a0 \u00a0 \u00a0 \u00a0\u00a0\u00a0\u00a0\u00a0\u00a0 Les Heures Longues, Aubes, Le Matin<\/span><\/div>\n<div class=\"\" style=\"text-align: left;\"><span class=\"\">Marius JOURDAIN \u00a0 \u00a0 \u00a0 \u00a0 \u00a0 \u00a0 \u00a0 \u00a0 \u00a0 \u00a0\u00a0\u00a0\u00a0 Lettre \u00e0 Eug\u00e9nie<\/span><\/div>\n<div class=\"\" style=\"text-align: left;\"><span class=\"\">Ren\u00e9 VIVIANI \u00a0 \u00a0 \u00a0 \u00a0 \u00a0 \u00a0 \u00a0 \u00a0 \u00a0 \u00a0 \u00a0 \u00a0 \u00a0 \u00a0\u00a0\u00a0\u00a0\u00a0 Appel aux femmes fran\u00e7aises<\/span><\/div>\n<div class=\"\" style=\"text-align: left;\">\n<p><span class=\"\">Extraits du journal militaire de bord du 63\u00b0 r\u00e9giment<\/span><\/p>\n<p>Id\u00e9e originale, adaptation dramaturgique : Laure POUDEVIGNE<\/p>\n<\/div>\n<div class=\"\">\n<div class=\"\">\n<div class=\"\">\n<div class=\"\"><span class=\"\">Mise en sc\u00e8ne : Juliette PRADELLE<\/span><\/div>\n<div class=\"\"><span class=\"\">Musiques : Benjamin VAN MIGOM<\/span><\/div>\n<\/div>\n<\/div>\n<div class=\"\"><span class=\"\">Sculpture papier : Aysel ALVER<\/span><\/div>\n<div class=\"\"><span class=\"\">Costumes : S\u00fban CZEPCZYNSKI<\/span><\/div>\n<div class=\"\"><span class=\"\">Lumi\u00e8res : Sonya PERDIGAO<\/span><\/div>\n<div class=\"\"><span class=\"\">Voix off : Fr\u00e9d\u00e9ric ROUDIER<\/span><\/div>\n<div class=\"\"><span class=\"\">\u00a0<\/span><\/div>\n<div class=\"\"><span class=\"\">Avec : Laure POUDEVIGNE, Benjamin VAN MIGOM<\/span><\/div>\n<div class=\"\"><span class=\"\">\u00a0<\/span><\/div>\n<div class=\"\"><span class=\"\">Charg\u00e9e de production : Estelle OLIVIER<\/span><\/div>\n<div class=\"\">\n<p><span class=\"\"><span class=\"\">Administration : V\u00e9ronique Munsch<br class=\"\" \/>Production : Arts Vivants Cie Paradisiaque<br class=\"\" \/>Co production : Institut Fran\u00e7ais de Turquie \/ Lyc\u00e9e fran\u00e7ais Charles de Gaulle d\u2019Ankara<br class=\"\" \/>Festival Ethos d\u2019Ankara \/ Ville de Montpellier \/ Ville de St G\u00e9ly-du-Fesc\u00a0\/\u00a0Cie Les Grisettes<\/span><\/span><\/p>\n<p>Une loge de music-hall, vers 1920.<br class=\"\" \/>Lola entre. Bibi \u00e0 plumes rouges sur la t\u00eate.<br class=\"\" \/>Sur le paravent est jet\u00e9e une robe courte paillet\u00e9e tr\u00e8s \u00abann\u00e9es folles\u00bb.<br class=\"\" \/>Lola se pr\u00e9pare \u00e0 entrer en sc\u00e8ne. Pour chanter.<br class=\"\" \/>Elle allume sa radio, entre le musicien sur sc\u00e8ne, et un fox trot r\u00e9sonne, joyeux.<br class=\"\" \/>Devant son miroir, Lola r\u00e9ajuste sa coiffure.<br class=\"\" \/>Rituel minutieux de l\u2019artiste avant son num\u00e9ro.<br class=\"\" \/>Mais chez Lola il y a quelque chose d\u2019autre\u2026<br class=\"\" \/>Parmi les plumes, les perles et la poudre, il y a, macul\u00e9 par la boue des Flandres,<br class=\"\" \/>un journal de bord.<br class=\"\" \/>Souvenirs de papier d\u2019un soldat de papier.<br class=\"\" \/>Le sien. Son soldat. Son amour.<br class=\"\" \/>Avant de rentrer en sc\u00e8ne, comme chaque soir,<br class=\"\" \/>Lola, se raconte, raconte et chante son histoire d\u2019amour.<br class=\"\" \/>Avidement.<\/p>\n<p>&nbsp;<\/p>\n<div class=\"\">\n<p>Les ann\u00e9es folles vibrent encore des coups de canon. Dans sa loge, seule avec ses souvenirs, Lola incarne les personnages qui ont travers\u00e9 sa vie, une vie d\u2019artiste et d\u2019amoureuse que rien ne destinait au cataclysme de la Guerre. Elle joue, elle chante, elle est tous les hommes, toutes les femmes, elle parle \u00e0 ses fant\u00f4mes, donne chair et vie \u00e0 toute une galerie et l\u2019on vibre et chavire au gr\u00e8s de ses \u00e9motions, des sentiments contradictoires qui l\u2019animent. Le musicien sur le plateau est sa m\u00e9moire, le bruit de ses sentiments. Lola est sensuelle, brillante, joyeuse, charnelle, et nous jette \u00e0 la face des \u00e9clats de vie dans laquelle sont entr\u00e9s des \u00e9clats de fer.<\/p>\n<div class=\"\"><span class=\"\">Ce spectacle a \u00e9t\u00e9 cr\u00e9\u00e9 au Lyc\u00e9e Charles de Gaulle d\u2019Ankara en mars 2014,\u00a0<\/span><\/div>\n<div class=\"\"><span class=\"\">et repris \u00e0 St G\u00e9ly du Fesc en f\u00e9vrier et mai 2015.\u00a0<\/span><\/div>\n<div class=\"\"><span class=\"\">Programm\u00e9 au festival ETHOS d\u2019Ankara, \u00e0 Agde pour la St amour en ao\u00fbt 2014, au Th\u00e9\u00e2tre de l\u2019Uchronie de Lyon en avril 2015,\u00a0<\/span><\/div>\n<div class=\"\">\n<p><span class=\"\">\u00e0 St G\u00e9ly du Fesc en mai 2015.<\/span><\/p>\n<p>&nbsp;<\/p>\n<\/div>\n<div class=\"\"><span class=\"\">\u00a0<\/span><\/div>\n<div class=\"\">\n<p style=\"text-align: center;\"><span class=\"\">Le projet p\u00e9dagogique autour de la cr\u00e9ation de <i class=\"\">La Guerre est Longue, Les Jupes sont Courtes<\/i> a \u00e9t\u00e9 labellis\u00e9 par la Mission Centenaire de l\u2019AEFE.<\/span><\/p>\n<p>&nbsp;<\/p>\n<p style=\"text-align: center;\"><iframe loading=\"lazy\" src=\"https:\/\/www.youtube.com\/embed\/S2lqYgw9bqE\" width=\"560\" height=\"315\" frameborder=\"0\" allowfullscreen=\"allowfullscreen\"><\/iframe><br \/>\n<em>Teaser du spectacle, Benjamin Van Migom<\/em><\/p>\n<p style=\"text-align: left;\">\n<\/div>\n<\/div>\n<p style=\"text-align: center;\">\u00a0\u00a0\u00a0\u00a0\u00a0 <style type=\"text\/css\">.easingslider-183 { width: 100%; }.easingslider-183 .easingslider-image { max-height: 500px; max-width: 560px; }.easingslider-183 .easingslider-fade-in, .easingslider-fade-out { -webkit-animation-duration: 400ms; -moz-animation-duration: 400ms; animation-duration: 400ms; }<\/style><script type=\"text\/javascript\">window.EasingSlider183 = {\"width\":560,\"height\":500,\"singleItem\":true,\"items\":1,\"itemsDesktop\":false,\"itemsDesktopSmall\":false,\"itemsTablet\":false,\"itemsTabletSmall\":false,\"itemsMobile\":false,\"responsive\":true,\"lazyLoad\":true,\"autoPlay\":4000,\"slideSpeed\":400,\"navigation\":true,\"navigationText\":[\"\",\"\"],\"pagination\":true,\"autoHeight\":false,\"mouseDrag\":false,\"touchDrag\":false,\"addClassActive\":true,\"transitionStyle\":false};<\/script><div data-id=\"183\" class=\"easingslider easingslider-183 easingslider-container easingslider-full-width easingslider-resizing-enabled easingslider-aspect-ratio easingslider-arrows-hover easingslider-arrows-inside easingslider-pagination-hover easingslider-pagination-inside easingslider-pagination-top-center\"><div class=\"easingslider-slide\"><img decoding=\"async\" src=\"https:\/\/artsvivantscieparadisiaque.fr\/wp-content\/plugins\/easing-slider\/assets\/images\/placeholder-pixel.png\" data-src=\"https:\/\/artsvivantscieparadisiaque.fr\/wp-content\/uploads\/2017\/10\/Montage-12-560x500.jpeg\" alt=\"\" title=\"\" class=\"easingslider-image easingslider-lazy\" \/><\/div><div class=\"easingslider-slide\"><img decoding=\"async\" src=\"https:\/\/artsvivantscieparadisiaque.fr\/wp-content\/plugins\/easing-slider\/assets\/images\/placeholder-pixel.png\" data-src=\"https:\/\/artsvivantscieparadisiaque.fr\/wp-content\/uploads\/2017\/10\/Montage-18-560x500.jpeg\" alt=\"\" title=\"\" class=\"easingslider-image easingslider-lazy\" \/><\/div><div class=\"easingslider-slide\"><img decoding=\"async\" src=\"https:\/\/artsvivantscieparadisiaque.fr\/wp-content\/plugins\/easing-slider\/assets\/images\/placeholder-pixel.png\" data-src=\"https:\/\/artsvivantscieparadisiaque.fr\/wp-content\/uploads\/2017\/10\/Montage-17-560x500.jpeg\" alt=\"\" title=\"\" class=\"easingslider-image easingslider-lazy\" \/><\/div><div class=\"easingslider-slide\"><img decoding=\"async\" src=\"https:\/\/artsvivantscieparadisiaque.fr\/wp-content\/plugins\/easing-slider\/assets\/images\/placeholder-pixel.png\" data-src=\"https:\/\/artsvivantscieparadisiaque.fr\/wp-content\/uploads\/2017\/10\/Montage-11-560x500.jpeg\" alt=\"\" title=\"\" class=\"easingslider-image easingslider-lazy\" \/><\/div><div class=\"easingslider-slide\"><img decoding=\"async\" src=\"https:\/\/artsvivantscieparadisiaque.fr\/wp-content\/plugins\/easing-slider\/assets\/images\/placeholder-pixel.png\" data-src=\"https:\/\/artsvivantscieparadisiaque.fr\/wp-content\/uploads\/2017\/10\/Montage-14-3-560x500.jpeg\" alt=\"\" title=\"\" class=\"easingslider-image easingslider-lazy\" \/><\/div><div class=\"easingslider-slide\"><img decoding=\"async\" src=\"https:\/\/artsvivantscieparadisiaque.fr\/wp-content\/plugins\/easing-slider\/assets\/images\/placeholder-pixel.png\" data-src=\"https:\/\/artsvivantscieparadisiaque.fr\/wp-content\/uploads\/2017\/10\/Montage-16-1-560x500.jpeg\" alt=\"\" title=\"\" class=\"easingslider-image easingslider-lazy\" \/><\/div><div class=\"easingslider-slide\"><img decoding=\"async\" src=\"https:\/\/artsvivantscieparadisiaque.fr\/wp-content\/plugins\/easing-slider\/assets\/images\/placeholder-pixel.png\" data-src=\"https:\/\/artsvivantscieparadisiaque.fr\/wp-content\/uploads\/2017\/10\/Montage-13-560x500.jpeg\" alt=\"\" title=\"\" class=\"easingslider-image easingslider-lazy\" \/><\/div><div class=\"easingslider-slide\"><img decoding=\"async\" src=\"https:\/\/artsvivantscieparadisiaque.fr\/wp-content\/plugins\/easing-slider\/assets\/images\/placeholder-pixel.png\" data-src=\"https:\/\/artsvivantscieparadisiaque.fr\/wp-content\/uploads\/2017\/10\/Montage-15-560x500.jpeg\" alt=\"\" title=\"\" class=\"easingslider-image easingslider-lazy\" \/><\/div><div class=\"easingslider-slide\"><img decoding=\"async\" src=\"https:\/\/artsvivantscieparadisiaque.fr\/wp-content\/plugins\/easing-slider\/assets\/images\/placeholder-pixel.png\" data-src=\"https:\/\/artsvivantscieparadisiaque.fr\/wp-content\/uploads\/2017\/10\/Montage-09-560x500.jpeg\" alt=\"\" title=\"\" class=\"easingslider-image easingslider-lazy\" \/><\/div><div class=\"easingslider-slide\"><img decoding=\"async\" src=\"https:\/\/artsvivantscieparadisiaque.fr\/wp-content\/plugins\/easing-slider\/assets\/images\/placeholder-pixel.png\" data-src=\"https:\/\/artsvivantscieparadisiaque.fr\/wp-content\/uploads\/2017\/10\/Montage-10-560x500.jpeg\" alt=\"\" title=\"\" class=\"easingslider-image easingslider-lazy\" \/><\/div><div class=\"easingslider-slide\"><img decoding=\"async\" src=\"https:\/\/artsvivantscieparadisiaque.fr\/wp-content\/plugins\/easing-slider\/assets\/images\/placeholder-pixel.png\" data-src=\"https:\/\/artsvivantscieparadisiaque.fr\/wp-content\/uploads\/2017\/10\/Montage-05-560x500.jpeg\" alt=\"\" title=\"\" class=\"easingslider-image easingslider-lazy\" \/><\/div><div class=\"easingslider-slide\"><img decoding=\"async\" src=\"https:\/\/artsvivantscieparadisiaque.fr\/wp-content\/plugins\/easing-slider\/assets\/images\/placeholder-pixel.png\" data-src=\"https:\/\/artsvivantscieparadisiaque.fr\/wp-content\/uploads\/2017\/10\/Montage-06-560x500.jpeg\" alt=\"\" title=\"\" class=\"easingslider-image easingslider-lazy\" \/><\/div><div class=\"easingslider-slide\"><img decoding=\"async\" src=\"https:\/\/artsvivantscieparadisiaque.fr\/wp-content\/plugins\/easing-slider\/assets\/images\/placeholder-pixel.png\" data-src=\"https:\/\/artsvivantscieparadisiaque.fr\/wp-content\/uploads\/2017\/10\/Montage-08-1-560x500.jpeg\" alt=\"\" title=\"\" class=\"easingslider-image easingslider-lazy\" \/><\/div><div class=\"easingslider-slide\"><img decoding=\"async\" src=\"https:\/\/artsvivantscieparadisiaque.fr\/wp-content\/plugins\/easing-slider\/assets\/images\/placeholder-pixel.png\" data-src=\"https:\/\/artsvivantscieparadisiaque.fr\/wp-content\/uploads\/2017\/10\/Montage-03-3-560x500.jpeg\" alt=\"\" title=\"\" class=\"easingslider-image easingslider-lazy\" \/><\/div><div class=\"easingslider-slide\"><img decoding=\"async\" src=\"https:\/\/artsvivantscieparadisiaque.fr\/wp-content\/plugins\/easing-slider\/assets\/images\/placeholder-pixel.png\" data-src=\"https:\/\/artsvivantscieparadisiaque.fr\/wp-content\/uploads\/2017\/10\/Montage-04-560x500.jpeg\" alt=\"\" title=\"\" class=\"easingslider-image easingslider-lazy\" \/><\/div><div class=\"easingslider-slide\"><img decoding=\"async\" src=\"https:\/\/artsvivantscieparadisiaque.fr\/wp-content\/plugins\/easing-slider\/assets\/images\/placeholder-pixel.png\" data-src=\"https:\/\/artsvivantscieparadisiaque.fr\/wp-content\/uploads\/2017\/10\/Montage-02-2-560x500.jpeg\" alt=\"\" title=\"\" class=\"easingslider-image easingslider-lazy\" \/><\/div><div class=\"easingslider-slide\"><img decoding=\"async\" src=\"https:\/\/artsvivantscieparadisiaque.fr\/wp-content\/plugins\/easing-slider\/assets\/images\/placeholder-pixel.png\" data-src=\"https:\/\/artsvivantscieparadisiaque.fr\/wp-content\/uploads\/2017\/10\/Montage-01-560x500.jpeg\" alt=\"\" title=\"\" class=\"easingslider-image easingslider-lazy\" \/><\/div><div class=\"easingslider-slide\"><img decoding=\"async\" src=\"https:\/\/artsvivantscieparadisiaque.fr\/wp-content\/plugins\/easing-slider\/assets\/images\/placeholder-pixel.png\" data-src=\"https:\/\/artsvivantscieparadisiaque.fr\/wp-content\/uploads\/2017\/10\/Montage-07-560x500.jpeg\" alt=\"\" title=\"\" class=\"easingslider-image easingslider-lazy\" \/><\/div><\/div><br \/>\n<em>La Guerre est Longue, Les Jupes sont Courtes, festival ETHOS d&rsquo;Ankara Turquie<\/em><\/p>\n<\/div>\n<\/div>\n","protected":false},"excerpt":{"rendered":"<p>Th\u00e9\u00e2tre &#8211; chant, cr\u00e9ation 2014 Tout public \u00e0 partir de 11 ans &nbsp; Sur sc\u00e8ne, un r\u00e9cit de femme, Lola. Une histoire d\u2019amour poignante, entre elle et l\u2019homme qu\u2019elle a perdu. Les ann\u00e9es folles vibrent encore des coups de canon.<\/p>\n","protected":false},"author":1,"featured_media":0,"parent":0,"menu_order":0,"comment_status":"closed","ping_status":"closed","template":"","meta":{"footnotes":""},"aioseo_notices":[],"_links":{"self":[{"href":"https:\/\/artsvivantscieparadisiaque.fr\/index.php\/wp-json\/wp\/v2\/pages\/2287"}],"collection":[{"href":"https:\/\/artsvivantscieparadisiaque.fr\/index.php\/wp-json\/wp\/v2\/pages"}],"about":[{"href":"https:\/\/artsvivantscieparadisiaque.fr\/index.php\/wp-json\/wp\/v2\/types\/page"}],"author":[{"embeddable":true,"href":"https:\/\/artsvivantscieparadisiaque.fr\/index.php\/wp-json\/wp\/v2\/users\/1"}],"replies":[{"embeddable":true,"href":"https:\/\/artsvivantscieparadisiaque.fr\/index.php\/wp-json\/wp\/v2\/comments?post=2287"}],"version-history":[{"count":31,"href":"https:\/\/artsvivantscieparadisiaque.fr\/index.php\/wp-json\/wp\/v2\/pages\/2287\/revisions"}],"predecessor-version":[{"id":2394,"href":"https:\/\/artsvivantscieparadisiaque.fr\/index.php\/wp-json\/wp\/v2\/pages\/2287\/revisions\/2394"}],"wp:attachment":[{"href":"https:\/\/artsvivantscieparadisiaque.fr\/index.php\/wp-json\/wp\/v2\/media?parent=2287"}],"curies":[{"name":"wp","href":"https:\/\/api.w.org\/{rel}","templated":true}]}}