{"id":1806,"date":"2020-02-03T07:47:09","date_gmt":"2020-02-03T06:47:09","guid":{"rendered":"http:\/\/artsvivantscieparadisiaque.fr\/?page_id=1806"},"modified":"2020-06-22T18:07:32","modified_gmt":"2020-06-22T16:07:32","slug":"et-lair-semble-vibrer-legerement","status":"publish","type":"page","link":"https:\/\/artsvivantscieparadisiaque.fr\/index.php\/et-lair-semble-vibrer-legerement\/","title":{"rendered":"Et l&rsquo;air semble vibrer l\u00e9gerement"},"content":{"rendered":"<div class=\"\">\n<h5><a href=\"http:\/\/artsvivantscieparadisiaque.fr\/\" target=\"_blank\" rel=\"noopener\"><img loading=\"lazy\" decoding=\"async\" class=\"wp-image-1102 alignright\" src=\"http:\/\/artsvivantscieparadisiaque.fr\/wp-content\/uploads\/2017\/10\/bouton-retour-595x229.png\" alt=\"\" width=\"78\" height=\"30\" srcset=\"https:\/\/artsvivantscieparadisiaque.fr\/wp-content\/uploads\/2017\/10\/bouton-retour-595x229.png 595w, https:\/\/artsvivantscieparadisiaque.fr\/wp-content\/uploads\/2017\/10\/bouton-retour.png 600w\" sizes=\"(max-width: 78px) 100vw, 78px\" \/><\/a>Musique-Th\u00e9\u00e2tre, Cr\u00e9ation 2018-2019<\/h5>\n<div class=\"\">Musique-Th\u00e9\u00e2tre<\/div>\n<div class=\"\">\n<p>Tout public \u00e0 partir de 10 ans<\/p>\n<p><img loading=\"lazy\" decoding=\"async\" class=\"alignnone wp-image-1875\" src=\"http:\/\/artsvivantscieparadisiaque.fr\/wp-content\/uploads\/2020\/02\/ASVL-5e-page.png-595x393.jpg\" alt=\"\" width=\"571\" height=\"377\" srcset=\"https:\/\/artsvivantscieparadisiaque.fr\/wp-content\/uploads\/2020\/02\/ASVL-5e-page.png-595x393.jpg 595w, https:\/\/artsvivantscieparadisiaque.fr\/wp-content\/uploads\/2020\/02\/ASVL-5e-page.png-600x397.jpg 600w, https:\/\/artsvivantscieparadisiaque.fr\/wp-content\/uploads\/2020\/02\/ASVL-5e-page.png.jpg 605w\" sizes=\"(max-width: 571px) 100vw, 571px\" \/><\/p>\n<p>Musique<br \/>\nSc\u00e8nes d&rsquo;enfants de Robert Schumman<br \/>\nMoments musicaux de Frants Schubert<br \/>\nLe miroir bris\u00e9 de Vladimir Cosma et Jacques Pr\u00e9vert<\/p>\n<\/div>\n<\/div>\n<div class=\"\"><\/div>\n<div class=\"\">\n<div class=\"\">Textes<\/div>\n<div class=\"\">Enfance de Nathalie Sarraute<\/div>\n<div class=\"\">Peter Pan de James Matthew Barrie<\/div>\n<div class=\"\">Jardin de po\u00e8mes d&rsquo;enfance de Robert Louis Stevenson<\/div>\n<div class=\"\">J&rsquo;ai donc moi aussi \u00e9t\u00e9 un enfant d&rsquo;Abdellatif La\u00e2bi<\/div>\n<div class=\"\">\n<p>Paroles de Jacques Pr\u00e9vert<\/p>\n<p>Jeu th\u00e9\u00e2tral et mise en sc\u00e8ne : Xavier Besson<br \/>\nPiano : Sylvie Pinchon<br \/>\nSc\u00e9nographie : Vladimir Gourko<br \/>\nLumi\u00e8res :\u00a0Anna Tubiani<\/p>\n<\/div>\n<\/div>\n<div class=\"\"><span class=\"\">Les vibrations sont d\u2019abord celles des notes de musique,<\/span><\/div>\n<div class=\"\"><span class=\"\">celles du piano des <i class=\"\">Moments musicaux<\/i> de Schubert et des<\/span><\/div>\n<div class=\"\"><span class=\"\"><i class=\"\">Kinderszenen<\/i> de Schumann.<\/span><\/div>\n<div class=\"\"><span class=\"\">Par la l\u00e9g\u00e8ret\u00e9 de la forme et l\u2019intensit\u00e9 expressive, ce\u00a0<\/span><\/div>\n<div class=\"\"><span class=\"\">r\u00e9pertoire s\u2019apparente \u00e0 la po\u00e9sie : s\u2019y m\u00ealent fra\u00eecheur, vitalit\u00e9<\/span><\/div>\n<p class=\"\"><span class=\"\">et profondeur, propices aux r\u00eaveries et aux voyages int\u00e9rieurs.<\/span><\/p>\n<div class=\"\"><span class=\"\">Les vibrations, ce sont donc aussi les \u00e9motions suscit\u00e9es par<\/span><\/div>\n<div class=\"\"><span class=\"\">l\u2019\u00e9coute et le jeu de ces oeuvres qui ont saisi la pianiste Sylvie<\/span><\/div>\n<div class=\"\"><span class=\"\">Pinchon d\u00e8s son enfance et l\u2019habitent encore aujourd\u2019hui, et<\/span><\/div>\n<div class=\"\"><span class=\"\">qu\u2019elle a voulu partager sur sc\u00e8ne avec le com\u00e9dien Xavier<\/span><\/div>\n<p class=\"\"><span class=\"\">Besson.<\/span><\/p>\n<div class=\"\"><span class=\"\">Rapproch\u00e9s par une sensibilit\u00e9 commune aux sons et aux<\/span><\/div>\n<div class=\"\"><span class=\"\">mots, \u00e0 leur puissance \u00e9vocatrice et \u00abcolorante\u00bb, les deux<\/span><\/div>\n<div class=\"\"><span class=\"\">artistes ont laiss\u00e9 libre cours \u00e0 leur imaginaire, et ont tiss\u00e9<\/span><\/div>\n<div class=\"\"><span class=\"\">autour de ces musiques une grande toile douce et<\/span><\/div>\n<div class=\"\"><span class=\"\">chatoyante, dans laquelle les notes des grands auteurs, de<\/span><\/div>\n<div class=\"\"><span class=\"\">Stevenson \u00e0 Sarraute, vibrent avec, autour, contre les notes du<\/span><\/div>\n<p class=\"\"><span class=\"\">piano et les impressions qu\u2019elles \u00e9veillent.<\/span><\/p>\n<div class=\"\"><span class=\"\">En s\u2019impr\u00e9gnant de ces musiques d\u2019une force expressive<\/span><\/div>\n<div class=\"\"><span class=\"\">universelle, et de ces textes accessibles aussi bien aux<\/span><\/div>\n<div class=\"\"><span class=\"\">enfants, dans leur imm\u00e9diatet\u00e9 narrative, qu\u2019aux adultes \u00e0 qui<\/span><\/div>\n<div class=\"\"><span class=\"\">ils proposent un regard sur l\u2019enfance ou une plong\u00e9e dans le<\/span><\/div>\n<div class=\"\"><span class=\"\">temps. l\u2019air s\u2019anime et r\u00e9anime en venant toucher les<\/span><\/div>\n<div class=\"\"><span class=\"\">spectateurs, leurs vibrations propres, leurs histoires, leurs<\/span><\/div>\n<p class=\"\"><span class=\"\">souvenirs, leurs r\u00e9flexions et leurs r\u00eaves.<\/span><\/p>\n<div class=\"\"><span class=\"\">Le spectacle sera finalis\u00e9 dans sa sc\u00e9nogarphie et ses lumi\u00e8res en janvier 2020.<\/span><\/div>\n<div class=\"\">\n<p><span class=\"\">Des maquettes du travail ont \u00e9t\u00e9 donn\u00e9es \u00e0 la m\u00e9diath\u00e8que de B\u00e9ziers dans le cadre des programmations du conservatoire d\u00e9partementale de B\u00e9ziers accompagn\u00e9 d&rsquo;un atelier p\u00e9dagogique sur \u00ab\u00a0la pr\u00e9sence en partage\u00a0: musique et th\u00e9\u00e2tre.\u00a0\u00bb ainsi qu\u2019au Ch\u00e2teau des \u00e9v\u00eaques de Lav\u00e9rune dans le cadre de la programmation de l&rsquo;association \u00ab\u00a0Pr\u00e9lude\u00a0\u00bb.<\/span><\/p>\n<p>&nbsp;<\/p>\n<\/div>\n<div><\/div>\n<div>\n<p style=\"text-align: center;\">\n<!--[if lt IE 9]><script>document.createElement('audio');<\/script><![endif]-->\n<audio class=\"wp-audio-shortcode\" id=\"audio-1806-1\" preload=\"none\" style=\"width: 100%;\" controls=\"controls\"><source type=\"audio\/mpeg\" src=\"http:\/\/artsvivantscieparadisiaque.fr\/wp-content\/uploads\/2020\/06\/Extrait-sonore-de-Et-lair-2.mp3?_=1\" \/><a href=\"http:\/\/artsvivantscieparadisiaque.fr\/wp-content\/uploads\/2020\/06\/Extrait-sonore-de-Et-lair-2.mp3\">http:\/\/artsvivantscieparadisiaque.fr\/wp-content\/uploads\/2020\/06\/Extrait-sonore-de-Et-lair-2.mp3<\/a><\/audio>\n<\/div>\n<p style=\"text-align: center;\"><a href=\"http:\/\/artsvivantscieparadisiaque.fr\/wp-content\/uploads\/2020\/06\/Extrait-sonore-de-Et-lair-2.mp3\" target=\"_blank\" rel=\"noopener\"><strong><em>Extrait sonore du spectacle<\/em><\/strong><\/a><\/p>\n<p>&nbsp;<\/p>\n<p><img loading=\"lazy\" decoding=\"async\" class=\"wp-image-2328 aligncenter\" src=\"http:\/\/artsvivantscieparadisiaque.fr\/wp-content\/uploads\/2020\/06\/Et-lair_dossier-du-spectacle-pdf-960x1358-1-595x842.jpg\" alt=\"\" width=\"158\" height=\"224\" srcset=\"https:\/\/artsvivantscieparadisiaque.fr\/wp-content\/uploads\/2020\/06\/Et-lair_dossier-du-spectacle-pdf-960x1358-1-595x842.jpg 595w, https:\/\/artsvivantscieparadisiaque.fr\/wp-content\/uploads\/2020\/06\/Et-lair_dossier-du-spectacle-pdf-960x1358-1-768x1086.jpg 768w, https:\/\/artsvivantscieparadisiaque.fr\/wp-content\/uploads\/2020\/06\/Et-lair_dossier-du-spectacle-pdf-960x1358-1.jpg 960w, https:\/\/artsvivantscieparadisiaque.fr\/wp-content\/uploads\/2020\/06\/Et-lair_dossier-du-spectacle-pdf-960x1358-1-600x849.jpg 600w\" sizes=\"(max-width: 158px) 100vw, 158px\" \/><\/p>\n<p style=\"text-align: center;\"><a href=\"http:\/\/artsvivantscieparadisiaque.fr\/wp-content\/uploads\/2020\/06\/Et-lair_dossier-du-spectacle.pdf\" target=\"_blank\" rel=\"noopener\"><strong><em>T\u00e9l\u00e9charger le dossier du spectacle<\/em><\/strong><\/a><\/p>\n","protected":false},"excerpt":{"rendered":"<p>Musique-Th\u00e9\u00e2tre, Cr\u00e9ation 2018-2019 Musique-Th\u00e9\u00e2tre Tout public \u00e0 partir de 10 ans Musique Sc\u00e8nes d&rsquo;enfants de Robert Schumman Moments musicaux de Frants Schubert Le miroir bris\u00e9 de Vladimir Cosma et Jacques Pr\u00e9vert Textes Enfance de Nathalie Sarraute Peter Pan de James<\/p>\n","protected":false},"author":1,"featured_media":1875,"parent":0,"menu_order":0,"comment_status":"closed","ping_status":"closed","template":"","meta":{"footnotes":""},"aioseo_notices":[],"_links":{"self":[{"href":"https:\/\/artsvivantscieparadisiaque.fr\/index.php\/wp-json\/wp\/v2\/pages\/1806"}],"collection":[{"href":"https:\/\/artsvivantscieparadisiaque.fr\/index.php\/wp-json\/wp\/v2\/pages"}],"about":[{"href":"https:\/\/artsvivantscieparadisiaque.fr\/index.php\/wp-json\/wp\/v2\/types\/page"}],"author":[{"embeddable":true,"href":"https:\/\/artsvivantscieparadisiaque.fr\/index.php\/wp-json\/wp\/v2\/users\/1"}],"replies":[{"embeddable":true,"href":"https:\/\/artsvivantscieparadisiaque.fr\/index.php\/wp-json\/wp\/v2\/comments?post=1806"}],"version-history":[{"count":24,"href":"https:\/\/artsvivantscieparadisiaque.fr\/index.php\/wp-json\/wp\/v2\/pages\/1806\/revisions"}],"predecessor-version":[{"id":2329,"href":"https:\/\/artsvivantscieparadisiaque.fr\/index.php\/wp-json\/wp\/v2\/pages\/1806\/revisions\/2329"}],"wp:featuredmedia":[{"embeddable":true,"href":"https:\/\/artsvivantscieparadisiaque.fr\/index.php\/wp-json\/wp\/v2\/media\/1875"}],"wp:attachment":[{"href":"https:\/\/artsvivantscieparadisiaque.fr\/index.php\/wp-json\/wp\/v2\/media?parent=1806"}],"curies":[{"name":"wp","href":"https:\/\/api.w.org\/{rel}","templated":true}]}}