{"id":1804,"date":"2020-02-03T07:46:39","date_gmt":"2020-02-03T06:46:39","guid":{"rendered":"http:\/\/artsvivantscieparadisiaque.fr\/?page_id=1804"},"modified":"2025-11-10T09:25:26","modified_gmt":"2025-11-10T08:25:26","slug":"nunuche-underground","status":"publish","type":"page","link":"https:\/\/artsvivantscieparadisiaque.fr\/index.php\/nunuche-underground\/","title":{"rendered":"SLASH"},"content":{"rendered":"<div class=\"\"><\/div>\n<div class=\"\">\n<h3><a href=\"http:\/\/artsvivantscieparadisiaque.fr\/\" target=\"_blank\" rel=\"noopener\"><img loading=\"lazy\" decoding=\"async\" class=\"wp-image-1102 alignright\" src=\"http:\/\/artsvivantscieparadisiaque.fr\/wp-content\/uploads\/2017\/10\/bouton-retour-595x229.png\" alt=\"\" width=\"78\" height=\"30\" srcset=\"https:\/\/artsvivantscieparadisiaque.fr\/wp-content\/uploads\/2017\/10\/bouton-retour-595x229.png 595w, https:\/\/artsvivantscieparadisiaque.fr\/wp-content\/uploads\/2017\/10\/bouton-retour.png 600w\" sizes=\"(max-width: 78px) 100vw, 78px\" \/><\/a><\/h3>\n<\/div>\n<h5>Projet d\u2019\u00e9criture_Cr\u00e9ation 2027<\/h5>\n<p>Th\u00e9\u00e2tre<br \/>\nTout public \u00e0 partir de 15 ans<\/p>\n<p><img loading=\"lazy\" decoding=\"async\" class=\" wp-image-3380 alignleft\" src=\"https:\/\/artsvivantscieparadisiaque.fr\/wp-content\/uploads\/2025\/11\/CP_image-com-01_SLASH.jpg\" alt=\"\" width=\"287\" height=\"434\" \/><\/p>\n<p dir=\"ltr\"><span style=\"font-family: Futura;\"><br \/>\nAutomne 1996. Nuit du bal du lyc\u00e9e. Rose, dix-sept ans, un attrait ind\u00e9niable pour la litt\u00e9rature gothique et les bluettes am\u00e9ricaines, \u00e9touff\u00e9e par son p\u00e8re, d\u00e9vor\u00e9e par sa m\u00e8re, seule, \u00e0 peu de choses pr\u00e8s, bossant au Snoocky-Snack apr\u00e8s les cours, ayant sa carte au vid\u00e9o club et \u00e0 la biblioth\u00e8que, amoureuse folle de Christian Wackx, perdant pied de plus en plus souvent ces temps-ci, est retrouv\u00e9e dans un bus de banlieue en robe de mari\u00e9e \u00e0 4h58 du matin.\u00a0<\/span><\/p>\n<p dir=\"ltr\"><span style=\"font-family: Futura;\"><br \/>\nDifficile de dire ce qui s\u2019est vraiment pass\u00e9 cette nuit-l\u00e0. D\u2019autant que lundi matin on a ouvert au lyc\u00e9e de Rose un cellule psychologique et une enqu\u00eate pour meurtre.<\/span><\/p>\n<p dir=\"ltr\" style=\"text-align: left;\"><span style=\"font-family: Futura;\"><br \/>\nEn 4 variations de 12h, Slash nous entra\u00eene dans les sous sols obscurs d\u2019une romance. Comme dans un thriller fantasmagorique on voit se reconstituer l\u2019histoire, en s\u2019engouffrant avec Rose dans le road trip vengeur qu\u2019elle se fraye dans la nuit et en elle-m\u00eame, avec pour compagnie hallucin\u00e9e et salvatrice une ic\u00f4ne litt\u00e9raire spectrale, un vigile de supermarch\u00e9, un type malsain qui parle aux princesses et un po\u00e8te suicid\u00e9.<\/span><\/p>\n<p>&nbsp;<\/p>\n<p>&nbsp;<\/p>\n<h3 style=\"text-align: center;\"><a href=\"https:\/\/artsvivantscieparadisiaque.fr\/wp-content\/uploads\/2025\/11\/CP_SLASH_Dossier-de-creation_web.pdf\" target=\"_blank\" rel=\"noopener\"><span style=\"color: #ff6600;\">Le dossier de cr\u00e9ation du spectacle<\/span><\/a><\/h3>\n<p>&nbsp;<\/p>\n<p><b><br \/>\nSLASH <\/b>v. angl.<\/p>\n<p>Couper avec une lame tranchante d&rsquo;un mouvement rapide et puissant.<br \/>\n<i>We had to slas<\/i><i>h <\/i><i>our way<\/i> <i>through<\/i> <i>the long<\/i> <i>grass<\/i> <i>to clear a path*<br \/>\n<\/i><i>Nous avons d\u00fb nous frayer un chemin \u00e0 travers les hautes herbes pour d\u00e9gager le passage.<br \/>\n<\/i>D\u00e9f in.Cambridge Dictionary<\/p>\n<div><span style=\"font-family: HelveticaNeue;\">Texte et mise en sc\u00e8ne : Laure Poudevigne<br \/>\nCr\u00e9ation musique et sons : Thibault Lamy<\/span><\/div>\n<div>\n<div><span style=\"font-family: HelveticaNeue;\">Cr\u00e9ation lumi\u00e8res : Jason Razoux<\/span><\/div>\n<div><span style=\"font-family: HelveticaNeue;\">Avec : Ma\u00efna Barrera, Xavier Besson, Christophe Gaultier, Lou Martin-Ferret, Laure Poudevigne, Fr\u00e9d\u00e9ric Roudier et Julien Testard<\/span><\/div>\n<\/div>\n<div><span style=\"font-family: HelveticaNeue;\">Production : Carole Escolar<\/span><\/div>\n<div><span style=\"font-family: HelveticaNeue;\">Administration : V\u00e9ronique Munsch<\/span><\/div>\n<div class=\"\"><\/div>\n<div>\n<p><b><i>Slash<\/i><\/b>. Une faille. La faille qu\u2019une fille un peu <i>border,<\/i> un peu habit\u00e9e, un peu malheureuse, suite \u00e0 une agression violente, emprunte en elle-m\u00eame pour passer de l\u2019autre c\u00f4t\u00e9 du miroir, prenant le risque de cette zone floue, proche de la folie pour se sauver.<\/p>\n<p><b><i>Slash.<\/i><\/b> Mouvement rapide et puissant. Un extrait intense de vie, bref comme un hold-up. Une nuit br\u00e8ve comme un coup de hache dans la vie d\u2019une jeune fille. Un mouvement rapide et puissant comme le r\u00e8glement de compte hallucin\u00e9 et salutaire de Rose \u00e0 Rose. Comme on se rel\u00e8ve et on se fraye un chemin.<\/p>\n<p><b><i>Slash.<\/i><\/b> Une s\u00e9paration. Durant cette nuit de folie Rose coupe, d\u00e9fusionne, abat le p\u00e8re, d\u00e9boulonne le prince, laisse partir le fant\u00f4me de sa m\u00e8re, qui la hante depuis l\u2019enfance, rompt avec une Rose pour en \u00eatre une autre, courant le risque d\u2019\u00eatre en vie, d\u2019\u00eatre elle-m\u00eame,<\/p>\n<p><b><i>Slash<\/i><\/b>. Disruption, coupure du circuit, Rose la midinette, rose la <i>loose<\/i>, la <i>no life<\/i>, Rose toute seule, explose cette nuit-l\u00e0, et vole en \u00e9clat l\u2019ordre \u00e9tabli. Le bordel, le vrai, et le flic s\u2019\u00e9nerve, on brise des bouteilles, des vitrines, on devient la <i>black bloc<\/i> de sa vie de merde, on transgresse les fronti\u00e8res du r\u00e9el, on tue les vivants et on r\u00e9veille les morts, dans un monde qui br\u00fble pour en dresser un autre.<\/p>\n<\/div>\n<div><\/div>\n<div><\/div>\n<div><\/div>\n<div class=\"\">\n<div><\/div>\n<\/div>\n<div>\n<div class=\"\">\n<h4 style=\"text-align: center;\">S\u00e9lection festival <em>Texte en Cours\u00a0<\/em>2020<\/h4>\n<\/div>\n<div class=\"\">\n<h4 style=\"text-align: center;\"><a href=\"https:\/\/www.mixcloud.com\/TexteEnCours\/bulle-sonore-3-laure-poudevigne-nunuche-underground\/\" target=\"_blank\" rel=\"noopener\"><strong><span style=\"color: #ff9b25;\">\u00e9couter la bulle sonore<\/span><\/strong><\/a><\/h4>\n<\/div>\n<p>&nbsp;<\/p>\n<\/div>\n","protected":false},"excerpt":{"rendered":"<p>Projet d\u2019\u00e9criture_Cr\u00e9ation 2027 Th\u00e9\u00e2tre Tout public \u00e0 partir de 15 ans Automne 1996. Nuit du bal du lyc\u00e9e. Rose, dix-sept ans, un attrait ind\u00e9niable pour la litt\u00e9rature gothique et les bluettes am\u00e9ricaines, \u00e9touff\u00e9e par son p\u00e8re, d\u00e9vor\u00e9e par sa m\u00e8re,<\/p>\n","protected":false},"author":1,"featured_media":1876,"parent":0,"menu_order":0,"comment_status":"closed","ping_status":"closed","template":"","meta":{"footnotes":""},"aioseo_notices":[],"_links":{"self":[{"href":"https:\/\/artsvivantscieparadisiaque.fr\/index.php\/wp-json\/wp\/v2\/pages\/1804"}],"collection":[{"href":"https:\/\/artsvivantscieparadisiaque.fr\/index.php\/wp-json\/wp\/v2\/pages"}],"about":[{"href":"https:\/\/artsvivantscieparadisiaque.fr\/index.php\/wp-json\/wp\/v2\/types\/page"}],"author":[{"embeddable":true,"href":"https:\/\/artsvivantscieparadisiaque.fr\/index.php\/wp-json\/wp\/v2\/users\/1"}],"replies":[{"embeddable":true,"href":"https:\/\/artsvivantscieparadisiaque.fr\/index.php\/wp-json\/wp\/v2\/comments?post=1804"}],"version-history":[{"count":68,"href":"https:\/\/artsvivantscieparadisiaque.fr\/index.php\/wp-json\/wp\/v2\/pages\/1804\/revisions"}],"predecessor-version":[{"id":3420,"href":"https:\/\/artsvivantscieparadisiaque.fr\/index.php\/wp-json\/wp\/v2\/pages\/1804\/revisions\/3420"}],"wp:featuredmedia":[{"embeddable":true,"href":"https:\/\/artsvivantscieparadisiaque.fr\/index.php\/wp-json\/wp\/v2\/media\/1876"}],"wp:attachment":[{"href":"https:\/\/artsvivantscieparadisiaque.fr\/index.php\/wp-json\/wp\/v2\/media?parent=1804"}],"curies":[{"name":"wp","href":"https:\/\/api.w.org\/{rel}","templated":true}]}}