{"id":1049,"date":"2017-10-05T15:46:50","date_gmt":"2017-10-05T13:46:50","guid":{"rendered":"http:\/\/artsvivantscieparadisiaque.fr\/index.php\/calendar\/"},"modified":"2024-12-11T09:45:47","modified_gmt":"2024-12-11T08:45:47","slug":"calendar","status":"publish","type":"page","link":"https:\/\/artsvivantscieparadisiaque.fr\/index.php\/calendar\/","title":{"rendered":"Agenda"},"content":{"rendered":"<p><strong><span style=\"color: #ff6600;\">2023-2024<\/span><\/strong><\/p>\n<p><em><span style=\"color: #ff6600;\">Puisette &amp; Fragile<br \/>\n<\/span><\/em>Les 16 et 17 novembre 2023 \u2022 Salle des f\u00eates \u2022 Montespan (31)<br \/>\nLe 18 novembre 2023 \u2022 Salon du livre \u00ab\u00a0Haltes Nomades\u00a0\u00bb \u2022 Maz\u00e8res-sur-Salat (31)<br \/>\nLe 28 novembre 2023 \u2022 Salle municipale \u2022 Montredon-des-Corbi\u00e8res (11)<br \/>\nLe 29 novembre 2023 \u00e0 10 h \u2022 M\u00e9diath\u00e8que \u2022 Paulhan (34)<br \/>\nLe 29 novembre 2023 \u00e0 16 h \u2022 M\u00e9diath\u00e8que \u2022 N\u00e9bian (34)<br \/>\nLe 7 f\u00e9vrier 2024 \u2022 Festival \u00ab\u00a0Ou\u00efes dire\u00a0\u00bb, Le Polaris \u2022 Corbas (69) Lecture sonore et anim\u00e9e<br \/>\nLe 24 f\u00e9vrier 2024 \u2022 Th\u00e9\u00e2tre La Passerelle \u2022 Jacou (34) suivi d\u2019une d\u00e9dicace<br \/>\nLes 3, 4 et 5 mars 2024 \u2022 Th\u00e9\u00e2tre Jean Alary \u2022 Carcassonne (11)<\/p>\n<p><em><span style=\"color: #ff6600;\">Dinosaure<br \/>\n<\/span><\/em><span class=\"\">29 avril 14h30 (scolaire) et 19h (Tout Public) Festival la Dinette 2025- Bouillon Cube\u2022 Sc\u00e8ne en Grand Pic Saint Loup &#8211; Saint-G\u00e9ly-du-Fesc (34)<br \/>\n<\/span><span class=\"\">3 et 4 mai 2024\u2022 Th\u00e9\u00e2tre La Vista \u2013 La Chapelle \u2022 Montpellier (34)<br \/>\n<\/span><span class=\"\">4 et 5 avril 2024 \u00e0 9 h 30 et 14 h 30 \u2013 6 avril \u00e0 10 h 30 \u2022 Salle Roger Planchon \u2022 Saint-Chamond (42)<br \/>\n<\/span><span class=\"\">4 f\u00e9vrier 2024 \u00e0 16 h \u2013 5 f\u00e9vrier \u00e0 14 h 30 \u2022 L\u2019Agora \u2022 Le Cr\u00e8s (34)<br \/>\n<\/span><span class=\"\">18 janvier 2024 \u00e0 10 h 30 et 14 h 30 \u2013 19 janvier \u00e0 19 h \u2022 Th\u00e9\u00e2tre Albar\u00e8de \u2022 Ganges (34)<br \/>\n<\/span><span class=\"\">Sortie publique de r\u00e9sidence de dinosaure au Th\u00e9\u00e2tre d\u2019O_salle Paul Puaux<br class=\"\" \/>jeudi 12 octobre 2023 \u00e0 14h30 et vendredi 13 octobre \u00e0 10h<br \/>\n<\/span><span class=\"\">14 janvier 2023 \u00e0 15h &#8211; Lecture mise en espace- <a class=\"\" href=\"https:\/\/lagrandehorloge.fr\/Journal-Intime\/\">Festival Journal Intime<\/a>&#8211; Le Gazette Caf\u00e9, Montpellier<\/span><\/p>\n<p><strong><span style=\"color: #ff6600;\">2022-2023<\/span><\/strong><\/p>\n<p>Le 15 octobre 2022 \u2022 Salon r\u00e9gional du livre pour la jeunesse \u2022 Troyes (10)<br \/>\nLecture dessin\u00e9e avec Samuel Ribeyron<br \/>\nLe 31 octobre 2022 \u2022 Festival 1,2,3 soleil \u2022 Souvignargues (30)<br \/>\nLe 8 d\u00e9cembre 2022 \u00e0 10h45 \u2022 Ecole maternelle Winston Churchill \u2022 Montpellier (34)<br \/>\nLe 20 janvier 2023 \u2022 M\u00e9diath\u00e8que Rh\u00f4ne Crussol \u2022 Nuit de la lecture \u2022 Guilherand-Granges (07)\u2028Lecture sonore et anim\u00e9e<br \/>\nLe 31 janvier 2023 \u2022 Ecole maternelle R. Roland \u2022 Valence (26)<br \/>\nLes 2 et 3 f\u00e9vrier 2023 \u2022 Le Polaris \u2022 Corbas (69)<br \/>\nLe 7 f\u00e9vrier 2023 \u2022 Maison du savoir \u2022 Saint Laurent de Neste (65)<br \/>\nLe 2 avril 2023 \u2022 Festival du livre \u00ab\u00a0Les Mots d\u2019Ouche\u00a0\u00bb, M\u00e9diath\u00e8que A. Recours \u2022 Conches sur Ouche (27)<br \/>\nLe 24 avril 2023 \u2022 Maison pour tous Marie Curie \u2022 Montpellier (34)<br \/>\nLe 26 avril 2023 \u2022 Th\u00e9\u00e2tre Bassaget \u2022 Mauguio (34)<br \/>\nLe 28 avril 2023 \u2022 Centre culturel Brenot \u2022 Grigny (69)<br \/>\nLe 28 mai 2023 \u2022 Th\u00e9\u00e2tre municipal \u2022 Ch\u00e2teaudun (28)<br \/>\nJuillet 2023 \u2022 Tourn\u00e9e CCAS, Lecture sonore et anim\u00e9e \u2022 Ar\u00e8s (33), Soulac (33), Domme (24), Montirin (15)<\/p>\n<p>&nbsp;<\/p>\n<p><span style=\"color: #ff6600;\"><strong><b class=\"\">2020-2021<\/b><\/strong><\/span><\/p>\n<p>Du 26 au 30 avril 2021 \u2022 Dinosaure \u2022 R\u00e9sidence recherche et \u00e9criture plateau<br \/>\nDu 01 au 02 avril\u00a02021 \u2022\u00a0Puisette &amp; Fragile \u2022 Th\u00e9\u00e2tre J\u00e9r\u00f4me Savary, Villeneuve-l\u00e8s-Maguelone<br \/>\nDu 22 au 25 mars 2021 \u2022\u00a0Puisette &amp; Fragile \u2022 Th\u00e9\u00e2tre Le Radiant Bellevue, Cuire et Caluire (69)<br \/>\nLe 21 mars 2021 \u2022\u00a0Puisette &amp; Fragile \u2022 Festival les Matrus, Chavanay (42)<br \/>\nDu 11 au 13 mars 2021\u2022\u00a0Puisette &amp; Fragile \u2022Le Cairn, Lans-en-Vercors (38)<br \/>\nDu 22 au 27 f\u00e9vrier 2021 \u2022 Dinosaure \u2022 R\u00e9sidence recherche et \u00e9criture plateau<br \/>\nLe 17 f\u00e9vrier 2021 \u2022\u00a0Puisette &amp; Fragile \u2022 Th\u00e9\u00e2tre Chateaubriand, Saint Malo (35)<br \/>\nDu 19 au 21 janvier 2021 \u2022\u00a0Puisette &amp; Fragile \u2022 Le Karavan Th\u00e9\u00e2tre, Chassieu (69)<\/p>\n<p><span style=\"color: #ff6600;\"><strong>2019-2020<\/strong><\/span><\/p>\n<p>Du 23 au 27 juin 2020 \u2022 Dinosaure \u2022 R\u00e9sidence recherche et \u00e9criture plateau\u2022 Quartier Gare-Lieu de Fabrique et de cr\u00e9ation, Montpellier (34)<br \/>\nDu 13 au 18 avril 2020\u2022 Nunuche Underground\u2022 R\u00e9sidence d&rsquo;\u00e9criture<br \/>\nDu 15 au 20 mars 2020 \u2022 Dinosaure \u2022 R\u00e9sidence recherche et \u00e9criture \u2022 La Tendresse, Montpellier (34)<br \/>\nLe 23 f\u00e9vrier 2020 \u2022\u00a0Puisette &amp; Fragile \u2022Th\u00e9\u00e2tre Jean-Pierre Cassel, Le-Grau-du-Roi (30)<br \/>\nDu 06 au 08 f\u00e9vrier 2020 \u2022\u00a0Puisette &amp; Fragile \u2022 Th\u00e9\u00e2tre G\u00e9rard Philippe de St Chamond (42)<br \/>\nDu 13 au 17 janvier 2020\u00a0\u2022 Nunuche Underground \u2022 R\u00e9sidence recherche et \u00e9criture \u2022 L&rsquo;ENSAD, Montpellier (34)<br \/>\nLe 04 d\u00e9cembre 2019 \u2022\u00a0Puisette &amp; Fragile \u2022 M\u00e9diath\u00e8que Montaigne, Frontignan (34)<br \/>\nLe 03 d\u00e9cembre 2019 \u2022\u00a0Puisette &amp; Fragile \u2022 Ecole Winston Churchill, Montpellier (34)<br \/>\nLe 30 novembre 2019\u00a0\u2022\u00a0Puisette &amp; Fragile \u2022 M\u00e9diath\u00e8que de Chassieu (69)<br \/>\nLe 29 novembre 2019 \u2022\u00a0Puisette &amp; Fragile \u2022 M\u00e9diath\u00e8que de la C\u00f4te d\u2019Aime (73)<br \/>\nLe 19 novembre 2019 \u2022\u00a0Puisette &amp; Fragile \u2022 Festival Text\u2019en sc\u00e8ne, P\u00e9z\u00e9nas (34)<br \/>\nLe 18 octobre 2019 \u2022\u00a0Puisette &amp; Fragile \u2022 Ecole du centenaire, Lav\u00e9rune (34)<br \/>\nDu au septembre 2019\u00a0\u2022\u00a0Nunuche Underground \u2022 R\u00e9sidence d\u2019\u00e9criture \u2022 La Tendresse, Montpellier (34)<br \/>\nDu au aout 2019\u00a0\u2022\u00a0Nunuche Underground \u2022 r\u00e9sidence d\u2019\u00e9criture \u2022 Montpellier (34)<\/p>\n<p><span style=\"color: #ff6600;\"><strong>2018-2019<\/strong><\/span><\/p>\n<p>Le 08 juin 2019 \u2022 Puisette &amp; Fragile \u2022 M\u00e9diath\u00e8que de St-Mathieu-de-Tr\u00e9viers (34) Tourn\u00e9e m\u00e9diath\u00e8que d\u00e9partementale 34<br \/>\nLe 07 juin 2019 \u2022 Puisette &amp; Fragile \u2022 M\u00e9diath\u00e8que \u2022 Montarnaud (34) Tourn\u00e9e m\u00e9diath\u00e8que d\u00e9partementale 34<br \/>\nLe 01 juin 2019 \u2022 Puisette &amp; Fragile \u2022 Festival\u00a0<em>la Dinette,<\/em>\u00a0Bouillon Cube \u2022 La Grange-Causse de la Selle (34)<br \/>\nLe 15 mai 2019 \u2022 Puisette &amp; Fragile \u2022 Festival\u00a0<em>la Dinette,<\/em>\u00a0Bouillon Cube \u2022 Claret (34)<br \/>\nLe 15 mai 2019 \u2022 Puisette &amp; Fragile \u2022 M\u00e9diath\u00e8que \u2022 Teyran (34) Tourn\u00e9e m\u00e9diath\u00e8que d\u00e9partementale 34<br \/>\nLe 06 avril 2019 \u2022 Puisette &amp; Fragile \u2022 M\u00e9diath\u00e8que \u2022 Puissalicon (34) Tourn\u00e9e m\u00e9diath\u00e8que d\u00e9partementale 34<br \/>\nLe 06 avril 2019 \u2022 Puisette &amp; Fragile \u2022 M\u00e9diath\u00e8que \u2022 Roquebrun (34) Tourn\u00e9e m\u00e9diath\u00e8que d\u00e9partementale 34<br \/>\nLe 02 avril 2019 \u2022 Puisette &amp; Fragile \u2022 Le S\u00e9maphore \u2022 Roussillon (38)<br \/>\nLe 16 mars 2019 \u2022 Puisette &amp; Fragile \u2022 M\u00e9diath\u00e8que \u2022 Laurens (34) Tourn\u00e9e m\u00e9diath\u00e8que d\u00e9partementale 34<br \/>\nLe 19 mars 2019 \u2022 Puisette &amp; Fragile \u2022 Th\u00e9\u00e2tre Albar\u00e8de \u2022 Ganges (34)<br \/>\nLe 09 f\u00e9vrier 2019 \u2022 Puisette &amp; Fragile \u2022 \u00a0M\u00e9diath\u00e8que Aim\u00e9 C\u00e9saire \u2022 Bourg-en-Bresse (01)<br \/>\nDu 23 au 26 janvier 2019 \u2022 Puisette &amp; Fragile \u2022 Espace culturel L\u2019Atrium \u2022 Tassin-la-Demi-Lune (69)<br \/>\nLe 12 janvier 2019 \u2022 Puisette &amp; Fragile \u2022 M\u00e9diath\u00e8que Pierresvives \u2022 Montpellier (34)<br \/>\nLe 20 d\u00e9cembre 2018 \u2022 Puisette &amp; Fragile \u2022 Ecoles \u2022 Saint Germain-en-Gal (38)<br \/>\nLe 18 d\u00e9cembre 2018 \u2022 Puisette &amp; Fragile \u2022 Ecole maternelle Marie Pape-Carpantier \u2022 Montpellier (34)<br \/>\nDu 8 au 12 octobre 2018 \u2022 Puisette &amp; Fragile \u2022 Scolaire et tout public \u2022 Th\u00e9\u00e2tre de Vienne (38)<br \/>\nDu 1 au 04 octobre 2018 \u2022 Puisette &amp; Fragile \u2022 Service culturel Ville de Frontignan (34)<br \/>\nLe 23 septembre 2018 \u2022 Puisette &amp; Fragile \u2022 Les Chapiteaux du Livre \u2022 Sortie Ouest \u2022 B\u00e9ziers (34)<\/p>\n<p><span style=\"color: #ff6600;\"><strong>2017-2018<\/strong><\/span><\/p>\n<p>Les 19 juillet et 9 ao\u00fbt 2018\u00a0\u2022 Les Vrilles de la Vigne \u2022 Nuits divinis\u00e9es de Vinsobres (26)<br \/>\nJuin 2018\u2022 Les Vrilles de la Vigne \u2022 reprise r\u00e9p\u00e9titions \u2022 MPT L\u00e9o Lagrange, Montpellier (34)<br \/>\nLes 7 et 8 juin 2018\u00a0\u2022 Puisette &amp; Fragile \u2022 Salon litt\u00e9rature jeunesse Par Monts et Par Mots \u2022 Auch (32)<br \/>\nLe 28 avril 2018 \u2022\u00a0\u00a0Puisette &amp; Fragile \u2022 M\u00e9diath\u00e8que \u2022 Lignan-sur-Orb (34)<br \/>\nLe 8 avril 2018 \u2022\u00a0Puisette &amp; Fragile \u2022 Festival de Part et d\u2019autre \u2022 Maison pour Tous Albert Camus \u2022 Montpellier (34)<br \/>\nDu 12 au 21 f\u00e9vrier 2018 \u2022\u00a0Puisette &amp; Fragile \u2022 Scolaires et tout public \u2022 Th\u00e9\u00e2tre La Vista \u2022 Montpellier (34)<br \/>\nLe 26 janvier 2018 \u2022\u00a0\u00a0Puisette &amp; Fragile \u2022 Ecole \u00e9l\u00e9mentaire Marc Lentillon \u2022 Ecole maternelle Le Petit Prince \u2022 Jardin (38)<br \/>\nLe 25 janvier 2018 \u2022\u00a0Puisette &amp; Fragile \u2022 Ecole Victoire Daubi\u00e9 \u2022 Chonas-l\u2019Amballan (38)<br \/>\nDu 5 au 8 janvier 2018\u00a0\u2022\u00a0Puisette &amp; Fragile \u2022 R\u00e9sidence de cr\u00e9ation des lumi\u00e8res \u2022 Th\u00e9\u00e2tre de la Vista Montpellier (34)`<br \/>\nDu 16 au 19 novembre 2017 \u2022\u00a0Puisette &amp; Fragile \u2022 R\u00e9sidence de cr\u00e9ation \u2022 La Friche de Mimi, Montpellier (34)<\/p>\n<p><span style=\"color: #ff6600;\"><strong>2016-2017<\/strong><\/span><\/p>\n<p>Le 13 juin 2017 \u2022 Puisette &amp; Fragile \u00c9tablissement public de coop\u00e9ration culturelle travail et culture\u00a0\u2022 Saint-Maurice-l\u2019Exil (38)<br \/>\nLe 23 mai 2017 \u2022 Puisette &amp; Fragile \u2022 Maison pour Tous L\u00e9o Lagrange \u2022 Montpellier (34)<br \/>\nLes 7 et 8 avril 2017 \u2022 \u00a0Puisette &amp; Fragile \u2022 La M\u00e9tairie des Arts \u2022 Saint Pantal\u00e9on-de-Larche (19)<br \/>\nDu 01 au 06 avril 2017\u2022 Puisette &amp; Fragile \u2022 R\u00e9sidence de cr\u00e9ation \u00e0 La M\u00e9tairie des Arts, Saint Pantal\u00e9on-de-Larche (19)<br \/>\nDu 06 au 10 f\u00e9vrier 2017\u2022 Puisette &amp; Fragile \u2022 R\u00e9sidence de cr\u00e9ation au coll\u00e8ge de P\u00e9ranche_St Georges d\u2019Esp\u00e9rance (38)<br \/>\nDu 23 au 27 janvier 2017\u2022 Puisette &amp; Fragile \u2022 R\u00e9sidence de cr\u00e9ation \u00e0 L\u2019Atrium_Ville de Tassin La-Demi-Lune (69)<br \/>\nDu 07 au 10 octobre 2016 \u2022 Puisette &amp; Fragile \u2022 R\u00e9sidence d&rsquo;\u00e9criture au Th\u00e9\u00e2tre La Vista, Montpellier (34)<\/p>\n<p><span style=\"color: #ff6600;\"><strong>2015-2016<\/strong><\/span><\/p>\n<p>28 juillet 2016 \u2022 Les Vrilles de la Vigne \u2022 D\u00e9gustation th\u00e9\u00e2tralis\u00e9e \u00e0 L\u2019Abbaye de Valmagne (34)<br \/>\njuin 2016 \u2022 Les Vrilles de la Vigne \u2022 Cr\u00e9ation de la version d\u00e9gustation th\u00e9\u00e2tralis\u00e9e MPT L\u00e9o Lagrange, Montpellier (34)<br \/>\nAvril 2016 \u2022 Puisette &amp; Fragile \u2022 R\u00e9sidence d&rsquo;\u00e9criture salle culturelle de Saint G\u00e9ly du Fesc (34)<\/p>\n<p><span style=\"color: #ff6600;\"><strong>2014-2015<\/strong><\/span><\/p>\n<p>Le 6 juin 2015 \u2022 Les Vrilles de la Vigne\u2022 spectacle \u00e9v\u00e9nement \u00e0 L\u2019Abbaye de Valmagne pour le congr\u00e8s national de l\u2019Union des Oenologues de France<br \/>\nAvril-mai 2015 \u2022 Les vrilles de la Vigne \u2022 cr\u00e9ation du spectacle \u00e9v\u00e8nement avec Agence de D\u00e9veloppement du Tourisme, CG 34 au Domaine des Trois Fontaines,<br \/>\nle Pouget (34)<br \/>\nLe 22 mai 2015 \u2022 La Guerre est Longue, les Jupes sont Courtes \u2022 Saint G\u00e9ly du Fesc (34)<br \/>\nDu 1 au 4 avril 2015 \u2022 La Guerre est Longue, les Jupes sont Courtes \u2022 Th\u00e9\u00e2tre de l\u2019UCHRONIE, Lyon (69)<br \/>\nF\u00e9vrier 2015 \u2022 La Guerre est Longue, les Jupes sont Courtes \u2022 reprise de cr\u00e9ation, salle culturelle Saint G\u00e9ly du Fesc (34)<br \/>\nNovembre 2014 \u2022 La Guerre est Longue, les Jupes sont Courtes \u2022 reprise de cr\u00e9ation, la Rampe, Montpellier (34)<\/p>\n<p><span style=\"color: #ff6600;\"><strong>2013-2014<\/strong><\/span><\/p>\n<p>Le 9 ao\u00fbt 2014\u2022 La Guerre est Longue, les Jupes sont Courtes \u2022La sainte amour, ville de Agde (34)<br \/>\nLe 18 mars 2014 \u2022 La Guerre est Longue, les Jupes sont Courtes \u2022 Festival ETHOS d\u2019Ankara<br \/>\nLe 17 mars 2014 \u2022 La Guerre est Longue, les Jupes sont Courtes \u2022 Lyc\u00e9e Charles de Gaule d\u2019Ankara<br \/>\nDu 9 au 19 mars 2014 \u2022 La Guerre est Longue, les Jupes sont Courtes \u2022 R\u00e9sidence de cr\u00e9ation au Lyc\u00e9e Charles de Gaulle d\u2019Ankara (Turquie)<br \/>\net projet p\u00e9dagogique autour de la cr\u00e9ation du spectacle labellis\u00e9 par la\u00a0<em>Mission Centenaire<\/em><strong>\u00a0<\/strong>de l\u2019AEFE.<\/p>\n","protected":false},"excerpt":{"rendered":"<p>2023-2024 Puisette &amp; Fragile Les 16 et 17 novembre 2023 \u2022 Salle des f\u00eates \u2022 Montespan (31) Le 18 novembre 2023 \u2022 Salon du livre \u00ab\u00a0Haltes Nomades\u00a0\u00bb \u2022 Maz\u00e8res-sur-Salat (31) Le 28 novembre 2023 \u2022 Salle municipale \u2022 Montredon-des-Corbi\u00e8res (11)<\/p>\n","protected":false},"author":1,"featured_media":0,"parent":0,"menu_order":0,"comment_status":"closed","ping_status":"closed","template":"","meta":{"footnotes":""},"aioseo_notices":[],"_links":{"self":[{"href":"https:\/\/artsvivantscieparadisiaque.fr\/index.php\/wp-json\/wp\/v2\/pages\/1049"}],"collection":[{"href":"https:\/\/artsvivantscieparadisiaque.fr\/index.php\/wp-json\/wp\/v2\/pages"}],"about":[{"href":"https:\/\/artsvivantscieparadisiaque.fr\/index.php\/wp-json\/wp\/v2\/types\/page"}],"author":[{"embeddable":true,"href":"https:\/\/artsvivantscieparadisiaque.fr\/index.php\/wp-json\/wp\/v2\/users\/1"}],"replies":[{"embeddable":true,"href":"https:\/\/artsvivantscieparadisiaque.fr\/index.php\/wp-json\/wp\/v2\/comments?post=1049"}],"version-history":[{"count":14,"href":"https:\/\/artsvivantscieparadisiaque.fr\/index.php\/wp-json\/wp\/v2\/pages\/1049\/revisions"}],"predecessor-version":[{"id":3225,"href":"https:\/\/artsvivantscieparadisiaque.fr\/index.php\/wp-json\/wp\/v2\/pages\/1049\/revisions\/3225"}],"wp:attachment":[{"href":"https:\/\/artsvivantscieparadisiaque.fr\/index.php\/wp-json\/wp\/v2\/media?parent=1049"}],"curies":[{"name":"wp","href":"https:\/\/api.w.org\/{rel}","templated":true}]}}